{"id":969,"date":"2018-08-21T21:57:56","date_gmt":"2018-08-21T19:57:56","guid":{"rendered":"https:\/\/shop.katja-verlag.de\/produkt\/import-placeholder-for-569\/"},"modified":"2024-02-24T23:41:59","modified_gmt":"2024-02-24T22:41:59","slug":"postkarte-sommergruen-p37","status":"publish","type":"product","link":"https:\/\/shop.katja-verlag.de\/en\/produkt\/postkarte-sommergruen-nr-p37\/","title":{"rendered":"Postcard \"Summergreen\" No: P37"},"content":{"rendered":"<p>Postcards DIN A6, simple, without envelope<\/p>\n<p>Postkarte Sommergr\u00fcn Gartenhaus von Ilona Reny<\/p>\n<p>Dieses Motiv ist voller frischer gr\u00fcner Bl\u00e4tter. Schmetterlinge, bunte V\u00f6gel sowie Laternen und Blumen zieren dieses Wimmelbild. All das ist wie unter Wasser in ein atmosph\u00e4risches Licht getaucht. Diese Postkarte ist f\u00fcr alle Anl\u00e4sse geeignet. Besonders sch\u00f6n ist die Karte f\u00fcr vertr\u00e4umt sommerliche Momente.<\/p>\n<p>&nbsp;<\/p>","protected":false},"excerpt":{"rendered":"<p>Postkarte Sommergr\u00fcn<\/p>\n<p>DIN A6, single, without envelope<\/p>","protected":false},"featured_media":2351,"comment_status":"open","ping_status":"closed","template":"","meta":{"site-sidebar-layout":"default","site-content-layout":"default","ast-global-header-display":"","ast-main-header-display":"","ast-hfb-above-header-display":"","ast-hfb-below-header-display":"","ast-hfb-mobile-header-display":"","site-post-title":"","ast-breadcrumbs-content":"","ast-featured-img":"","footer-sml-layout":"","theme-transparent-header-meta":"","adv-header-id-meta":"","stick-header-meta":"","header-above-stick-meta":"","header-main-stick-meta":"","header-below-stick-meta":""},"product_brand":[],"product_cat":[207],"product_tag":[],"class_list":{"0":"post-969","1":"product","2":"type-product","3":"status-publish","4":"has-post-thumbnail","6":"product_cat-postkarte-quer","7":"product_shipping_class-versandkostenpauschale","8":"desktop-align-left","9":"tablet-align-left","10":"mobile-align-left","12":"first","13":"instock","14":"taxable","15":"shipping-taxable","16":"purchasable","17":"product-type-simple"},"_links":{"self":[{"href":"https:\/\/shop.katja-verlag.de\/en\/wp-json\/wp\/v2\/product\/969","targetHints":{"allow":["GET"]}}],"collection":[{"href":"https:\/\/shop.katja-verlag.de\/en\/wp-json\/wp\/v2\/product"}],"about":[{"href":"https:\/\/shop.katja-verlag.de\/en\/wp-json\/wp\/v2\/types\/product"}],"replies":[{"embeddable":true,"href":"https:\/\/shop.katja-verlag.de\/en\/wp-json\/wp\/v2\/comments?post=969"}],"version-history":[{"count":3,"href":"https:\/\/shop.katja-verlag.de\/en\/wp-json\/wp\/v2\/product\/969\/revisions"}],"predecessor-version":[{"id":3524,"href":"https:\/\/shop.katja-verlag.de\/en\/wp-json\/wp\/v2\/product\/969\/revisions\/3524"}],"wp:featuredmedia":[{"embeddable":true,"href":"https:\/\/shop.katja-verlag.de\/en\/wp-json\/wp\/v2\/media\/2351"}],"wp:attachment":[{"href":"https:\/\/shop.katja-verlag.de\/en\/wp-json\/wp\/v2\/media?parent=969"}],"wp:term":[{"taxonomy":"product_brand","embeddable":true,"href":"https:\/\/shop.katja-verlag.de\/en\/wp-json\/wp\/v2\/product_brand?post=969"},{"taxonomy":"product_cat","embeddable":true,"href":"https:\/\/shop.katja-verlag.de\/en\/wp-json\/wp\/v2\/product_cat?post=969"},{"taxonomy":"product_tag","embeddable":true,"href":"https:\/\/shop.katja-verlag.de\/en\/wp-json\/wp\/v2\/product_tag?post=969"}],"curies":[{"name":"wp","href":"https:\/\/api.w.org\/{rel}","templated":true}]}}