{"id":8290,"date":"2025-05-04T10:07:47","date_gmt":"2025-05-04T08:07:47","guid":{"rendered":"https:\/\/shop.katja-verlag.de\/?post_type=product&#038;p=8290"},"modified":"2025-05-11T21:13:42","modified_gmt":"2025-05-11T19:13:42","slug":"artprint-doppelkarte-mit-umschlag-nr-da07","status":"publish","type":"product","link":"https:\/\/shop.katja-verlag.de\/en\/produkt\/artprint-doppelkarte-mit-umschlag-nr-da07\/","title":{"rendered":"Artprint-Doppelkarte mit Umschlag Nr.: DA07"},"content":{"rendered":"<p>Doppelkarte DIN B6, mit kleinem Artprint von Ilona Reny. mit wei\u00dfen oder farbigem Umschlag, je nach Motiv. Jede Karte ist von der K\u00fcnstlerin handsigniert. W\u00e4hlen Sie aus, ob Sie sich eine Karte in Cellophanh\u00fclle (100% kompostierbar) w\u00fcnschen oder ganz ohne H\u00fclle.<\/p>","protected":false},"excerpt":{"rendered":"<p>Doppelkarte DIN B6, mit kleinem handsignierten Artprint von Ilona Reny. mit wei\u00dfen oder farbigem Umschlag.<\/p>","protected":false},"featured_media":8079,"comment_status":"open","ping_status":"closed","template":"","meta":{"site-sidebar-layout":"default","site-content-layout":"default","ast-global-header-display":"","ast-main-header-display":"","ast-hfb-above-header-display":"","ast-hfb-below-header-display":"","ast-hfb-mobile-header-display":"","site-post-title":"","ast-breadcrumbs-content":"","ast-featured-img":"","footer-sml-layout":"","theme-transparent-header-meta":"default","adv-header-id-meta":"","stick-header-meta":"","header-above-stick-meta":"","header-main-stick-meta":"","header-below-stick-meta":""},"product_brand":[],"product_cat":[593,416],"product_tag":[],"class_list":{"0":"post-8290","1":"product","2":"type-product","3":"status-publish","4":"has-post-thumbnail","6":"product_cat-art-print-double-cards","7":"product_cat-new-products","8":"product_shipping_class-versandkostenpauschale","9":"desktop-align-left","10":"tablet-align-left","11":"mobile-align-left","13":"first","14":"instock","15":"taxable","16":"shipping-taxable","17":"purchasable","18":"product-type-variable"},"_links":{"self":[{"href":"https:\/\/shop.katja-verlag.de\/en\/wp-json\/wp\/v2\/product\/8290","targetHints":{"allow":["GET"]}}],"collection":[{"href":"https:\/\/shop.katja-verlag.de\/en\/wp-json\/wp\/v2\/product"}],"about":[{"href":"https:\/\/shop.katja-verlag.de\/en\/wp-json\/wp\/v2\/types\/product"}],"replies":[{"embeddable":true,"href":"https:\/\/shop.katja-verlag.de\/en\/wp-json\/wp\/v2\/comments?post=8290"}],"version-history":[{"count":3,"href":"https:\/\/shop.katja-verlag.de\/en\/wp-json\/wp\/v2\/product\/8290\/revisions"}],"predecessor-version":[{"id":8425,"href":"https:\/\/shop.katja-verlag.de\/en\/wp-json\/wp\/v2\/product\/8290\/revisions\/8425"}],"wp:featuredmedia":[{"embeddable":true,"href":"https:\/\/shop.katja-verlag.de\/en\/wp-json\/wp\/v2\/media\/8079"}],"wp:attachment":[{"href":"https:\/\/shop.katja-verlag.de\/en\/wp-json\/wp\/v2\/media?parent=8290"}],"wp:term":[{"taxonomy":"product_brand","embeddable":true,"href":"https:\/\/shop.katja-verlag.de\/en\/wp-json\/wp\/v2\/product_brand?post=8290"},{"taxonomy":"product_cat","embeddable":true,"href":"https:\/\/shop.katja-verlag.de\/en\/wp-json\/wp\/v2\/product_cat?post=8290"},{"taxonomy":"product_tag","embeddable":true,"href":"https:\/\/shop.katja-verlag.de\/en\/wp-json\/wp\/v2\/product_tag?post=8290"}],"curies":[{"name":"wp","href":"https:\/\/api.w.org\/{rel}","templated":true}]}}