{"id":8171,"date":"2025-05-03T18:36:03","date_gmt":"2025-05-03T16:36:03","guid":{"rendered":"https:\/\/shop.katja-verlag.de\/?post_type=product&#038;p=8171"},"modified":"2025-05-11T21:25:47","modified_gmt":"2025-05-11T19:25:47","slug":"artprint-doppelkarte-mit-umschlag-nr-da12-nur-b2b","status":"publish","type":"product","link":"https:\/\/shop.katja-verlag.de\/en\/produkt\/artprint-doppelkarte-mit-umschlag-nr-da12-nur-b2b\/","title":{"rendered":"Artprint-Doppelkarte mit Umschlag Nr.: DA12-nur b2b"},"content":{"rendered":"<p>Doppelkarte DIN B6, mit kleinem Artprint von Ilona Reny. mit wei\u00dfen oder farbigem Umschlag, je nach Motiv. Jede Karte ist von der K\u00fcnstlerin handsigniert. W\u00e4hlen Sie aus, ob Sie sich eine Karte in Cellophanh\u00fclle (100% kompostierbar) w\u00fcnschen oder ganz ohne H\u00fclle.<\/p>\n<p>Dieser Preis gilt nur f\u00fcr H\u00e4ndler. Wenn Sie kein H\u00e4ndler sind, gehen Sie bitte zur\u00fcck zur Startseite.<\/p>","protected":false},"excerpt":{"rendered":"<p>Doppelkarte DIN B6, mit kleinem handsignierten Artprint von Ilona Reny. mit wei\u00dfen oder farbigem Umschlag.<\/p>","protected":false},"featured_media":8077,"comment_status":"open","ping_status":"closed","template":"","meta":{"site-sidebar-layout":"default","site-content-layout":"default","ast-global-header-display":"","ast-main-header-display":"","ast-hfb-above-header-display":"","ast-hfb-below-header-display":"","ast-hfb-mobile-header-display":"","site-post-title":"","ast-breadcrumbs-content":"","ast-featured-img":"","footer-sml-layout":"","theme-transparent-header-meta":"default","adv-header-id-meta":"","stick-header-meta":"","header-above-stick-meta":"","header-main-stick-meta":"","header-below-stick-meta":""},"product_brand":[],"product_cat":[600,182],"product_tag":[],"class_list":{"0":"post-8171","1":"product","2":"type-product","3":"status-publish","4":"has-post-thumbnail","6":"product_cat-art-print-double-cards-nur-b2b","7":"product_cat-grusskarten-weihnachten-b2b","8":"product_shipping_class-versandkostenpauschale","9":"desktop-align-left","10":"tablet-align-left","11":"mobile-align-left","13":"first","14":"instock","15":"taxable","16":"shipping-taxable","17":"purchasable","18":"product-type-variable"},"_links":{"self":[{"href":"https:\/\/shop.katja-verlag.de\/en\/wp-json\/wp\/v2\/product\/8171","targetHints":{"allow":["GET"]}}],"collection":[{"href":"https:\/\/shop.katja-verlag.de\/en\/wp-json\/wp\/v2\/product"}],"about":[{"href":"https:\/\/shop.katja-verlag.de\/en\/wp-json\/wp\/v2\/types\/product"}],"replies":[{"embeddable":true,"href":"https:\/\/shop.katja-verlag.de\/en\/wp-json\/wp\/v2\/comments?post=8171"}],"version-history":[{"count":3,"href":"https:\/\/shop.katja-verlag.de\/en\/wp-json\/wp\/v2\/product\/8171\/revisions"}],"predecessor-version":[{"id":8450,"href":"https:\/\/shop.katja-verlag.de\/en\/wp-json\/wp\/v2\/product\/8171\/revisions\/8450"}],"wp:featuredmedia":[{"embeddable":true,"href":"https:\/\/shop.katja-verlag.de\/en\/wp-json\/wp\/v2\/media\/8077"}],"wp:attachment":[{"href":"https:\/\/shop.katja-verlag.de\/en\/wp-json\/wp\/v2\/media?parent=8171"}],"wp:term":[{"taxonomy":"product_brand","embeddable":true,"href":"https:\/\/shop.katja-verlag.de\/en\/wp-json\/wp\/v2\/product_brand?post=8171"},{"taxonomy":"product_cat","embeddable":true,"href":"https:\/\/shop.katja-verlag.de\/en\/wp-json\/wp\/v2\/product_cat?post=8171"},{"taxonomy":"product_tag","embeddable":true,"href":"https:\/\/shop.katja-verlag.de\/en\/wp-json\/wp\/v2\/product_tag?post=8171"}],"curies":[{"name":"wp","href":"https:\/\/api.w.org\/{rel}","templated":true}]}}