{"id":8037,"date":"2024-08-04T10:04:48","date_gmt":"2024-08-04T08:04:48","guid":{"rendered":"https:\/\/shop.katja-verlag.de\/?post_type=product&#038;p=8037"},"modified":"2024-11-18T07:24:59","modified_gmt":"2024-11-18T06:24:59","slug":"20-boegen-geschenkpapier-nach-wahl","status":"publish","type":"product","link":"https:\/\/shop.katja-verlag.de\/en\/produkt\/20-boegen-geschenkpapier-nach-wahl\/","title":{"rendered":"20 B\u00f6gen Geschenkpapier nach Wahl: 2.25 \u20ac pro St\u00fcck"},"content":{"rendered":"","protected":false},"excerpt":{"rendered":"<p>20 B\u00f6gen Geschenkpapier, 50 x 70 cm, gl\u00e4nzendes 100g\/m\u00b2 Papier \/ gerollt, 2,25 \u20ac\/Bogen<\/p>\n<p>Hier k\u00f6nnen Sie 7 B\u00f6gen Geschenkpapier bestellen, aufgeteilt nach Motiven, die Sie sich aussuchen. Bei einer Abnahme von 20 B\u00f6gen kostet ein Bogen 2,25 \u20ac f\u00fcr Sie.<\/p>\n<p>Bitte schreiben Sie in das Feld hier weiter unten, welche Motive Sie sich w\u00fcnschen. Alle Motive finden Sie hier: <a href=\"https:\/\/shop.katja-verlag.de\/en\/geschenkpapier\/\">https:\/\/shop.katja-verlag.de\/geschenkpapier\/<\/a> Es sind insgesamt 58 Motive. Scrollen Sie einfach nach unten und schreiben Sie sich die Motivnummern (GP01,GP02\u2026) auf, die Sie in Ihrer Sammlung haben m\u00f6chten und schreiben Sie diese dann hier ins Feld rein.<\/p>","protected":false},"featured_media":8048,"comment_status":"open","ping_status":"closed","template":"","meta":{"site-sidebar-layout":"default","site-content-layout":"default","ast-global-header-display":"","ast-main-header-display":"","ast-hfb-above-header-display":"","ast-hfb-below-header-display":"","ast-hfb-mobile-header-display":"","site-post-title":"","ast-breadcrumbs-content":"","ast-featured-img":"","footer-sml-layout":"","theme-transparent-header-meta":"","adv-header-id-meta":"","stick-header-meta":"","header-above-stick-meta":"","header-main-stick-meta":"","header-below-stick-meta":""},"product_brand":[],"product_cat":[214],"product_tag":[],"class_list":{"0":"post-8037","1":"product","2":"type-product","3":"status-publish","4":"has-post-thumbnail","6":"product_cat-geschenkpapier","7":"product_shipping_class-free-shipping","8":"desktop-align-left","9":"tablet-align-left","10":"mobile-align-left","12":"first","13":"instock","14":"taxable","15":"shipping-taxable","16":"purchasable","17":"product-type-simple"},"_links":{"self":[{"href":"https:\/\/shop.katja-verlag.de\/en\/wp-json\/wp\/v2\/product\/8037","targetHints":{"allow":["GET"]}}],"collection":[{"href":"https:\/\/shop.katja-verlag.de\/en\/wp-json\/wp\/v2\/product"}],"about":[{"href":"https:\/\/shop.katja-verlag.de\/en\/wp-json\/wp\/v2\/types\/product"}],"replies":[{"embeddable":true,"href":"https:\/\/shop.katja-verlag.de\/en\/wp-json\/wp\/v2\/comments?post=8037"}],"version-history":[{"count":4,"href":"https:\/\/shop.katja-verlag.de\/en\/wp-json\/wp\/v2\/product\/8037\/revisions"}],"predecessor-version":[{"id":8058,"href":"https:\/\/shop.katja-verlag.de\/en\/wp-json\/wp\/v2\/product\/8037\/revisions\/8058"}],"wp:featuredmedia":[{"embeddable":true,"href":"https:\/\/shop.katja-verlag.de\/en\/wp-json\/wp\/v2\/media\/8048"}],"wp:attachment":[{"href":"https:\/\/shop.katja-verlag.de\/en\/wp-json\/wp\/v2\/media?parent=8037"}],"wp:term":[{"taxonomy":"product_brand","embeddable":true,"href":"https:\/\/shop.katja-verlag.de\/en\/wp-json\/wp\/v2\/product_brand?post=8037"},{"taxonomy":"product_cat","embeddable":true,"href":"https:\/\/shop.katja-verlag.de\/en\/wp-json\/wp\/v2\/product_cat?post=8037"},{"taxonomy":"product_tag","embeddable":true,"href":"https:\/\/shop.katja-verlag.de\/en\/wp-json\/wp\/v2\/product_tag?post=8037"}],"curies":[{"name":"wp","href":"https:\/\/api.w.org\/{rel}","templated":true}]}}