{"id":7722,"date":"2024-08-04T10:04:48","date_gmt":"2024-08-04T08:04:48","guid":{"rendered":"https:\/\/shop.katja-verlag.de\/?post_type=product&#038;p=7722"},"modified":"2024-08-22T12:36:34","modified_gmt":"2024-08-22T10:36:34","slug":"75-boegen-geschenkpapier-gp02-nur-b2b","status":"publish","type":"product","link":"https:\/\/shop.katja-verlag.de\/en\/produkt\/75-boegen-geschenkpapier-nach-wahl-nur-b2b\/","title":{"rendered":"75 B\u00f6gen Geschenkpapier nach Wahl &#8211; nur b2b"},"content":{"rendered":"","protected":false},"excerpt":{"rendered":"<p>75 B\u00f6gen Geschenkpapier, 50 x 70 cm, gl\u00e4nzendes 100g\/m\u00b2 Papier \/ gerollt, 1,05 \u20ac\/Bogen<\/p>\n<p>Hier k\u00f6nnen Sie 75 B\u00f6gen Geschenkpapier bestellen, aufgeteilt nach Motiven, die Sie sich aussuchen. Bei einer Abnahme von 75 B\u00f6gen kostet ein Bogen 1,05 \u20ac f\u00fcr Sie.<\/p>\n<p>Bitte schreiben Sie in das Feld hier auf der Produktseite, welche Motive Sie sich w\u00fcnschen. Alle Motive finden Sie hier: <a href=\"https:\/\/shop.katja-verlag.de\/en\/geschenkpapier-b2b\/\" target=\"_blank\" rel=\"noopener\">https:\/\/shop.katja-verlag.de\/geschenkpapier-b2b\/<\/a> Es sind insgesamt 58 Motive. Scrollen Sie einfach nach unten und schreiben Sie sich die Motivnummern (GP01,GP02\u2026) auf, die Sie in Ihrer Sammlung haben m\u00f6chten und schreiben Sie diese dann hier ins Feld rein. Wir teilen die dann so auf, dass genau 75 B\u00f6gen dabei herauskommen. Sie k\u00f6nnen uns auch schreiben: &#8222;Bitte nur weihnachtliche Motive&#8220;. Wir stellen eine Sammlung nach Ihren W\u00fcnschen zusammen.<\/p>\n<p>Dieser Preis gilt nur f\u00fcr b2b-Kunden, den regul\u00e4ren Preis erhalten Sie hier: <a href=\"https:\/\/shop.katja-verlag.de\/en\/geschenkpapier\/\">https:\/\/shop.katja-verlag.de\/geschenkpapier\/<\/a><\/p>","protected":false},"featured_media":7732,"comment_status":"open","ping_status":"closed","template":"","meta":{"site-sidebar-layout":"default","site-content-layout":"default","ast-global-header-display":"","ast-main-header-display":"","ast-hfb-above-header-display":"","ast-hfb-below-header-display":"","ast-hfb-mobile-header-display":"","site-post-title":"","ast-breadcrumbs-content":"","ast-featured-img":"","footer-sml-layout":"","theme-transparent-header-meta":"default","adv-header-id-meta":"","stick-header-meta":"","header-above-stick-meta":"","header-main-stick-meta":"","header-below-stick-meta":""},"product_brand":[],"product_cat":[277],"product_tag":[],"class_list":{"0":"post-7722","1":"product","2":"type-product","3":"status-publish","4":"has-post-thumbnail","6":"product_cat-geschenkpapier-b2b","7":"product_shipping_class-versandkostenpauschale-b2b","8":"desktop-align-left","9":"tablet-align-left","10":"mobile-align-left","12":"first","13":"instock","14":"taxable","15":"shipping-taxable","16":"purchasable","17":"product-type-simple"},"_links":{"self":[{"href":"https:\/\/shop.katja-verlag.de\/en\/wp-json\/wp\/v2\/product\/7722","targetHints":{"allow":["GET"]}}],"collection":[{"href":"https:\/\/shop.katja-verlag.de\/en\/wp-json\/wp\/v2\/product"}],"about":[{"href":"https:\/\/shop.katja-verlag.de\/en\/wp-json\/wp\/v2\/types\/product"}],"replies":[{"embeddable":true,"href":"https:\/\/shop.katja-verlag.de\/en\/wp-json\/wp\/v2\/comments?post=7722"}],"version-history":[{"count":6,"href":"https:\/\/shop.katja-verlag.de\/en\/wp-json\/wp\/v2\/product\/7722\/revisions"}],"predecessor-version":[{"id":7901,"href":"https:\/\/shop.katja-verlag.de\/en\/wp-json\/wp\/v2\/product\/7722\/revisions\/7901"}],"wp:featuredmedia":[{"embeddable":true,"href":"https:\/\/shop.katja-verlag.de\/en\/wp-json\/wp\/v2\/media\/7732"}],"wp:attachment":[{"href":"https:\/\/shop.katja-verlag.de\/en\/wp-json\/wp\/v2\/media?parent=7722"}],"wp:term":[{"taxonomy":"product_brand","embeddable":true,"href":"https:\/\/shop.katja-verlag.de\/en\/wp-json\/wp\/v2\/product_brand?post=7722"},{"taxonomy":"product_cat","embeddable":true,"href":"https:\/\/shop.katja-verlag.de\/en\/wp-json\/wp\/v2\/product_cat?post=7722"},{"taxonomy":"product_tag","embeddable":true,"href":"https:\/\/shop.katja-verlag.de\/en\/wp-json\/wp\/v2\/product_tag?post=7722"}],"curies":[{"name":"wp","href":"https:\/\/api.w.org\/{rel}","templated":true}]}}