{"id":7372,"date":"2019-10-17T23:53:15","date_gmt":"2019-10-17T21:53:15","guid":{"rendered":"https:\/\/shop.katja-verlag.de\/?post_type=product&#038;p=7372"},"modified":"2025-09-18T14:31:16","modified_gmt":"2025-09-18T12:31:16","slug":"adventskalender-als-doppelkarte-nr-dk-05-dunkelgruen","status":"publish","type":"product","link":"https:\/\/shop.katja-verlag.de\/en\/produkt\/adventskalender-als-doppelkarte-nr-dk-05-dunkelgruen\/","title":{"rendered":"Adventskalender als Doppelkarte Nr.: DK 05 wei\u00df"},"content":{"rendered":"<p>Adventskalender &#8222;Gr\u00fcnes Weihnachten&#8220; von Ilona Reny. Dieser Adventskalender zeigt kleine Weihnachtsm\u00e4nner, die Schaukelpferde reiten und Skateboard fahren. Au\u00dferdem sehen wir viele Geschenke, Schlitten, Weihnachtskugeln und sogar Schmetterlinge.<\/p>\n<p>Advent calendar as double card B6 format with envelope, individually cellophaned<\/p>","protected":false},"excerpt":{"rendered":"<p>Adventskalender &#8222;Gr\u00fcnes Weihnachten&#8220; von Ilona Reny<\/p>\n<p>Adventskalender als Doppelkarte B6-Format mit Umschlag, einzeln cellophaniert, Art.-Nr.DK 05<\/p>","protected":false},"featured_media":8513,"comment_status":"open","ping_status":"closed","template":"","meta":{"site-sidebar-layout":"default","site-content-layout":"default","ast-global-header-display":"","ast-main-header-display":"","ast-hfb-above-header-display":"","ast-hfb-below-header-display":"","ast-hfb-mobile-header-display":"","site-post-title":"","ast-breadcrumbs-content":"","ast-featured-img":"","footer-sml-layout":"","theme-transparent-header-meta":"","adv-header-id-meta":"","stick-header-meta":"","header-above-stick-meta":"","header-main-stick-meta":"","header-below-stick-meta":""},"product_brand":[],"product_cat":[191],"product_tag":[],"class_list":{"0":"post-7372","1":"product","2":"type-product","3":"status-publish","4":"has-post-thumbnail","6":"product_cat-adventskalender","7":"product_shipping_class-versandkostenpauschale","8":"desktop-align-left","9":"tablet-align-left","10":"mobile-align-left","12":"first","13":"instock","14":"taxable","15":"shipping-taxable","16":"purchasable","17":"product-type-simple"},"_links":{"self":[{"href":"https:\/\/shop.katja-verlag.de\/en\/wp-json\/wp\/v2\/product\/7372","targetHints":{"allow":["GET"]}}],"collection":[{"href":"https:\/\/shop.katja-verlag.de\/en\/wp-json\/wp\/v2\/product"}],"about":[{"href":"https:\/\/shop.katja-verlag.de\/en\/wp-json\/wp\/v2\/types\/product"}],"replies":[{"embeddable":true,"href":"https:\/\/shop.katja-verlag.de\/en\/wp-json\/wp\/v2\/comments?post=7372"}],"version-history":[{"count":3,"href":"https:\/\/shop.katja-verlag.de\/en\/wp-json\/wp\/v2\/product\/7372\/revisions"}],"predecessor-version":[{"id":8514,"href":"https:\/\/shop.katja-verlag.de\/en\/wp-json\/wp\/v2\/product\/7372\/revisions\/8514"}],"wp:featuredmedia":[{"embeddable":true,"href":"https:\/\/shop.katja-verlag.de\/en\/wp-json\/wp\/v2\/media\/8513"}],"wp:attachment":[{"href":"https:\/\/shop.katja-verlag.de\/en\/wp-json\/wp\/v2\/media?parent=7372"}],"wp:term":[{"taxonomy":"product_brand","embeddable":true,"href":"https:\/\/shop.katja-verlag.de\/en\/wp-json\/wp\/v2\/product_brand?post=7372"},{"taxonomy":"product_cat","embeddable":true,"href":"https:\/\/shop.katja-verlag.de\/en\/wp-json\/wp\/v2\/product_cat?post=7372"},{"taxonomy":"product_tag","embeddable":true,"href":"https:\/\/shop.katja-verlag.de\/en\/wp-json\/wp\/v2\/product_tag?post=7372"}],"curies":[{"name":"wp","href":"https:\/\/api.w.org\/{rel}","templated":true}]}}