{"id":7290,"date":"2024-08-05T08:07:43","date_gmt":"2024-08-05T06:07:43","guid":{"rendered":"https:\/\/shop.katja-verlag.de\/?post_type=product&#038;p=7290"},"modified":"2024-08-07T22:44:09","modified_gmt":"2024-08-07T20:44:09","slug":"mappe-a4-warm-morning-light-nr-fa403","status":"publish","type":"product","link":"https:\/\/shop.katja-verlag.de\/en\/produkt\/mappe-a4-warm-morning-light-nr-fa403\/","title":{"rendered":"Mappe A4 \u201cWarm Morning Light\u201d Nr.: FA403"},"content":{"rendered":"<p>Sie suchen eine besonders sch\u00f6ne Mappe f\u00fcr Ihre Unterlagen? Diese hier l\u00e4sst Sie in eine m\u00e4rchenhaft-mystische Stimmung eintauchen. Warm rosa-beiges Licht, kleine Feen, die herumfliegen, verschiedene V\u00f6gel, Fische, abstrakte Geb\u00e4ude, B\u00e4ume, Pflanzen, Blumen und Schmetterlinge machen die Mappe interessant und inspirieren dazu, kreativ zu denken. Sie k\u00f6nnen es f\u00fcr die Schule, f\u00fcrs Studium, f\u00fcr Ihre Arbeit und f\u00fcr kreative Projekte verwenden. So werden Ihre Unterlagen ansprechend und sch\u00f6n sortiert.<\/p>","protected":false},"excerpt":{"rendered":"<ul>\n<li>geeignet f\u00fcr Notizen im DIN A4-Format und kleiner<\/li>\n<li>stabile, gl\u00e4nzende Oberfl\u00e4che, die Mappe bleibt lange sch\u00f6n<\/li>\n<li>mit Liebe produziert in Deutschland, umweltneutraler Druck und Versand<\/li>\n<\/ul>\n<p>erh\u00e4ltlich in 2 Varianten:<\/p>\n<ol>\n<li>ohne Laschen, nur mit Gummi<\/li>\n<li>mit Laschen und Gummi, f\u00fcr mehr Halt f\u00fcr Ihre Unterlagen<\/li>\n<\/ol>\n<p>&nbsp;<\/p>","protected":false},"featured_media":7298,"comment_status":"open","ping_status":"closed","template":"","meta":{"site-sidebar-layout":"default","site-content-layout":"default","ast-global-header-display":"","ast-main-header-display":"","ast-hfb-above-header-display":"","ast-hfb-below-header-display":"","ast-hfb-mobile-header-display":"","site-post-title":"","ast-breadcrumbs-content":"","ast-featured-img":"","footer-sml-layout":"","theme-transparent-header-meta":"default","adv-header-id-meta":"","stick-header-meta":"","header-above-stick-meta":"","header-main-stick-meta":"","header-below-stick-meta":""},"product_brand":[],"product_cat":[502,416],"product_tag":[],"class_list":{"0":"post-7290","1":"product","2":"type-product","3":"status-publish","4":"has-post-thumbnail","6":"product_cat-folders","7":"product_cat-new-products","8":"product_shipping_class-versandkostenpauschale","9":"desktop-align-left","10":"tablet-align-left","11":"mobile-align-left","13":"first","14":"instock","15":"taxable","16":"shipping-taxable","17":"purchasable","18":"product-type-variable"},"_links":{"self":[{"href":"https:\/\/shop.katja-verlag.de\/en\/wp-json\/wp\/v2\/product\/7290","targetHints":{"allow":["GET"]}}],"collection":[{"href":"https:\/\/shop.katja-verlag.de\/en\/wp-json\/wp\/v2\/product"}],"about":[{"href":"https:\/\/shop.katja-verlag.de\/en\/wp-json\/wp\/v2\/types\/product"}],"replies":[{"embeddable":true,"href":"https:\/\/shop.katja-verlag.de\/en\/wp-json\/wp\/v2\/comments?post=7290"}],"version-history":[{"count":4,"href":"https:\/\/shop.katja-verlag.de\/en\/wp-json\/wp\/v2\/product\/7290\/revisions"}],"predecessor-version":[{"id":7337,"href":"https:\/\/shop.katja-verlag.de\/en\/wp-json\/wp\/v2\/product\/7290\/revisions\/7337"}],"wp:featuredmedia":[{"embeddable":true,"href":"https:\/\/shop.katja-verlag.de\/en\/wp-json\/wp\/v2\/media\/7298"}],"wp:attachment":[{"href":"https:\/\/shop.katja-verlag.de\/en\/wp-json\/wp\/v2\/media?parent=7290"}],"wp:term":[{"taxonomy":"product_brand","embeddable":true,"href":"https:\/\/shop.katja-verlag.de\/en\/wp-json\/wp\/v2\/product_brand?post=7290"},{"taxonomy":"product_cat","embeddable":true,"href":"https:\/\/shop.katja-verlag.de\/en\/wp-json\/wp\/v2\/product_cat?post=7290"},{"taxonomy":"product_tag","embeddable":true,"href":"https:\/\/shop.katja-verlag.de\/en\/wp-json\/wp\/v2\/product_tag?post=7290"}],"curies":[{"name":"wp","href":"https:\/\/api.w.org\/{rel}","templated":true}]}}