{"id":7233,"date":"2024-08-05T08:07:43","date_gmt":"2024-08-05T06:07:43","guid":{"rendered":"https:\/\/shop.katja-verlag.de\/?post_type=product&#038;p=7233"},"modified":"2024-08-05T08:58:17","modified_gmt":"2024-08-05T06:58:17","slug":"notizheft-a4time-machine-nr-nba403","status":"publish","type":"product","link":"https:\/\/shop.katja-verlag.de\/en\/produkt\/notizheft-a4time-machine-nr-nba403\/","title":{"rendered":"Notizheft A4\u201cTime Machine\u201d Nr.: NBA403"},"content":{"rendered":"<p>Sie suchen ein besonders sch\u00f6nes Heft f\u00fcr Ihre Notizen? Dieses hier l\u00e4sst Sie in eine m\u00e4rchenhaft-mystische Stimmung eintauchen und es macht einfach Spa\u00df, darin zu schreiben. Verschiedene V\u00f6gel, Fische, abstrakte Geb\u00e4ude, B\u00e4ume, Pflanzen, Blumen und Schmetterlinge machen das Heft interessant und inspirieren dazu, kreativ zu denken. Sie k\u00f6nnen es f\u00fcr die Schule, f\u00fcrs Studium und f\u00fcr alle anderen Notizen verwenden, f\u00fcr welche ein Heft am besten geeignet ist.<\/p>","protected":false},"excerpt":{"rendered":"<ul>\n<li>DIN A4-Format<\/li>\n<li>64 Seiten<\/li>\n<li>Klammerheftung<\/li>\n<li>mit beschreibbarem Feld vorne<\/li>\n<li>mit Liebe handgemacht in Deutschland<\/li>\n<\/ul>\n<p>erh\u00e4ltlich in 2 Varianten:<\/p>\n<ol>\n<li>blanko: das sind creme-farbige Seiten ohne Lineatur oder<\/li>\n<li>dotted: das ist die beliebte gepunktete Lineatur<\/li>\n<\/ol>\n<p>&nbsp;<\/p>","protected":false},"featured_media":7220,"comment_status":"open","ping_status":"closed","template":"","meta":{"site-sidebar-layout":"default","site-content-layout":"default","ast-global-header-display":"","ast-main-header-display":"","ast-hfb-above-header-display":"","ast-hfb-below-header-display":"","ast-hfb-mobile-header-display":"","site-post-title":"","ast-breadcrumbs-content":"","ast-featured-img":"","footer-sml-layout":"","theme-transparent-header-meta":"default","adv-header-id-meta":"","stick-header-meta":"","header-above-stick-meta":"","header-main-stick-meta":"","header-below-stick-meta":""},"product_brand":[],"product_cat":[416,506],"product_tag":[],"class_list":{"0":"post-7233","1":"product","2":"type-product","3":"status-publish","4":"has-post-thumbnail","6":"product_cat-new-products","7":"product_cat-notebooks-a4","8":"product_shipping_class-versandkostenpauschale","9":"desktop-align-left","10":"tablet-align-left","11":"mobile-align-left","13":"first","14":"instock","15":"taxable","16":"shipping-taxable","17":"purchasable","18":"product-type-variable"},"_links":{"self":[{"href":"https:\/\/shop.katja-verlag.de\/en\/wp-json\/wp\/v2\/product\/7233","targetHints":{"allow":["GET"]}}],"collection":[{"href":"https:\/\/shop.katja-verlag.de\/en\/wp-json\/wp\/v2\/product"}],"about":[{"href":"https:\/\/shop.katja-verlag.de\/en\/wp-json\/wp\/v2\/types\/product"}],"replies":[{"embeddable":true,"href":"https:\/\/shop.katja-verlag.de\/en\/wp-json\/wp\/v2\/comments?post=7233"}],"version-history":[{"count":3,"href":"https:\/\/shop.katja-verlag.de\/en\/wp-json\/wp\/v2\/product\/7233\/revisions"}],"predecessor-version":[{"id":7240,"href":"https:\/\/shop.katja-verlag.de\/en\/wp-json\/wp\/v2\/product\/7233\/revisions\/7240"}],"wp:featuredmedia":[{"embeddable":true,"href":"https:\/\/shop.katja-verlag.de\/en\/wp-json\/wp\/v2\/media\/7220"}],"wp:attachment":[{"href":"https:\/\/shop.katja-verlag.de\/en\/wp-json\/wp\/v2\/media?parent=7233"}],"wp:term":[{"taxonomy":"product_brand","embeddable":true,"href":"https:\/\/shop.katja-verlag.de\/en\/wp-json\/wp\/v2\/product_brand?post=7233"},{"taxonomy":"product_cat","embeddable":true,"href":"https:\/\/shop.katja-verlag.de\/en\/wp-json\/wp\/v2\/product_cat?post=7233"},{"taxonomy":"product_tag","embeddable":true,"href":"https:\/\/shop.katja-verlag.de\/en\/wp-json\/wp\/v2\/product_tag?post=7233"}],"curies":[{"name":"wp","href":"https:\/\/api.w.org\/{rel}","templated":true}]}}