{"id":7067,"date":"2024-08-04T10:04:41","date_gmt":"2024-08-04T08:04:41","guid":{"rendered":"https:\/\/shop.katja-verlag.de\/?post_type=product&#038;p=7067"},"modified":"2024-08-22T12:42:21","modified_gmt":"2024-08-22T10:42:21","slug":"10-boegen-geschenkpapier-gp44-nur-b2b","status":"publish","type":"product","link":"https:\/\/shop.katja-verlag.de\/en\/produkt\/10-boegen-geschenkpapier-gp44-nur-b2b\/","title":{"rendered":"Geschenkpapier GP44 &#8211; nur b2b"},"content":{"rendered":"","protected":false},"excerpt":{"rendered":"<p>Geschenkpapiermotiv: Das hier ist nur ein Motiv f\u00fcr Sie zum Aussuchen. Um Geschenkpapier zu bestellen, bestellen Sie bitte entweder <a href=\"https:\/\/shop.katja-verlag.de\/en\/product\/100-boegen-geschenkpapier-nach-wahl-nur-b2b\/\" target=\"_blank\" rel=\"noopener\">hier: 100 B\u00f6gen (0,95\u20ac pro Bogen)<\/a> oder <a href=\"https:\/\/shop.katja-verlag.de\/en\/product\/75-boegen-geschenkpapier-nach-wahl-nur-b2b\/\" target=\"_blank\" rel=\"noopener\">hier: 75 B\u00f6gen (1,05 \u20ac pro Bogen)<\/a> und tragen dann dort ein, welche Motive Sie sich ausgesucht haben. Wir haben insgesamt 58 Motive.<\/p>\n<p>Diese Preise gelten nur f\u00fcr H\u00e4ndler. Wenn Sie kein H\u00e4ndler sind, so k\u00f6nnen Sie Geschenkpapier hier bestellen: <a href=\"https:\/\/shop.katja-verlag.de\/en\/geschenkpapier\/\" target=\"_blank\" rel=\"noopener\">https:\/\/shop.katja-verlag.de\/geschenkpapier\/<\/a><\/p>","protected":false},"featured_media":6860,"comment_status":"open","ping_status":"closed","template":"","meta":{"site-sidebar-layout":"default","site-content-layout":"default","ast-global-header-display":"","ast-main-header-display":"","ast-hfb-above-header-display":"","ast-hfb-below-header-display":"","ast-hfb-mobile-header-display":"","site-post-title":"","ast-breadcrumbs-content":"","ast-featured-img":"","footer-sml-layout":"","theme-transparent-header-meta":"","adv-header-id-meta":"","stick-header-meta":"","header-above-stick-meta":"","header-main-stick-meta":"","header-below-stick-meta":""},"product_brand":[],"product_cat":[277],"product_tag":[],"class_list":{"0":"post-7067","1":"product","2":"type-product","3":"status-publish","4":"has-post-thumbnail","6":"product_cat-geschenkpapier-b2b","7":"product_shipping_class-versandkostenpauschale-b2b","8":"desktop-align-left","9":"tablet-align-left","10":"mobile-align-left","12":"first","13":"instock","14":"taxable","15":"shipping-taxable","16":"product-type-simple"},"_links":{"self":[{"href":"https:\/\/shop.katja-verlag.de\/en\/wp-json\/wp\/v2\/product\/7067","targetHints":{"allow":["GET"]}}],"collection":[{"href":"https:\/\/shop.katja-verlag.de\/en\/wp-json\/wp\/v2\/product"}],"about":[{"href":"https:\/\/shop.katja-verlag.de\/en\/wp-json\/wp\/v2\/types\/product"}],"replies":[{"embeddable":true,"href":"https:\/\/shop.katja-verlag.de\/en\/wp-json\/wp\/v2\/comments?post=7067"}],"version-history":[{"count":7,"href":"https:\/\/shop.katja-verlag.de\/en\/wp-json\/wp\/v2\/product\/7067\/revisions"}],"predecessor-version":[{"id":7976,"href":"https:\/\/shop.katja-verlag.de\/en\/wp-json\/wp\/v2\/product\/7067\/revisions\/7976"}],"wp:featuredmedia":[{"embeddable":true,"href":"https:\/\/shop.katja-verlag.de\/en\/wp-json\/wp\/v2\/media\/6860"}],"wp:attachment":[{"href":"https:\/\/shop.katja-verlag.de\/en\/wp-json\/wp\/v2\/media?parent=7067"}],"wp:term":[{"taxonomy":"product_brand","embeddable":true,"href":"https:\/\/shop.katja-verlag.de\/en\/wp-json\/wp\/v2\/product_brand?post=7067"},{"taxonomy":"product_cat","embeddable":true,"href":"https:\/\/shop.katja-verlag.de\/en\/wp-json\/wp\/v2\/product_cat?post=7067"},{"taxonomy":"product_tag","embeddable":true,"href":"https:\/\/shop.katja-verlag.de\/en\/wp-json\/wp\/v2\/product_tag?post=7067"}],"curies":[{"name":"wp","href":"https:\/\/api.w.org\/{rel}","templated":true}]}}