{"id":6268,"date":"2024-03-03T15:28:08","date_gmt":"2024-03-03T14:28:08","guid":{"rendered":"https:\/\/shop.katja-verlag.de\/?post_type=product&#038;p=6268"},"modified":"2024-03-04T07:12:42","modified_gmt":"2024-03-04T06:12:42","slug":"art-print-poster-insel-wimmelbild-nr-16","status":"publish","type":"product","link":"https:\/\/shop.katja-verlag.de\/en\/produkt\/art-print-poster-insel-wimmelbild-nr-16\/","title":{"rendered":"Art Print\/Poster &#8222;Insel Wimmelbild&#8220; Nr. 16"},"content":{"rendered":"<p>Art Print\/Poster &#8222;Insel Wimmelbild&#8220; Nr. 16<\/p>\n<p>erh\u00e4ltlich als Gicl\u00e9e Art Print oder als Poster in folgenden Formaten incl. wei\u00dfem Rand. Die Gr\u00f6\u00dfe des Druckes bezieht sich auf Bild+Rand = Gr\u00f6\u00dfe des Druckes:<\/p>\n<p>15&#215;20 cm \/ 5,9&#8243;x7,9&#8243;<br \/>\n30&#215;40 cm \/ 11,8&#8243;x15x7&#8243;<br \/>\n45&#215;60 cm \/ 17,7&#8243;x23,6&#8243;<br \/>\n60&#215;80 cm \/ 23,6&#8243;x31,5&#8243;<br \/>\n75&#215;100 cm \/ 29,5&#8243;x39,4&#8243;<br \/>\n90&#215;120 cm \/ 35,4&#8243;x47,2&#8243;<br \/>\n105&#215;140 cm \/ 41,3&#8243;x55,1&#8243;<\/p>\n<p>Es wird auf Bestellung gedruckt (POD). Das Produkt wird aus Deutschland gerollt versendet.<\/p>\n<p>Materialien:<br \/>\nArt Print: 12 Farben Gicl\u00e9e-Druck auf Ilford Galerie Gold Fibre Gloss 310g<br \/>\nPoster: hochwertiger Digitaldruck 200 g Fotopapier gl\u00e4nzend<\/p>\n<p>Wenn Sie ein besonderes Papier oder besondere Ma\u00dfe w\u00fcnschen, fragen Sie es gerne bei uns an. Da die Drucke immer erst auf Bestellung produziert werden, sind Sonderw\u00fcnsche umsetzbar und willkommen.<\/p>","protected":false},"excerpt":{"rendered":"<p>Art Print\/Poster &#8222;Insel Wimmelbild&#8220; Nr. 16<\/p>","protected":false},"featured_media":6291,"comment_status":"open","ping_status":"closed","template":"","meta":{"site-sidebar-layout":"default","site-content-layout":"default","ast-global-header-display":"","ast-main-header-display":"","ast-hfb-above-header-display":"","ast-hfb-below-header-display":"","ast-hfb-mobile-header-display":"","site-post-title":"","ast-breadcrumbs-content":"","ast-featured-img":"","footer-sml-layout":"","theme-transparent-header-meta":"default","adv-header-id-meta":"","stick-header-meta":"","header-above-stick-meta":"","header-main-stick-meta":"","header-below-stick-meta":""},"product_brand":[],"product_cat":[519,416,215],"product_tag":[],"class_list":{"0":"post-6268","1":"product","2":"type-product","3":"status-publish","4":"has-post-thumbnail","6":"product_cat-art-print","7":"product_cat-new-products","8":"product_cat-poster-hochkant","9":"product_shipping_class-versandkostenpauschale","10":"desktop-align-left","11":"tablet-align-left","12":"mobile-align-left","14":"first","15":"instock","16":"taxable","17":"shipping-taxable","18":"purchasable","19":"product-type-variable"},"_links":{"self":[{"href":"https:\/\/shop.katja-verlag.de\/en\/wp-json\/wp\/v2\/product\/6268","targetHints":{"allow":["GET"]}}],"collection":[{"href":"https:\/\/shop.katja-verlag.de\/en\/wp-json\/wp\/v2\/product"}],"about":[{"href":"https:\/\/shop.katja-verlag.de\/en\/wp-json\/wp\/v2\/types\/product"}],"replies":[{"embeddable":true,"href":"https:\/\/shop.katja-verlag.de\/en\/wp-json\/wp\/v2\/comments?post=6268"}],"version-history":[{"count":2,"href":"https:\/\/shop.katja-verlag.de\/en\/wp-json\/wp\/v2\/product\/6268\/revisions"}],"predecessor-version":[{"id":6302,"href":"https:\/\/shop.katja-verlag.de\/en\/wp-json\/wp\/v2\/product\/6268\/revisions\/6302"}],"wp:featuredmedia":[{"embeddable":true,"href":"https:\/\/shop.katja-verlag.de\/en\/wp-json\/wp\/v2\/media\/6291"}],"wp:attachment":[{"href":"https:\/\/shop.katja-verlag.de\/en\/wp-json\/wp\/v2\/media?parent=6268"}],"wp:term":[{"taxonomy":"product_brand","embeddable":true,"href":"https:\/\/shop.katja-verlag.de\/en\/wp-json\/wp\/v2\/product_brand?post=6268"},{"taxonomy":"product_cat","embeddable":true,"href":"https:\/\/shop.katja-verlag.de\/en\/wp-json\/wp\/v2\/product_cat?post=6268"},{"taxonomy":"product_tag","embeddable":true,"href":"https:\/\/shop.katja-verlag.de\/en\/wp-json\/wp\/v2\/product_tag?post=6268"}],"curies":[{"name":"wp","href":"https:\/\/api.w.org\/{rel}","templated":true}]}}