{"id":6054,"date":"2024-03-02T13:21:11","date_gmt":"2024-03-02T12:21:11","guid":{"rendered":"https:\/\/shop.katja-verlag.de\/?post_type=product&#038;p=6054"},"modified":"2024-03-02T13:32:01","modified_gmt":"2024-03-02T12:32:01","slug":"katzen-treffen-sich-giclee-art-print-poster-ilona-reny-nr-06","status":"publish","type":"product","link":"https:\/\/shop.katja-verlag.de\/en\/produkt\/katzen-treffen-sich-giclee-art-print-poster-ilona-reny-nr-06\/","title":{"rendered":"Katzen treffen sich Gicl\u00e9e Art Print Poster Ilona Reny: Nr.06"},"content":{"rendered":"<p>Katzen treffen sich Gicl\u00e9e Art Print Poster Ilona Reny: Nr.06<br \/>\nerh\u00e4ltlich als Gicl\u00e9e Art Print oder als Poster in Formaten DIN A4 &#8211; DIN A1 incl. wei\u00dfem Rand.<\/p>\n<p>Es wird auf Bestellung gedruckt (POD). Das Produkt wird aus Deutschland gerollt versendet.<\/p>\n<p>Materialien:<br \/>\nArt Print: 12 Farben Gicl\u00e9e-Druck auf Hahnem\u00fchle Fine Art Pearl 285 g<br \/>\nPoster: hochwertiger Digitaldruck 200 g Fotopapier gl\u00e4nzend<\/p>\n<p>Wenn Sie ein besonderes Papier oder besondere Ma\u00dfe w\u00fcnschen, fragen Sie es gerne bei uns an. Da die Drucke immer erst auf Bestellung produziert werden, sind Sonderw\u00fcnsche umsetzbar und willkommen.<\/p>\n<p>&nbsp;<\/p>","protected":false},"excerpt":{"rendered":"<p>Katzen treffen sich Gicl\u00e9e Art Print Poster Ilona Reny: Nr.06<\/p>","protected":false},"featured_media":6073,"comment_status":"open","ping_status":"closed","template":"","meta":{"site-sidebar-layout":"default","site-content-layout":"default","ast-global-header-display":"","ast-main-header-display":"","ast-hfb-above-header-display":"","ast-hfb-below-header-display":"","ast-hfb-mobile-header-display":"","site-post-title":"","ast-breadcrumbs-content":"","ast-featured-img":"","footer-sml-layout":"","theme-transparent-header-meta":"default","adv-header-id-meta":"","stick-header-meta":"","header-above-stick-meta":"","header-main-stick-meta":"","header-below-stick-meta":""},"product_brand":[],"product_cat":[519,416,215],"product_tag":[],"class_list":{"0":"post-6054","1":"product","2":"type-product","3":"status-publish","4":"has-post-thumbnail","6":"product_cat-art-print","7":"product_cat-new-products","8":"product_cat-poster-hochkant","9":"product_shipping_class-versandkostenpauschale","10":"desktop-align-left","11":"tablet-align-left","12":"mobile-align-left","14":"first","15":"instock","16":"taxable","17":"shipping-taxable","18":"purchasable","19":"product-type-variable"},"_links":{"self":[{"href":"https:\/\/shop.katja-verlag.de\/en\/wp-json\/wp\/v2\/product\/6054","targetHints":{"allow":["GET"]}}],"collection":[{"href":"https:\/\/shop.katja-verlag.de\/en\/wp-json\/wp\/v2\/product"}],"about":[{"href":"https:\/\/shop.katja-verlag.de\/en\/wp-json\/wp\/v2\/types\/product"}],"replies":[{"embeddable":true,"href":"https:\/\/shop.katja-verlag.de\/en\/wp-json\/wp\/v2\/comments?post=6054"}],"version-history":[{"count":2,"href":"https:\/\/shop.katja-verlag.de\/en\/wp-json\/wp\/v2\/product\/6054\/revisions"}],"predecessor-version":[{"id":6083,"href":"https:\/\/shop.katja-verlag.de\/en\/wp-json\/wp\/v2\/product\/6054\/revisions\/6083"}],"wp:featuredmedia":[{"embeddable":true,"href":"https:\/\/shop.katja-verlag.de\/en\/wp-json\/wp\/v2\/media\/6073"}],"wp:attachment":[{"href":"https:\/\/shop.katja-verlag.de\/en\/wp-json\/wp\/v2\/media?parent=6054"}],"wp:term":[{"taxonomy":"product_brand","embeddable":true,"href":"https:\/\/shop.katja-verlag.de\/en\/wp-json\/wp\/v2\/product_brand?post=6054"},{"taxonomy":"product_cat","embeddable":true,"href":"https:\/\/shop.katja-verlag.de\/en\/wp-json\/wp\/v2\/product_cat?post=6054"},{"taxonomy":"product_tag","embeddable":true,"href":"https:\/\/shop.katja-verlag.de\/en\/wp-json\/wp\/v2\/product_tag?post=6054"}],"curies":[{"name":"wp","href":"https:\/\/api.w.org\/{rel}","templated":true}]}}