{"id":5847,"date":"2024-02-25T14:10:18","date_gmt":"2024-02-25T13:10:18","guid":{"rendered":"https:\/\/shop.katja-verlag.de\/?post_type=product&#038;p=5847"},"modified":"2024-02-25T15:28:07","modified_gmt":"2024-02-25T14:28:07","slug":"art-print-poster-floral-art-print-nr-1-ilona-reny","status":"publish","type":"product","link":"https:\/\/shop.katja-verlag.de\/en\/produkt\/art-print-poster-floral-art-print-nr-1-ilona-reny\/","title":{"rendered":"Art Print\/Poster &#8222;Floral Art Print&#8220; Nr. 1 Ilona Reny"},"content":{"rendered":"<p>Art Print \/ Poster &#8222;Floral Art Print&#8220; Nr. 1 Ilona Reny<\/p>\n<p>erh\u00e4ltlich als Gicl\u00e9e Art Print oder als Poster in Formaten DIN A4 &#8211; DIN A1 incl. wei\u00dfem Rand.<\/p>\n<p>Es wird auf Bestellung gedruckt (POD). Das Produkt wird aus Deutschland gerollt versendet.<\/p>\n<p>Materialien:<br \/>\nArt Print: 12 Farben Gicl\u00e9e-Druck auf Ilford Gold Fibre Gloss 310 g (seidenglanz)<br \/>\nPoster: hochwertiger Digitaldruck 200 g Fotopapier gl\u00e4nzend<\/p>\n<p>Wenn Sie ein besonderes Papier oder besondere Ma\u00dfe w\u00fcnschen, fragen Sie es gerne bei uns an. Da die Drucke immer erst auf Bestellung produziert werden, sind Sonderw\u00fcnsche umsetzbar und willkommen.<\/p>\n<p>Dieses magische Bild zeigt eine vertr\u00e4umte Welt, die in bl\u00e4uliches Morgengrau getaucht ist.\u00a0 Gleichzeitig enth\u00e4lt dieses Bild auch viele warme T\u00f6ne, so dass es frisch morgendlich und harmonisch wirkt. Es zeigt eine sch\u00f6ne historische Stadt. Wir sehen auch eine Meeresbucht mit einem gro\u00dfen Segelschiff und mehrere Feen in rosa Kleidern, die gesch\u00e4ftig in eine Richtung fliegen. Fische, V\u00f6gel, Schmetterlinge und Regentropfen f\u00fcllen die Luft der Stadt und lassen das Bild mit Leben vibrieren.<\/p>\n<p><span style=\"display: inline !important; float: none; background-color: transparent; color: #333333; cursor: text; font-family: 'Raleway',Sans-serif; font-size: 16px; font-style: normal; font-variant: normal; font-weight: 400; letter-spacing: normal; orphans: 2; text-align: left; text-decoration: none; text-indent: 0px; text-transform: none; -webkit-text-stroke-width: 0px; white-space: normal; word-spacing: 0px;\">This magical p<\/span><span style=\"display: inline !important; float: none; background-color: transparent; color: #333333; cursor: text; font-family: 'Raleway',Sans-serif; font-size: 16px; font-style: normal; font-variant: normal; font-weight: 400; letter-spacing: normal; orphans: 2; text-align: left; text-decoration: none; text-indent: 0px; text-transform: none; -webkit-text-stroke-width: 0px; white-space: normal; word-spacing: 0px;\">oster &#8222;Enchanted Blue&#8220;<\/span> shows a dreamy world bathed in cool morning bluish light and also contains many warm tones, giving it a fresh morning and harmonious appearance. It shows a beautiful historical city, a sea with a big sailing ship and several fairies in pink dresses flying busily in one direction. Fish, birds, butterflies and raindrops fill the air of the city and make the picture vibrate with life.<\/p>\n<p>&nbsp;<\/p>","protected":false},"excerpt":{"rendered":"<p>Art Print\/Poster &#8222;Floral Art Print&#8220; Nr. 1 Ilona Reny<\/p>","protected":false},"featured_media":5929,"comment_status":"open","ping_status":"closed","template":"","meta":{"site-sidebar-layout":"default","site-content-layout":"default","ast-global-header-display":"","ast-main-header-display":"","ast-hfb-above-header-display":"","ast-hfb-below-header-display":"","ast-hfb-mobile-header-display":"","site-post-title":"","ast-breadcrumbs-content":"","ast-featured-img":"","footer-sml-layout":"","theme-transparent-header-meta":"default","adv-header-id-meta":"","stick-header-meta":"","header-above-stick-meta":"","header-main-stick-meta":"","header-below-stick-meta":""},"product_brand":[],"product_cat":[519,416,215],"product_tag":[],"class_list":{"0":"post-5847","1":"product","2":"type-product","3":"status-publish","4":"has-post-thumbnail","6":"product_cat-art-print","7":"product_cat-new-products","8":"product_cat-poster-hochkant","9":"product_shipping_class-versandkostenpauschale","10":"desktop-align-left","11":"tablet-align-left","12":"mobile-align-left","14":"first","15":"instock","16":"taxable","17":"shipping-taxable","18":"purchasable","19":"product-type-variable"},"_links":{"self":[{"href":"https:\/\/shop.katja-verlag.de\/en\/wp-json\/wp\/v2\/product\/5847","targetHints":{"allow":["GET"]}}],"collection":[{"href":"https:\/\/shop.katja-verlag.de\/en\/wp-json\/wp\/v2\/product"}],"about":[{"href":"https:\/\/shop.katja-verlag.de\/en\/wp-json\/wp\/v2\/types\/product"}],"replies":[{"embeddable":true,"href":"https:\/\/shop.katja-verlag.de\/en\/wp-json\/wp\/v2\/comments?post=5847"}],"version-history":[{"count":4,"href":"https:\/\/shop.katja-verlag.de\/en\/wp-json\/wp\/v2\/product\/5847\/revisions"}],"predecessor-version":[{"id":6323,"href":"https:\/\/shop.katja-verlag.de\/en\/wp-json\/wp\/v2\/product\/5847\/revisions\/6323"}],"wp:featuredmedia":[{"embeddable":true,"href":"https:\/\/shop.katja-verlag.de\/en\/wp-json\/wp\/v2\/media\/5929"}],"wp:attachment":[{"href":"https:\/\/shop.katja-verlag.de\/en\/wp-json\/wp\/v2\/media?parent=5847"}],"wp:term":[{"taxonomy":"product_brand","embeddable":true,"href":"https:\/\/shop.katja-verlag.de\/en\/wp-json\/wp\/v2\/product_brand?post=5847"},{"taxonomy":"product_cat","embeddable":true,"href":"https:\/\/shop.katja-verlag.de\/en\/wp-json\/wp\/v2\/product_cat?post=5847"},{"taxonomy":"product_tag","embeddable":true,"href":"https:\/\/shop.katja-verlag.de\/en\/wp-json\/wp\/v2\/product_tag?post=5847"}],"curies":[{"name":"wp","href":"https:\/\/api.w.org\/{rel}","templated":true}]}}