{"id":5533,"date":"2024-03-03T15:25:48","date_gmt":"2024-03-03T14:25:48","guid":{"rendered":"https:\/\/shop.katja-verlag.de\/?post_type=product&#038;p=5533"},"modified":"2024-03-04T07:13:03","modified_gmt":"2024-03-04T06:13:03","slug":"art-print-poster-enchanted-blue-nr-19","status":"publish","type":"product","link":"https:\/\/shop.katja-verlag.de\/en\/produkt\/art-print-poster-enchanted-blue-nr-19\/","title":{"rendered":"Art Print\/Poster &#8222;Enchanted Blue&#8220; Nr. 19"},"content":{"rendered":"<p>Art Print \/ Poster &#8222;Enchanted Blue&#8220; Nr. 19<\/p>\n<p>erh\u00e4ltlich als Gicl\u00e9e Art Print oder als Poster in folgenden Formaten incl. wei\u00dfem Rand. Die Gr\u00f6\u00dfe des Druckes bezieht sich auf Bild+Rand = Gr\u00f6\u00dfe des Druckes:<\/p>\n<p>15&#215;20 cm \/ 5,9&#8243;x7,9&#8243;<br \/>\n30&#215;40 cm \/ 11,8&#8243;x15x7&#8243;<br \/>\n45&#215;60 cm \/ 17,7&#8243;x23,6&#8243;<br \/>\n60&#215;80 cm \/ 23,6&#8243;x31,5&#8243;<br \/>\n75&#215;100 cm \/ 29,5&#8243;x39,4&#8243;<br \/>\n90&#215;120 cm \/ 35,4&#8243;x47,2&#8243;<br \/>\n105&#215;140 cm \/ 41,3&#8243;x55,1&#8243;<\/p>\n<p>Es wird auf Bestellung gedruckt (POD). Das Produkt wird aus Deutschland gerollt versendet.<\/p>\n<p>Materialien:<br \/>\nArt Print: 12 Farben Gicl\u00e9e-Druck auf Hahnem\u00fchle Fine Art Pearl 285g<br \/>\nPoster: hochwertiger Digitaldruck 200 g Fotopapier gl\u00e4nzend<\/p>\n<p>Wenn Sie ein besonderes Papier oder besondere Ma\u00dfe w\u00fcnschen, fragen Sie es gerne bei uns an. Da die Drucke immer erst auf Bestellung produziert werden, sind Sonderw\u00fcnsche umsetzbar und willkommen.<\/p>\n<p>Dieses magische Bild zeigt eine vertr\u00e4umte Welt, die in bl\u00e4uliches Morgengrau getaucht ist.\u00a0 Gleichzeitig enth\u00e4lt dieses Bild auch viele warme T\u00f6ne, so dass es frisch morgendlich und harmonisch wirkt. Es zeigt eine sch\u00f6ne historische Stadt. Wir sehen auch eine Meeresbucht mit einem gro\u00dfen Segelschiff und mehrere Feen in rosa Kleidern, die gesch\u00e4ftig in eine Richtung fliegen. Fische, V\u00f6gel, Schmetterlinge und Regentropfen f\u00fcllen die Luft der Stadt und lassen das Bild mit Leben vibrieren.<\/p>\n<p><span style=\"display: inline !important; float: none; background-color: transparent; color: #333333; cursor: text; font-family: 'Raleway',Sans-serif; font-size: 16px; font-style: normal; font-variant: normal; font-weight: 400; letter-spacing: normal; orphans: 2; text-align: left; text-decoration: none; text-indent: 0px; text-transform: none; -webkit-text-stroke-width: 0px; white-space: normal; word-spacing: 0px;\">This magical p<\/span><span style=\"display: inline !important; float: none; background-color: transparent; color: #333333; cursor: text; font-family: 'Raleway',Sans-serif; font-size: 16px; font-style: normal; font-variant: normal; font-weight: 400; letter-spacing: normal; orphans: 2; text-align: left; text-decoration: none; text-indent: 0px; text-transform: none; -webkit-text-stroke-width: 0px; white-space: normal; word-spacing: 0px;\">oster &#8222;Enchanted Blue&#8220;<\/span> shows a dreamy world bathed in cool morning bluish light and also contains many warm tones, giving it a fresh morning and harmonious appearance. It shows a beautiful historical city, a sea with a big sailing ship and several fairies in pink dresses flying busily in one direction. Fish, birds, butterflies and raindrops fill the air of the city and make the picture vibrate with life.<\/p>\n<p>&nbsp;<\/p>","protected":false},"excerpt":{"rendered":"<p>Art Print \/ Poster &#8222;Enchanted Blue&#8220; Nr. 19<\/p>","protected":false},"featured_media":5696,"comment_status":"open","ping_status":"closed","template":"","meta":{"site-sidebar-layout":"default","site-content-layout":"default","ast-global-header-display":"","ast-main-header-display":"","ast-hfb-above-header-display":"","ast-hfb-below-header-display":"","ast-hfb-mobile-header-display":"","site-post-title":"","ast-breadcrumbs-content":"","ast-featured-img":"","footer-sml-layout":"","theme-transparent-header-meta":"default","adv-header-id-meta":"","stick-header-meta":"","header-above-stick-meta":"","header-main-stick-meta":"","header-below-stick-meta":""},"product_brand":[],"product_cat":[519,416,215],"product_tag":[],"class_list":{"0":"post-5533","1":"product","2":"type-product","3":"status-publish","4":"has-post-thumbnail","6":"product_cat-art-print","7":"product_cat-new-products","8":"product_cat-poster-hochkant","9":"product_shipping_class-versandkostenpauschale","10":"desktop-align-left","11":"tablet-align-left","12":"mobile-align-left","14":"first","15":"instock","16":"taxable","17":"shipping-taxable","18":"purchasable","19":"product-type-variable"},"_links":{"self":[{"href":"https:\/\/shop.katja-verlag.de\/en\/wp-json\/wp\/v2\/product\/5533","targetHints":{"allow":["GET"]}}],"collection":[{"href":"https:\/\/shop.katja-verlag.de\/en\/wp-json\/wp\/v2\/product"}],"about":[{"href":"https:\/\/shop.katja-verlag.de\/en\/wp-json\/wp\/v2\/types\/product"}],"replies":[{"embeddable":true,"href":"https:\/\/shop.katja-verlag.de\/en\/wp-json\/wp\/v2\/comments?post=5533"}],"version-history":[{"count":5,"href":"https:\/\/shop.katja-verlag.de\/en\/wp-json\/wp\/v2\/product\/5533\/revisions"}],"predecessor-version":[{"id":5701,"href":"https:\/\/shop.katja-verlag.de\/en\/wp-json\/wp\/v2\/product\/5533\/revisions\/5701"}],"wp:featuredmedia":[{"embeddable":true,"href":"https:\/\/shop.katja-verlag.de\/en\/wp-json\/wp\/v2\/media\/5696"}],"wp:attachment":[{"href":"https:\/\/shop.katja-verlag.de\/en\/wp-json\/wp\/v2\/media?parent=5533"}],"wp:term":[{"taxonomy":"product_brand","embeddable":true,"href":"https:\/\/shop.katja-verlag.de\/en\/wp-json\/wp\/v2\/product_brand?post=5533"},{"taxonomy":"product_cat","embeddable":true,"href":"https:\/\/shop.katja-verlag.de\/en\/wp-json\/wp\/v2\/product_cat?post=5533"},{"taxonomy":"product_tag","embeddable":true,"href":"https:\/\/shop.katja-verlag.de\/en\/wp-json\/wp\/v2\/product_tag?post=5533"}],"curies":[{"name":"wp","href":"https:\/\/api.w.org\/{rel}","templated":true}]}}