{"id":5413,"date":"2023-11-05T15:44:15","date_gmt":"2023-11-05T14:44:15","guid":{"rendered":"https:\/\/shop.katja-verlag.de\/?post_type=product&#038;p=5413"},"modified":"2023-11-05T17:06:03","modified_gmt":"2023-11-05T16:06:03","slug":"geschenkanhaenger-nr-g07-nur-fuer-verkaeufer","status":"publish","type":"product","link":"https:\/\/shop.katja-verlag.de\/en\/produkt\/geschenkanhaenger-nr-g07-nur-fuer-verkaeufer\/","title":{"rendered":"Geschenkanh\u00e4nger Nr.: G07 &#8211; nur f\u00fcr Verk\u00e4ufer"},"content":{"rendered":"<p>Geschenkanh\u00e4nger Nr. G07<\/p>\n<p>dieser Preis gilt nur f\u00fcr Gewerbetreibende. <\/p>","protected":false},"excerpt":{"rendered":"<p>Geschenkanh\u00e4nger Nr. G07 dieser Preis gilt nur f\u00fcr Gewerbetreibende.<\/p>","protected":false},"featured_media":5428,"comment_status":"open","ping_status":"closed","template":"","meta":{"site-sidebar-layout":"default","site-content-layout":"default","ast-global-header-display":"","ast-main-header-display":"","ast-hfb-above-header-display":"","ast-hfb-below-header-display":"","ast-hfb-mobile-header-display":"","site-post-title":"","ast-breadcrumbs-content":"","ast-featured-img":"","footer-sml-layout":"","theme-transparent-header-meta":"default","adv-header-id-meta":"","stick-header-meta":"","header-above-stick-meta":"","header-main-stick-meta":"","header-below-stick-meta":""},"product_brand":[],"product_cat":[513],"product_tag":[],"class_list":{"0":"post-5413","1":"product","2":"type-product","3":"status-publish","4":"has-post-thumbnail","6":"product_cat-gift-tags-b2b","7":"product_shipping_class-versandkostenpauschale-b2b","8":"desktop-align-left","9":"tablet-align-left","10":"mobile-align-left","12":"first","13":"instock","14":"taxable","15":"shipping-taxable","16":"purchasable","17":"product-type-simple"},"_links":{"self":[{"href":"https:\/\/shop.katja-verlag.de\/en\/wp-json\/wp\/v2\/product\/5413","targetHints":{"allow":["GET"]}}],"collection":[{"href":"https:\/\/shop.katja-verlag.de\/en\/wp-json\/wp\/v2\/product"}],"about":[{"href":"https:\/\/shop.katja-verlag.de\/en\/wp-json\/wp\/v2\/types\/product"}],"replies":[{"embeddable":true,"href":"https:\/\/shop.katja-verlag.de\/en\/wp-json\/wp\/v2\/comments?post=5413"}],"version-history":[{"count":3,"href":"https:\/\/shop.katja-verlag.de\/en\/wp-json\/wp\/v2\/product\/5413\/revisions"}],"predecessor-version":[{"id":5473,"href":"https:\/\/shop.katja-verlag.de\/en\/wp-json\/wp\/v2\/product\/5413\/revisions\/5473"}],"wp:featuredmedia":[{"embeddable":true,"href":"https:\/\/shop.katja-verlag.de\/en\/wp-json\/wp\/v2\/media\/5428"}],"wp:attachment":[{"href":"https:\/\/shop.katja-verlag.de\/en\/wp-json\/wp\/v2\/media?parent=5413"}],"wp:term":[{"taxonomy":"product_brand","embeddable":true,"href":"https:\/\/shop.katja-verlag.de\/en\/wp-json\/wp\/v2\/product_brand?post=5413"},{"taxonomy":"product_cat","embeddable":true,"href":"https:\/\/shop.katja-verlag.de\/en\/wp-json\/wp\/v2\/product_cat?post=5413"},{"taxonomy":"product_tag","embeddable":true,"href":"https:\/\/shop.katja-verlag.de\/en\/wp-json\/wp\/v2\/product_tag?post=5413"}],"curies":[{"name":"wp","href":"https:\/\/api.w.org\/{rel}","templated":true}]}}