{"id":4936,"date":"2021-06-13T09:25:29","date_gmt":"2021-06-13T07:25:29","guid":{"rendered":"https:\/\/shop.katja-verlag.de\/?post_type=product&#038;p=4936"},"modified":"2024-08-06T09:16:07","modified_gmt":"2024-08-06T07:16:07","slug":"postkarte-nr-pw13","status":"publish","type":"product","link":"https:\/\/shop.katja-verlag.de\/en\/produkt\/postkarte-nr-pw13\/","title":{"rendered":"Postkarte Nr.: PW13"},"content":{"rendered":"<p>Postkarte Weihnachtskarte Weihnachstbaum wei\u00df blaue Fische \/ verspielte Fantasy Kunstkarten aus Deutschland \/ Illustration von Ilona Reny<\/p>\n<p>Diese Postkarte wurde von der deutschen K\u00fcnstlerin Ilona Reny illustriert und in Deutschland umweltfreundlich gedruckt. Der Postkartenkarton hat FSC-Zertifizierung. Das Produkt wurde klimaneutral hergestellt.<\/p>\n<p>illustriert, M\u00e4rchen, Traumwelt, boho, vertr\u00e4umt, Fantasy, Surreal, verspielt, Weihnachtsbaum, Schnee, V\u00f6gel, Geschenke, \u00c4pfel<\/p>\n<p>&nbsp;<\/p>","protected":false},"excerpt":{"rendered":"<p>Postkarte Nr.: PW13<\/p>","protected":false},"featured_media":4932,"comment_status":"open","ping_status":"closed","template":"","meta":{"site-sidebar-layout":"default","site-content-layout":"default","ast-global-header-display":"","ast-main-header-display":"","ast-hfb-above-header-display":"","ast-hfb-below-header-display":"","ast-hfb-mobile-header-display":"","site-post-title":"","ast-breadcrumbs-content":"","ast-featured-img":"","footer-sml-layout":"","theme-transparent-header-meta":"default","adv-header-id-meta":"","stick-header-meta":"","header-above-stick-meta":"","header-main-stick-meta":"","header-below-stick-meta":""},"product_brand":[],"product_cat":[416,186],"product_tag":[],"class_list":{"0":"post-4936","1":"product","2":"type-product","3":"status-publish","4":"has-post-thumbnail","6":"product_cat-new-products","7":"product_cat-postkarten-weihnachten","8":"product_shipping_class-versandkostenpauschale","9":"desktop-align-left","10":"tablet-align-left","11":"mobile-align-left","13":"first","14":"instock","15":"taxable","16":"shipping-taxable","17":"purchasable","18":"product-type-simple"},"_links":{"self":[{"href":"https:\/\/shop.katja-verlag.de\/en\/wp-json\/wp\/v2\/product\/4936","targetHints":{"allow":["GET"]}}],"collection":[{"href":"https:\/\/shop.katja-verlag.de\/en\/wp-json\/wp\/v2\/product"}],"about":[{"href":"https:\/\/shop.katja-verlag.de\/en\/wp-json\/wp\/v2\/types\/product"}],"replies":[{"embeddable":true,"href":"https:\/\/shop.katja-verlag.de\/en\/wp-json\/wp\/v2\/comments?post=4936"}],"version-history":[{"count":3,"href":"https:\/\/shop.katja-verlag.de\/en\/wp-json\/wp\/v2\/product\/4936\/revisions"}],"predecessor-version":[{"id":7280,"href":"https:\/\/shop.katja-verlag.de\/en\/wp-json\/wp\/v2\/product\/4936\/revisions\/7280"}],"wp:featuredmedia":[{"embeddable":true,"href":"https:\/\/shop.katja-verlag.de\/en\/wp-json\/wp\/v2\/media\/4932"}],"wp:attachment":[{"href":"https:\/\/shop.katja-verlag.de\/en\/wp-json\/wp\/v2\/media?parent=4936"}],"wp:term":[{"taxonomy":"product_brand","embeddable":true,"href":"https:\/\/shop.katja-verlag.de\/en\/wp-json\/wp\/v2\/product_brand?post=4936"},{"taxonomy":"product_cat","embeddable":true,"href":"https:\/\/shop.katja-verlag.de\/en\/wp-json\/wp\/v2\/product_cat?post=4936"},{"taxonomy":"product_tag","embeddable":true,"href":"https:\/\/shop.katja-verlag.de\/en\/wp-json\/wp\/v2\/product_tag?post=4936"}],"curies":[{"name":"wp","href":"https:\/\/api.w.org\/{rel}","templated":true}]}}