{"id":45,"date":"2017-10-11T10:05:01","date_gmt":"2017-10-11T08:05:01","guid":{"rendered":"http:\/\/shop.katja-verlag.de\/?post_type=product&#038;p=45"},"modified":"2025-07-07T15:28:29","modified_gmt":"2025-07-07T13:28:29","slug":"thomas-und-das-meer-ilona-reny","status":"publish","type":"product","link":"https:\/\/shop.katja-verlag.de\/en\/produkt\/thomas-und-das-meer-ilona-reny\/","title":{"rendered":"Buch &#8222;Thomas und das Meer&#8220; &#8211; Ilona Reny"},"content":{"rendered":"<p>Buch &#8222;Thomas und das Meer&#8220; von Ilona Reny<\/p>\n<p>Thomas tr\u00e4umt vom Meer. Er ist aber nur ein kleiner Hamster. Wird es ihm gelingen, zum Meer zu kommen? Erfahre die Geschichte seines Abenteuers in diesem\u00a0Buch.&#8220; Dieses Bilderbuch ist prall gef\u00fcllt mit phantasievollen und detailreichen Illustrationen, die Kinder auf Entdeckungsreise schicken.<\/p>\n<p>Ausschnitte aus Rezensionen zum Buch &#8222;Thomas und das Meer&#8220;:<\/p>\n<p>&#8222;&#8230;Gemeinsam mit den Kindern kann man versinken in diesen Bildern \u2013 es k\u00f6nnte eine Weile dauern, bis man umbl\u00e4ttern darf! Und wer eine Lupe zur Hand hat, der entdeckt vielleicht noch mehr Details auf den einzelnen Seiten. Ein optischer Hochgenuss!&#8220; Enneke Siedler: <a href=\"http:\/\/www.die-buchberaterin.de\/\">Buchberaterin.de<\/a><\/p>\n<p>&#8222;&#8230;Mit einfachen, verst\u00e4ndlichen S\u00e4tzen erm\u00f6glicht Ilona Reny den kleinen B\u00fccherw\u00fcrmern eine Reise der besonderen Art. Die \u00fcberaus detaillierten Bilder lassen die Kinder in eine Welt von Spa\u00df, Abenteuer und Fantasie reisen. Mit Hilfe einer Lupe entdeckt man auch nach dem 10. Mal Anschauen neue Dinge, die man vorher noch nicht gesehen hat.&#8220; Anita Rohr <a href=\"http:\/\/mommyshappylife.com\">mommyshappylife.com<\/a><\/p>\n<p>Details:<br \/>\n28 x 28 cm,\u00a041 Seiten, Hardcover<br \/>\nISBN 978-3-947037-03-2<\/p>","protected":false},"excerpt":{"rendered":"<p>Buch &#8222;Thomas und das Meer&#8220; von Ilona Reny<\/p>\n<p>Thomas tr\u00e4umt vom Meer. Er ist aber nur ein kleiner Hamster. Wird es ihm gelingen, zum Meer zu kommen? Erfahre die Geschichte seines Abenteuers in diesem\u00a0Buch.&#8220; Dieses Bilderbuch ist prall gef\u00fcllt mit phantasievollen und detailreichen Illustrationen, die Kinder auf Entdeckungsreise schicken.<\/p>\n<p>Details:<br \/>\n28 x 28 cm,\u00a041 Seiten, Hardcover<br \/>\nISBN 978-3-947037-03-2<\/p>","protected":false},"featured_media":46,"comment_status":"open","ping_status":"closed","template":"","meta":{"site-sidebar-layout":"default","site-content-layout":"default","ast-global-header-display":"","ast-main-header-display":"","ast-hfb-above-header-display":"","ast-hfb-below-header-display":"","ast-hfb-mobile-header-display":"","site-post-title":"","ast-breadcrumbs-content":"","ast-featured-img":"","footer-sml-layout":"","theme-transparent-header-meta":"default","adv-header-id-meta":"","stick-header-meta":"","header-above-stick-meta":"","header-main-stick-meta":"","header-below-stick-meta":""},"product_brand":[],"product_cat":[35],"product_tag":[92,45,91,80,82,94,93,47],"class_list":{"0":"post-45","1":"product","2":"type-product","3":"status-publish","4":"has-post-thumbnail","6":"product_cat-buecher","7":"product_tag-bilderbuch","8":"product_tag-blau","9":"product_tag-buch","10":"product_tag-hamster","11":"product_tag-meer","12":"product_tag-reise","13":"product_tag-thomas","14":"product_tag-traum","15":"product_shipping_class-versandkostenpauschale","16":"desktop-align-left","17":"tablet-align-left","18":"mobile-align-left","20":"first","21":"instock","22":"featured","23":"taxable","24":"shipping-taxable","25":"purchasable","26":"product-type-simple"},"_links":{"self":[{"href":"https:\/\/shop.katja-verlag.de\/en\/wp-json\/wp\/v2\/product\/45","targetHints":{"allow":["GET"]}}],"collection":[{"href":"https:\/\/shop.katja-verlag.de\/en\/wp-json\/wp\/v2\/product"}],"about":[{"href":"https:\/\/shop.katja-verlag.de\/en\/wp-json\/wp\/v2\/types\/product"}],"replies":[{"embeddable":true,"href":"https:\/\/shop.katja-verlag.de\/en\/wp-json\/wp\/v2\/comments?post=45"}],"version-history":[{"count":4,"href":"https:\/\/shop.katja-verlag.de\/en\/wp-json\/wp\/v2\/product\/45\/revisions"}],"predecessor-version":[{"id":3583,"href":"https:\/\/shop.katja-verlag.de\/en\/wp-json\/wp\/v2\/product\/45\/revisions\/3583"}],"wp:featuredmedia":[{"embeddable":true,"href":"https:\/\/shop.katja-verlag.de\/en\/wp-json\/wp\/v2\/media\/46"}],"wp:attachment":[{"href":"https:\/\/shop.katja-verlag.de\/en\/wp-json\/wp\/v2\/media?parent=45"}],"wp:term":[{"taxonomy":"product_brand","embeddable":true,"href":"https:\/\/shop.katja-verlag.de\/en\/wp-json\/wp\/v2\/product_brand?post=45"},{"taxonomy":"product_cat","embeddable":true,"href":"https:\/\/shop.katja-verlag.de\/en\/wp-json\/wp\/v2\/product_cat?post=45"},{"taxonomy":"product_tag","embeddable":true,"href":"https:\/\/shop.katja-verlag.de\/en\/wp-json\/wp\/v2\/product_tag?post=45"}],"curies":[{"name":"wp","href":"https:\/\/api.w.org\/{rel}","templated":true}]}}