{"id":4493,"date":"2022-05-30T05:28:44","date_gmt":"2022-05-30T03:28:44","guid":{"rendered":"https:\/\/shop.katja-verlag.de\/?post_type=product&#038;p=4493"},"modified":"2022-07-24T15:49:51","modified_gmt":"2022-07-24T13:49:51","slug":"postkarte-forgotten-dreams-ii-nr-p48-nur-fuer-verkaeufer","status":"publish","type":"product","link":"https:\/\/shop.katja-verlag.de\/en\/produkt\/postkarte-forgotten-dreams-ii-nr-p48-nur-fuer-verkaeufer\/","title":{"rendered":"Postkarte &#8222;Forgotten Dreams II&#8220; Nr.: P48 &#8211; nur f\u00fcr Verk\u00e4ufer"},"content":{"rendered":"<p>Postkarte &#8222;Forgotten Dreams I&#8220; Nr.: P48<\/p>\n<p>Diese Postkarte erinnert uns an das frische Aufleben von Pflanzen auf altem Grund und das in Pflanzen aktive Leben von V\u00f6geln und Insekten. Hier werden Schatten von vergangenen Blumen und Bl\u00e4ttern vom letzten Jahr von neuen Trieben und Bl\u00fcten des neuen Jahres \u00fcberlagert. Somit erh\u00e4lt die Natur ihre zeitlose Tiefe, die ihr so viel Kraft verleiht. Durch angeschnittene Elemente erh\u00e4lt die Postkarte die Dynamik einer spontanen Momentaufnahme. Man bekommt das Gef\u00fchl, die bunten V\u00f6gel seien auch jetzt in Bewegung, wir haben nur einen kurzen Moment festgehalten. Der graue Hintergrund einer historischen Mauer erinnert an l\u00e4ngst vergangene Zeiten. Diese Mauer hat schon Risse, aber diese Risse erz\u00e4hlen die Geschichte dieses Bauwerks und machen die Mauer nur wertvoller. Genau wie die Verbindung zur Vergangenheit den heutigen Moment umso wertvoller erscheinen l\u00e4sst.<\/p>\n<p>&nbsp;<\/p>","protected":false},"excerpt":{"rendered":"<p>Postkarte &#8222;Forgotten Dreams II&#8220; Nr.: P48<\/p>\n<p>Postcards DIN A6, simple, without envelope<\/p>\n<p>This price is only valid for tradesmen. You will find the regular price <a href=\"https:\/\/shop.katja-verlag.de\/en\/product\/postkarte-forgotten-dreams-ii-nr-p48\/\">here<\/a><\/p>","protected":false},"featured_media":4496,"comment_status":"open","ping_status":"closed","template":"","meta":{"site-sidebar-layout":"default","site-content-layout":"default","ast-global-header-display":"","ast-main-header-display":"","ast-hfb-above-header-display":"","ast-hfb-below-header-display":"","ast-hfb-mobile-header-display":"","site-post-title":"","ast-breadcrumbs-content":"","ast-featured-img":"","footer-sml-layout":"","theme-transparent-header-meta":"","adv-header-id-meta":"","stick-header-meta":"","header-above-stick-meta":"","header-main-stick-meta":"","header-below-stick-meta":""},"product_brand":[],"product_cat":[417,219],"product_tag":[],"class_list":{"0":"post-4493","1":"product","2":"type-product","3":"status-publish","4":"has-post-thumbnail","6":"product_cat-new-postcards-b2b","7":"product_cat-postkarten-quer-b2b","8":"product_shipping_class-versandkostenpauschale-b2b","9":"desktop-align-left","10":"tablet-align-left","11":"mobile-align-left","13":"first","14":"instock","15":"taxable","16":"shipping-taxable","17":"purchasable","18":"product-type-simple"},"_links":{"self":[{"href":"https:\/\/shop.katja-verlag.de\/en\/wp-json\/wp\/v2\/product\/4493","targetHints":{"allow":["GET"]}}],"collection":[{"href":"https:\/\/shop.katja-verlag.de\/en\/wp-json\/wp\/v2\/product"}],"about":[{"href":"https:\/\/shop.katja-verlag.de\/en\/wp-json\/wp\/v2\/types\/product"}],"replies":[{"embeddable":true,"href":"https:\/\/shop.katja-verlag.de\/en\/wp-json\/wp\/v2\/comments?post=4493"}],"version-history":[{"count":3,"href":"https:\/\/shop.katja-verlag.de\/en\/wp-json\/wp\/v2\/product\/4493\/revisions"}],"predecessor-version":[{"id":4501,"href":"https:\/\/shop.katja-verlag.de\/en\/wp-json\/wp\/v2\/product\/4493\/revisions\/4501"}],"wp:featuredmedia":[{"embeddable":true,"href":"https:\/\/shop.katja-verlag.de\/en\/wp-json\/wp\/v2\/media\/4496"}],"wp:attachment":[{"href":"https:\/\/shop.katja-verlag.de\/en\/wp-json\/wp\/v2\/media?parent=4493"}],"wp:term":[{"taxonomy":"product_brand","embeddable":true,"href":"https:\/\/shop.katja-verlag.de\/en\/wp-json\/wp\/v2\/product_brand?post=4493"},{"taxonomy":"product_cat","embeddable":true,"href":"https:\/\/shop.katja-verlag.de\/en\/wp-json\/wp\/v2\/product_cat?post=4493"},{"taxonomy":"product_tag","embeddable":true,"href":"https:\/\/shop.katja-verlag.de\/en\/wp-json\/wp\/v2\/product_tag?post=4493"}],"curies":[{"name":"wp","href":"https:\/\/api.w.org\/{rel}","templated":true}]}}