{"id":4475,"date":"2022-05-29T20:10:47","date_gmt":"2022-05-29T18:10:47","guid":{"rendered":"https:\/\/shop.katja-verlag.de\/?post_type=product&#038;p=4475"},"modified":"2024-03-09T14:08:16","modified_gmt":"2024-03-09T13:08:16","slug":"postkarte-forgotten-dreams-i-nr-p47","status":"publish","type":"product","link":"https:\/\/shop.katja-verlag.de\/en\/produkt\/postkarte-forgotten-dreams-i-nr-p47\/","title":{"rendered":"Postkarte &#8222;Forgotten Dreams I&#8220; Nr.: P47"},"content":{"rendered":"<p>Postkarte &#8222;Forgotten Dreams I&#8220; Nr.: P47<\/p>\n<p>Diese Postkarte f\u00e4ngt eine Geschichte aus tiefer Vergangenheit auf, wir sehen eine historische Wand, an Ketten h\u00e4ngende, leere K\u00e4fige, vorbei eilende Fische und Feen, die alle etwas halten, fallende Blumen und viele angeschnittene Elemente. Ein Fisch, welcher schon zum Teil aus dem Bild geschwommen ist, V\u00f6gel, die noch nicht ganz im Bild angekommen ist, angeschnittene Perlen oder Luftbl\u00e4schen. Das Bild f\u00fchlt sich an, als w\u00fcrden wir ein historisches Geb\u00e4ude beobachten, welches sich nur langsam ver\u00e4ndert, denn es bleibt \u00fcber Jahrhunderte stehen, bekommt nur mit der Zeit Risse, die es noch wertvoller aussehen lassen. Und im Vergleich dazu sehen wir das bunte Treiben um das Geb\u00e4ude herum. Manches davon findet vermutlich in der tiefen Vergangenheit statt, zum Beispiel die gesch\u00e4ftig herumfliegende Feen, die historische Kost\u00fcme tragen. Manches ist zeitlos. Blumen, Fische und V\u00f6gel sehen \u00fcber Jahrhunderte hinweg relativ gleich aus, die kann man nicht einordnen. Und dazu kommt das verregnete Heute. Der heutige Tag wirkt fl\u00fcchtig im Vergleich zum alten Geb\u00e4ude und damit wird dieser Tag irgendwie wertvoll und sch\u00f6n in seiner Fl\u00fcchtigkeit.<\/p>","protected":false},"excerpt":{"rendered":"<p>Postkarte &#8222;Forgotten Dreams I&#8220; Nr.: P47<\/p>\n<p>Postcards DIN A6, simple, without envelope<\/p>\n<p>&nbsp;<\/p>","protected":false},"featured_media":4477,"comment_status":"open","ping_status":"closed","template":"","meta":{"site-sidebar-layout":"default","site-content-layout":"default","ast-global-header-display":"","ast-main-header-display":"","ast-hfb-above-header-display":"","ast-hfb-below-header-display":"","ast-hfb-mobile-header-display":"","site-post-title":"","ast-breadcrumbs-content":"","ast-featured-img":"","footer-sml-layout":"","theme-transparent-header-meta":"","adv-header-id-meta":"","stick-header-meta":"","header-above-stick-meta":"","header-main-stick-meta":"","header-below-stick-meta":""},"product_brand":[],"product_cat":[416,36],"product_tag":[],"class_list":{"0":"post-4475","1":"product","2":"type-product","3":"status-publish","4":"has-post-thumbnail","6":"product_cat-new-products","7":"product_cat-postkarten","8":"product_shipping_class-versandkostenpauschale","9":"desktop-align-left","10":"tablet-align-left","11":"mobile-align-left","13":"first","14":"instock","15":"taxable","16":"shipping-taxable","17":"purchasable","18":"product-type-simple"},"_links":{"self":[{"href":"https:\/\/shop.katja-verlag.de\/en\/wp-json\/wp\/v2\/product\/4475","targetHints":{"allow":["GET"]}}],"collection":[{"href":"https:\/\/shop.katja-verlag.de\/en\/wp-json\/wp\/v2\/product"}],"about":[{"href":"https:\/\/shop.katja-verlag.de\/en\/wp-json\/wp\/v2\/types\/product"}],"replies":[{"embeddable":true,"href":"https:\/\/shop.katja-verlag.de\/en\/wp-json\/wp\/v2\/comments?post=4475"}],"version-history":[{"count":3,"href":"https:\/\/shop.katja-verlag.de\/en\/wp-json\/wp\/v2\/product\/4475\/revisions"}],"predecessor-version":[{"id":4491,"href":"https:\/\/shop.katja-verlag.de\/en\/wp-json\/wp\/v2\/product\/4475\/revisions\/4491"}],"wp:featuredmedia":[{"embeddable":true,"href":"https:\/\/shop.katja-verlag.de\/en\/wp-json\/wp\/v2\/media\/4477"}],"wp:attachment":[{"href":"https:\/\/shop.katja-verlag.de\/en\/wp-json\/wp\/v2\/media?parent=4475"}],"wp:term":[{"taxonomy":"product_brand","embeddable":true,"href":"https:\/\/shop.katja-verlag.de\/en\/wp-json\/wp\/v2\/product_brand?post=4475"},{"taxonomy":"product_cat","embeddable":true,"href":"https:\/\/shop.katja-verlag.de\/en\/wp-json\/wp\/v2\/product_cat?post=4475"},{"taxonomy":"product_tag","embeddable":true,"href":"https:\/\/shop.katja-verlag.de\/en\/wp-json\/wp\/v2\/product_tag?post=4475"}],"curies":[{"name":"wp","href":"https:\/\/api.w.org\/{rel}","templated":true}]}}