{"id":4375,"date":"2022-05-07T11:24:59","date_gmt":"2022-05-07T09:24:59","guid":{"rendered":"https:\/\/shop.katja-verlag.de\/?post_type=product&#038;p=4375"},"modified":"2024-08-18T05:38:49","modified_gmt":"2024-08-18T03:38:49","slug":"notizbuch-warm-light-cold-light-nr-nw01","status":"publish","type":"product","link":"https:\/\/shop.katja-verlag.de\/en\/produkt\/notizbuch-warm-light-cold-light-nr-nw01\/","title":{"rendered":"Notebook \u201eWarm light, cold light\u201c No. NP46"},"content":{"rendered":"<p>Auf diesem Motiv sehen wir eine Traumszene mit vielen V\u00f6geln und Blumen, die in der Luft schweben. Teilweise ist die Szene mit gelbem Licht beleuchtet, teilweise mit k\u00fchlem. Schattige Bereiche des Raumes geben der vertr\u00e4umten Stimmung noch mehr Tiefe. Das Licht spielt faszinierend in halbtransparenten Elementen des Bildes. Au\u00dferdem sehen wir eine Uhr ohne Zeiger, eine Treppe, die auf einem Polsterhocker balanciert, eine spiegelglatte Fl\u00e4che, die keine klaren Ma\u00dfe hat und Br\u00fcche von physikalischen Gesetzen. Das alles wirkt wie in einer anderen Welt, die teilweise uns bekannte Z\u00fcge aufweist und sich teilweise unterscheidet. Eine Welt ohne Zeit, ohne Anfang und Ende, ohne Raum, mit ihrem eigenen tiefen Sinn.<\/p>","protected":false},"excerpt":{"rendered":"<p>DIN A6, 160 Seiten, Spiralbuchbindung und Gummiverschluss, mit Liebe handgemacht in Deutschland<\/p>\n<p>erh\u00e4ltlich in 3 Varianten:<\/p>\n<ol>\n<li>blanko: das sind creme-farbige Seiten ohne Lineatur<\/li>\n<li>dotted: mit Punktraster<\/li>\n<li>checkered: Seiten in Schachbrettmuster<\/li>\n<\/ol>\n<p>&nbsp;<\/p>","protected":false},"featured_media":4376,"comment_status":"open","ping_status":"closed","template":"","meta":{"site-sidebar-layout":"default","site-content-layout":"default","ast-global-header-display":"","ast-main-header-display":"","ast-hfb-above-header-display":"","ast-hfb-below-header-display":"","ast-hfb-mobile-header-display":"","site-post-title":"","ast-breadcrumbs-content":"","ast-featured-img":"","footer-sml-layout":"","theme-transparent-header-meta":"","adv-header-id-meta":"","stick-header-meta":"","header-above-stick-meta":"","header-main-stick-meta":"","header-below-stick-meta":""},"product_brand":[],"product_cat":[416,418],"product_tag":[],"class_list":{"0":"post-4375","1":"product","2":"type-product","3":"status-publish","4":"has-post-thumbnail","6":"product_cat-new-products","7":"product_cat-notebooks-wire","8":"product_shipping_class-versandkostenpauschale","9":"desktop-align-left","10":"tablet-align-left","11":"mobile-align-left","13":"first","14":"instock","15":"taxable","16":"shipping-taxable","17":"purchasable","18":"product-type-variable"},"_links":{"self":[{"href":"https:\/\/shop.katja-verlag.de\/en\/wp-json\/wp\/v2\/product\/4375","targetHints":{"allow":["GET"]}}],"collection":[{"href":"https:\/\/shop.katja-verlag.de\/en\/wp-json\/wp\/v2\/product"}],"about":[{"href":"https:\/\/shop.katja-verlag.de\/en\/wp-json\/wp\/v2\/types\/product"}],"replies":[{"embeddable":true,"href":"https:\/\/shop.katja-verlag.de\/en\/wp-json\/wp\/v2\/comments?post=4375"}],"version-history":[{"count":7,"href":"https:\/\/shop.katja-verlag.de\/en\/wp-json\/wp\/v2\/product\/4375\/revisions"}],"predecessor-version":[{"id":7431,"href":"https:\/\/shop.katja-verlag.de\/en\/wp-json\/wp\/v2\/product\/4375\/revisions\/7431"}],"wp:featuredmedia":[{"embeddable":true,"href":"https:\/\/shop.katja-verlag.de\/en\/wp-json\/wp\/v2\/media\/4376"}],"wp:attachment":[{"href":"https:\/\/shop.katja-verlag.de\/en\/wp-json\/wp\/v2\/media?parent=4375"}],"wp:term":[{"taxonomy":"product_brand","embeddable":true,"href":"https:\/\/shop.katja-verlag.de\/en\/wp-json\/wp\/v2\/product_brand?post=4375"},{"taxonomy":"product_cat","embeddable":true,"href":"https:\/\/shop.katja-verlag.de\/en\/wp-json\/wp\/v2\/product_cat?post=4375"},{"taxonomy":"product_tag","embeddable":true,"href":"https:\/\/shop.katja-verlag.de\/en\/wp-json\/wp\/v2\/product_tag?post=4375"}],"curies":[{"name":"wp","href":"https:\/\/api.w.org\/{rel}","templated":true}]}}