{"id":4237,"date":"2021-06-26T20:21:23","date_gmt":"2021-06-26T18:21:23","guid":{"rendered":"https:\/\/shop.katja-verlag.de\/?post_type=product&#038;p=4237"},"modified":"2022-07-24T15:49:51","modified_gmt":"2022-07-24T13:49:51","slug":"postkarte-fishes-on-a-walk-nr-p42-nur-fuer-verkaeufer","status":"publish","type":"product","link":"https:\/\/shop.katja-verlag.de\/en\/produkt\/postkarte-fishes-on-a-walk-nr-p42-nur-fuer-verkaeufer\/","title":{"rendered":"Postkarte &#8222;Fishes on a Walk&#8220; Nr.: P42 &#8211; nur f\u00fcr Verk\u00e4ufer"},"content":{"rendered":"<p>Postkarte &#8222;Fishes on a Walk&#8220; Nr.: P42<\/p>\n<p>Postcards DIN A6, simple, without envelope<\/p>\n<p>This price is only valid for tradesmen. You will find the regular price <a href=\"https:\/\/shop.katja-verlag.de\/en\/product\/postkarte-living-room-full-of-birds-nr-p42\/\">here<\/a><\/p>\n<p>Diese Karte zeigt eine Stadt auf einer kleinen Fl\u00e4che, die wie eine Unterwasserinsel wirkt, mit bunten Fischen drumherum. Das Licht wirkt in der Stadt teilweise wie nat\u00fcrliches Sonnenlicht, teilweise schimmert es etwas abgedunkelt in der Ferne. Es sieht aus wie eine Stadt f\u00fcr Fische, aber auch Katzen, V\u00f6gel und Schmetterlinge wohnen hier, so wie mehrere Feen. Somit ist die Bedeutung als Unterwasserwelt hier zwar dominierend, wird aber durch die Anwesenheit von Landtieren und Menschen gebrochen und wirkt dadurch sehr vertr\u00e4umt.<\/p>","protected":false},"excerpt":{"rendered":"<p>Postcards DIN A6, simple, without envelope<\/p>\n<p>This price is only valid for tradesmen. You will find the regular price <a href=\"https:\/\/shop.katja-verlag.de\/en\/product\/postkarte-living-room-full-of-birds-nr-p42\/\">here<\/a><\/p>","protected":false},"featured_media":4178,"comment_status":"open","ping_status":"closed","template":"","meta":{"site-sidebar-layout":"default","site-content-layout":"default","ast-global-header-display":"","ast-main-header-display":"","ast-hfb-above-header-display":"","ast-hfb-below-header-display":"","ast-hfb-mobile-header-display":"","site-post-title":"","ast-breadcrumbs-content":"","ast-featured-img":"","footer-sml-layout":"","theme-transparent-header-meta":"","adv-header-id-meta":"","stick-header-meta":"","header-above-stick-meta":"","header-main-stick-meta":"","header-below-stick-meta":""},"product_brand":[],"product_cat":[417,219],"product_tag":[],"class_list":{"0":"post-4237","1":"product","2":"type-product","3":"status-publish","4":"has-post-thumbnail","6":"product_cat-new-postcards-b2b","7":"product_cat-postkarten-quer-b2b","8":"product_shipping_class-versandkostenpauschale-b2b","9":"desktop-align-left","10":"tablet-align-left","11":"mobile-align-left","13":"first","14":"instock","15":"taxable","16":"shipping-taxable","17":"purchasable","18":"product-type-simple"},"_links":{"self":[{"href":"https:\/\/shop.katja-verlag.de\/en\/wp-json\/wp\/v2\/product\/4237","targetHints":{"allow":["GET"]}}],"collection":[{"href":"https:\/\/shop.katja-verlag.de\/en\/wp-json\/wp\/v2\/product"}],"about":[{"href":"https:\/\/shop.katja-verlag.de\/en\/wp-json\/wp\/v2\/types\/product"}],"replies":[{"embeddable":true,"href":"https:\/\/shop.katja-verlag.de\/en\/wp-json\/wp\/v2\/comments?post=4237"}],"version-history":[{"count":1,"href":"https:\/\/shop.katja-verlag.de\/en\/wp-json\/wp\/v2\/product\/4237\/revisions"}],"predecessor-version":[{"id":4240,"href":"https:\/\/shop.katja-verlag.de\/en\/wp-json\/wp\/v2\/product\/4237\/revisions\/4240"}],"wp:featuredmedia":[{"embeddable":true,"href":"https:\/\/shop.katja-verlag.de\/en\/wp-json\/wp\/v2\/media\/4178"}],"wp:attachment":[{"href":"https:\/\/shop.katja-verlag.de\/en\/wp-json\/wp\/v2\/media?parent=4237"}],"wp:term":[{"taxonomy":"product_brand","embeddable":true,"href":"https:\/\/shop.katja-verlag.de\/en\/wp-json\/wp\/v2\/product_brand?post=4237"},{"taxonomy":"product_cat","embeddable":true,"href":"https:\/\/shop.katja-verlag.de\/en\/wp-json\/wp\/v2\/product_cat?post=4237"},{"taxonomy":"product_tag","embeddable":true,"href":"https:\/\/shop.katja-verlag.de\/en\/wp-json\/wp\/v2\/product_tag?post=4237"}],"curies":[{"name":"wp","href":"https:\/\/api.w.org\/{rel}","templated":true}]}}