{"id":4195,"date":"2021-06-13T09:25:29","date_gmt":"2021-06-13T07:25:29","guid":{"rendered":"https:\/\/shop.katja-verlag.de\/?post_type=product&#038;p=4195"},"modified":"2024-02-24T23:41:10","modified_gmt":"2024-02-24T22:41:10","slug":"postkarte-living-room-full-of-birds-nr-p42","status":"publish","type":"product","link":"https:\/\/shop.katja-verlag.de\/en\/produkt\/postkarte-living-room-full-of-birds-nr-p42\/","title":{"rendered":"Postkarte &#8222;Fishes on a Walk&#8220; Nr.: P42"},"content":{"rendered":"<p>Postkarte &#8222;Fishes on a Walk&#8220; Nr.: P42<\/p>\n<p>Diese Karte zeigt eine Stadt auf einer kleinen Fl\u00e4che, die wie eine Unterwasserinsel wirkt, mit bunten Fischen drumherum. Das Licht wirkt in der Stadt teilweise wie nat\u00fcrliches Sonnenlicht, teilweise schimmert es etwas abgedunkelt in der Ferne. Es sieht aus wie eine Stadt f\u00fcr Fische, aber auch Katzen, V\u00f6gel und Schmetterlinge wohnen hier, so wie mehrere Feen. Somit ist die Bedeutung als Unterwasserwelt hier zwar dominierend, wird aber durch die Anwesenheit von Landtieren und Menschen gebrochen und wirkt dadurch sehr vertr\u00e4umt.<\/p>","protected":false},"excerpt":{"rendered":"<p>Postkarte &#8222;Fishes on a Walk&#8220; Nr.: P42<\/p>\n<p>This map shows a city on a small area that looks like an underwater island, with colorful fish around it.<\/p>","protected":false},"featured_media":4178,"comment_status":"open","ping_status":"closed","template":"","meta":{"site-sidebar-layout":"default","site-content-layout":"default","ast-global-header-display":"","ast-main-header-display":"","ast-hfb-above-header-display":"","ast-hfb-below-header-display":"","ast-hfb-mobile-header-display":"","site-post-title":"","ast-breadcrumbs-content":"","ast-featured-img":"","footer-sml-layout":"","theme-transparent-header-meta":"default","adv-header-id-meta":"","stick-header-meta":"","header-above-stick-meta":"","header-main-stick-meta":"","header-below-stick-meta":""},"product_brand":[],"product_cat":[207],"product_tag":[],"class_list":{"0":"post-4195","1":"product","2":"type-product","3":"status-publish","4":"has-post-thumbnail","6":"product_cat-postkarte-quer","7":"product_shipping_class-versandkostenpauschale","8":"desktop-align-left","9":"tablet-align-left","10":"mobile-align-left","12":"first","13":"instock","14":"taxable","15":"shipping-taxable","16":"purchasable","17":"product-type-simple"},"_links":{"self":[{"href":"https:\/\/shop.katja-verlag.de\/en\/wp-json\/wp\/v2\/product\/4195","targetHints":{"allow":["GET"]}}],"collection":[{"href":"https:\/\/shop.katja-verlag.de\/en\/wp-json\/wp\/v2\/product"}],"about":[{"href":"https:\/\/shop.katja-verlag.de\/en\/wp-json\/wp\/v2\/types\/product"}],"replies":[{"embeddable":true,"href":"https:\/\/shop.katja-verlag.de\/en\/wp-json\/wp\/v2\/comments?post=4195"}],"version-history":[{"count":2,"href":"https:\/\/shop.katja-verlag.de\/en\/wp-json\/wp\/v2\/product\/4195\/revisions"}],"predecessor-version":[{"id":4197,"href":"https:\/\/shop.katja-verlag.de\/en\/wp-json\/wp\/v2\/product\/4195\/revisions\/4197"}],"wp:featuredmedia":[{"embeddable":true,"href":"https:\/\/shop.katja-verlag.de\/en\/wp-json\/wp\/v2\/media\/4178"}],"wp:attachment":[{"href":"https:\/\/shop.katja-verlag.de\/en\/wp-json\/wp\/v2\/media?parent=4195"}],"wp:term":[{"taxonomy":"product_brand","embeddable":true,"href":"https:\/\/shop.katja-verlag.de\/en\/wp-json\/wp\/v2\/product_brand?post=4195"},{"taxonomy":"product_cat","embeddable":true,"href":"https:\/\/shop.katja-verlag.de\/en\/wp-json\/wp\/v2\/product_cat?post=4195"},{"taxonomy":"product_tag","embeddable":true,"href":"https:\/\/shop.katja-verlag.de\/en\/wp-json\/wp\/v2\/product_tag?post=4195"}],"curies":[{"name":"wp","href":"https:\/\/api.w.org\/{rel}","templated":true}]}}