{"id":3909,"date":"2020-11-18T10:54:16","date_gmt":"2020-11-18T09:54:16","guid":{"rendered":"https:\/\/shop.katja-verlag.de\/?post_type=product&#038;p=3909"},"modified":"2020-11-18T12:30:15","modified_gmt":"2020-11-18T11:30:15","slug":"fototapete-fuer-kinder-04-fairy-park-b","status":"publish","type":"product","link":"https:\/\/shop.katja-verlag.de\/en\/produkt\/fototapete-kids-04-fairy-park-b\/","title":{"rendered":"Mural for Kids 04 Fairy Park in Winter Size B"},"content":{"rendered":"<p>Fairy Park in Winter B \/ Mural for Kids 04 by Ilona Reny<\/p>\n<p>Snowflakes fill this fairytale image. A circular park surrounded by historic houses is being visited by fairies in fairy dresses and with umbrellas. Some of them come flying on their transparent wings, some take a walk in the park. A mouse wrapped in a scarf on a swing is watching the scene from a height. In spite of snow we see flowers and even butterflies in the park. The sky is kept in deep blue and lets the bright tones shine. Most of the trees grow in large flower pots and on house roofs. Fairy Park in Winter B has a personal logic of its own and lets your child's imagination run wild.<\/p>\n<p>This photo wallpaper is available in the following sizes:<\/p>\n<p>height x width<\/p>\n<p>150 x 247 cm<\/p>\n<p>200 x 330 cm<\/p>\n<p>250 x 412 cm<\/p>\n<p>265 x 437 cm<\/p>\n<p>280 x 462 cm<\/p>\n<p>Material properties:<\/p>\n<p>-PVC-free wallpaper fleece, free of plasticizers<br \/>\n-pulp and textile fibers, combined with polymeric binders<br \/>\nSurface: smooth and matt<br \/>\nBasis weight: 150g\/m\u00b2<br \/>\nPrinting: environmentally friendly latex printing, low-odor, UV-resistant, 100% safe for your health<br \/>\napplication: Interior<br \/>\nweb width: even webs in 50-65 cm width<br \/>\nFabrication: cut ready for gluing without overlap\nweb width: even webs in 50-65 cm width<br \/>\nFire class: hardly inflammable in combination with mineral substrates (B1)<br \/>\nOther features:<br \/>\n- tear-resistant, opaque, breathable, shock-resistant, dimensionally stable and crack-bridging (Class A)<br \/>\n- completely dry peelable using fleece adhesive<br \/>\n&#8211; made in Germany<br \/>\nOther materials\/other dimensions: available on request<\/p>\n<p>Eine Vliestapete l\u00e4sst sich kinderleicht anbringen, denn der Vliestapeten-Kleister wird direkt an die Wand aufgetragen, so dass die trockene Tapete bequem auf die Wand aufgeklebt werden kann.<\/p>\n<p>Discover <a href=\"https:\/\/shop.katja-verlag.de\/en\/fototapeten\/\">more wallpapers by Ilona Reny.<\/a><\/p>\n<p>&nbsp;<\/p>","protected":false},"excerpt":{"rendered":"<p>Fairy Park in Winter B \/ Fototapete f\u00fcr Kinder 04 von Ilona Reny Schneeflocken f\u00fcllen dieses m\u00e4rchenhafte Bild. Ein kreisrunder Park umgeben von historischen H\u00e4usern wird von Feen in Feenkleidern und mit Regenschirmen heimgesucht. Manche von ihnen kommen angeflogen, manche machen einen Spaziergang im Park. Eine in einen Schal eingewickelte Maus auf einer Schaukel beobachtet &hellip;<\/p>\n<p class=\"read-more\"> <a class=\"\" href=\"https:\/\/shop.katja-verlag.de\/en\/produkt\/fototapete-kids-04-fairy-park-b\/\"> <span class=\"screen-reader-text\">Mural for Kids 04 Fairy Park in Winter Size B<\/span> Read More &raquo;<\/a><\/p>","protected":false},"featured_media":3924,"comment_status":"open","ping_status":"closed","template":"","meta":{"site-sidebar-layout":"default","site-content-layout":"default","ast-global-header-display":"","ast-main-header-display":"","ast-hfb-above-header-display":"","ast-hfb-below-header-display":"","ast-hfb-mobile-header-display":"","site-post-title":"","ast-breadcrumbs-content":"","ast-featured-img":"","footer-sml-layout":"","theme-transparent-header-meta":"","adv-header-id-meta":"","stick-header-meta":"","header-above-stick-meta":"","header-main-stick-meta":"","header-below-stick-meta":""},"product_brand":[],"product_cat":[318],"product_tag":[],"class_list":{"0":"post-3909","1":"product","2":"type-product","3":"status-publish","4":"has-post-thumbnail","6":"product_cat-kinder-fototapeten","7":"product_shipping_class-versandkostenpauschale","8":"desktop-align-left","9":"tablet-align-left","10":"mobile-align-left","12":"first","13":"instock","14":"taxable","15":"shipping-taxable","16":"purchasable","17":"product-type-variable"},"_links":{"self":[{"href":"https:\/\/shop.katja-verlag.de\/en\/wp-json\/wp\/v2\/product\/3909","targetHints":{"allow":["GET"]}}],"collection":[{"href":"https:\/\/shop.katja-verlag.de\/en\/wp-json\/wp\/v2\/product"}],"about":[{"href":"https:\/\/shop.katja-verlag.de\/en\/wp-json\/wp\/v2\/types\/product"}],"replies":[{"embeddable":true,"href":"https:\/\/shop.katja-verlag.de\/en\/wp-json\/wp\/v2\/comments?post=3909"}],"version-history":[{"count":5,"href":"https:\/\/shop.katja-verlag.de\/en\/wp-json\/wp\/v2\/product\/3909\/revisions"}],"predecessor-version":[{"id":3923,"href":"https:\/\/shop.katja-verlag.de\/en\/wp-json\/wp\/v2\/product\/3909\/revisions\/3923"}],"wp:featuredmedia":[{"embeddable":true,"href":"https:\/\/shop.katja-verlag.de\/en\/wp-json\/wp\/v2\/media\/3924"}],"wp:attachment":[{"href":"https:\/\/shop.katja-verlag.de\/en\/wp-json\/wp\/v2\/media?parent=3909"}],"wp:term":[{"taxonomy":"product_brand","embeddable":true,"href":"https:\/\/shop.katja-verlag.de\/en\/wp-json\/wp\/v2\/product_brand?post=3909"},{"taxonomy":"product_cat","embeddable":true,"href":"https:\/\/shop.katja-verlag.de\/en\/wp-json\/wp\/v2\/product_cat?post=3909"},{"taxonomy":"product_tag","embeddable":true,"href":"https:\/\/shop.katja-verlag.de\/en\/wp-json\/wp\/v2\/product_tag?post=3909"}],"curies":[{"name":"wp","href":"https:\/\/api.w.org\/{rel}","templated":true}]}}