{"id":3895,"date":"2020-11-17T20:59:00","date_gmt":"2020-11-17T19:59:00","guid":{"rendered":"https:\/\/shop.katja-verlag.de\/?post_type=product&#038;p=3895"},"modified":"2024-03-09T14:02:16","modified_gmt":"2024-03-09T13:02:16","slug":"fototapete-10-rain-of-flowers-and-plants","status":"publish","type":"product","link":"https:\/\/shop.katja-verlag.de\/en\/produkt\/fototapete-10-rain-of-flowers-and-plants\/","title":{"rendered":"Mural 10 Rain of Flowers and Plants"},"content":{"rendered":"<p>Rain of Flowers and Plants \/ Mural 10 by Ilona Reny<\/p>\n<p>Raindrops, pearls and sparkling stars fall and shine through the abstract plants, which are arranged like columns. These plants, filled with animals of all kinds, are bathed in a blue light. The blue shimmers in soft tones and reminds of a rain at dusk. The simultaneous presence of birds and fish makes the painting a surreal almost-underwater picture. The bright colors of the fish and some flowers are the colorful spots in this picture. Rain of Flowers and Plants has a calming effect and is well suited for rooms in which you want to relax and dream.<\/p>\n<p>This photo wallpaper is available in the following sizes:<\/p>\n<p>height x width<\/p>\n<p>150 x 214 cm<\/p>\n<p>200 x 285 cm<\/p>\n<p>250 x 357 cm<\/p>\n<p>265 x 378 cm<\/p>\n<p>280 x 400 cm<\/p>\n<p>Material properties:<\/p>\n<p>-PVC-free wallpaper fleece, free of plasticizers<br \/>\n-pulp and textile fibers, combined with polymeric binders<br \/>\nSurface: smooth and matt<br \/>\nBasis weight: 150g\/m\u00b2<br \/>\nPrinting: environmentally friendly latex printing, low-odor, UV-resistant, 100% safe for your health<br \/>\napplication: Interior<br \/>\nweb width: even webs in 50-65 cm width<br \/>\nFabrication: cut ready for gluing without overlap\nweb width: even webs in 50-65 cm width<br \/>\nFire class: hardly inflammable in combination with mineral substrates (B1)<br \/>\nOther features:<br \/>\n- tear-resistant, opaque, breathable, shock-resistant, dimensionally stable and crack-bridging (Class A)<br \/>\n- completely dry peelable using fleece adhesive<br \/>\n&#8211; made in Germany<br \/>\nOther materials\/other dimensions: available on request<\/p>\n<p>Eine Vliestapete l\u00e4sst sich kinderleicht anbringen, denn der Vliestapeten-Kleister wird direkt an die Wand aufgetragen, so dass die trockene Tapete bequem auf die Wand aufgeklebt werden kann.<\/p>\n<p>Discover <a href=\"https:\/\/shop.katja-verlag.de\/en\/fototapeten\/\">more wallpapers by Ilona Reny.<\/a><\/p>\n<p>&nbsp;<\/p>","protected":false},"excerpt":{"rendered":"<p>Rain of Flowers and Plants \/ Fototapete 10 von Ilona Reny Regentropfen, Perlen und funkelnde Sterne fallen und leuchten durch die abstrakten Pflanzen, welche wie S\u00e4ulen angeordnet sind. Diese Pflanzen gef\u00fcllt mit Tieren aller Art, sind in ein blaues Licht getaucht. Das Blau schimmert in sanften T\u00f6nen und erinnert an einen Regen bei Abendd\u00e4mmerung. Die &hellip;<\/p>\n<p class=\"read-more\"> <a class=\"\" href=\"https:\/\/shop.katja-verlag.de\/en\/produkt\/fototapete-10-rain-of-flowers-and-plants\/\"> <span class=\"screen-reader-text\">Mural 10 Rain of Flowers and Plants<\/span> Read More &raquo;<\/a><\/p>","protected":false},"featured_media":3903,"comment_status":"open","ping_status":"closed","template":"","meta":{"site-sidebar-layout":"default","site-content-layout":"default","ast-global-header-display":"","ast-main-header-display":"","ast-hfb-above-header-display":"","ast-hfb-below-header-display":"","ast-hfb-mobile-header-display":"","site-post-title":"","ast-breadcrumbs-content":"","ast-featured-img":"","footer-sml-layout":"","theme-transparent-header-meta":"","adv-header-id-meta":"","stick-header-meta":"","header-above-stick-meta":"","header-main-stick-meta":"","header-below-stick-meta":""},"product_brand":[],"product_cat":[291],"product_tag":[],"class_list":{"0":"post-3895","1":"product","2":"type-product","3":"status-publish","4":"has-post-thumbnail","6":"product_cat-fototapeten","7":"product_shipping_class-versandkostenpauschale","8":"desktop-align-left","9":"tablet-align-left","10":"mobile-align-left","12":"first","13":"instock","14":"taxable","15":"shipping-taxable","16":"purchasable","17":"product-type-variable"},"_links":{"self":[{"href":"https:\/\/shop.katja-verlag.de\/en\/wp-json\/wp\/v2\/product\/3895","targetHints":{"allow":["GET"]}}],"collection":[{"href":"https:\/\/shop.katja-verlag.de\/en\/wp-json\/wp\/v2\/product"}],"about":[{"href":"https:\/\/shop.katja-verlag.de\/en\/wp-json\/wp\/v2\/types\/product"}],"replies":[{"embeddable":true,"href":"https:\/\/shop.katja-verlag.de\/en\/wp-json\/wp\/v2\/comments?post=3895"}],"version-history":[{"count":4,"href":"https:\/\/shop.katja-verlag.de\/en\/wp-json\/wp\/v2\/product\/3895\/revisions"}],"predecessor-version":[{"id":3908,"href":"https:\/\/shop.katja-verlag.de\/en\/wp-json\/wp\/v2\/product\/3895\/revisions\/3908"}],"wp:featuredmedia":[{"embeddable":true,"href":"https:\/\/shop.katja-verlag.de\/en\/wp-json\/wp\/v2\/media\/3903"}],"wp:attachment":[{"href":"https:\/\/shop.katja-verlag.de\/en\/wp-json\/wp\/v2\/media?parent=3895"}],"wp:term":[{"taxonomy":"product_brand","embeddable":true,"href":"https:\/\/shop.katja-verlag.de\/en\/wp-json\/wp\/v2\/product_brand?post=3895"},{"taxonomy":"product_cat","embeddable":true,"href":"https:\/\/shop.katja-verlag.de\/en\/wp-json\/wp\/v2\/product_cat?post=3895"},{"taxonomy":"product_tag","embeddable":true,"href":"https:\/\/shop.katja-verlag.de\/en\/wp-json\/wp\/v2\/product_tag?post=3895"}],"curies":[{"name":"wp","href":"https:\/\/api.w.org\/{rel}","templated":true}]}}