{"id":3884,"date":"2020-11-17T20:27:45","date_gmt":"2020-11-17T19:27:45","guid":{"rendered":"https:\/\/shop.katja-verlag.de\/?post_type=product&#038;p=3884"},"modified":"2020-11-17T20:53:52","modified_gmt":"2020-11-17T19:53:52","slug":"fototapete-09-morning-light-city","status":"publish","type":"product","link":"https:\/\/shop.katja-verlag.de\/en\/produkt\/fototapete-09-morning-light-city\/","title":{"rendered":"Mural 09 Morning Light City"},"content":{"rendered":"<p>Morning Light City \/ Mural 09 von Ilona Reny<\/p>\n<p>This motif shows a surreal scene against a pale grey background. Individual houses rise into the sky on the straight horizon line. Plants, flowers and their shadows hover in the sky above them. Among them are some flying fish, a popular motif of Ilona Reny. Butterflies and birds mingle under raindrops. Big fluffy feathers fall from the sky as if they had lost numerous birds, or maybe it was the feathered fishes? The darker ground with its mirror-like smoothness looks like an abstract stage set for an opera. The sky becomes brighter and brighter from top to bottom to create a contrast on the horizon between the ground and the sky. With its restrained grey, Morning Light City complements your interior and is pleasing to the eye.<\/p>\n<p>This photo wallpaper is available in the following sizes:<\/p>\n<p>height x width<\/p>\n<p>150 x 208 cm<\/p>\n<p>200 x 278 cm<\/p>\n<p>250 x 347 cm<\/p>\n<p>265 x 368 cm<\/p>\n<p>280 x 389 cm<\/p>\n<p>Material properties:<\/p>\n<p>-PVC-free wallpaper fleece, free of plasticizers<br \/>\n-pulp and textile fibers, combined with polymeric binders<br \/>\nSurface: smooth and matt<br \/>\nBasis weight: 150g\/m\u00b2<br \/>\nPrinting: environmentally friendly latex printing, low-odor, UV-resistant, 100% safe for your health<br \/>\napplication: Interior<br \/>\nweb width: even webs in 50-65 cm width<br \/>\nFabrication: cut ready for gluing without overlap\nweb width: even webs in 50-65 cm width<br \/>\nFire class: hardly inflammable in combination with mineral substrates (B1)<br \/>\nOther features:<br \/>\n- tear-resistant, opaque, breathable, shock-resistant, dimensionally stable and crack-bridging (Class A)<br \/>\n- completely dry peelable using fleece adhesive<br \/>\n&#8211; made in Germany<br \/>\nOther materials\/other dimensions: available on request<\/p>\n<p>Eine Vliestapete l\u00e4sst sich kinderleicht anbringen, denn der Vliestapeten-Kleister wird direkt an die Wand aufgetragen, so dass die trockene Tapete bequem auf die Wand aufgeklebt werden kann.<\/p>\n<p>Discover <a href=\"https:\/\/shop.katja-verlag.de\/en\/fototapeten\/\">more wallpapers by Ilona Reny.<\/a><\/p>\n<p>&nbsp;<\/p>","protected":false},"excerpt":{"rendered":"<p>Morning Light City \/ Fototapete 09 von Ilona Reny Dieses Motiv zeigt eine surreale Szene vor einem zart grauen Hintergrund. Einzelne H\u00e4user ragen in den Himmel an der geraden Horizontlinie. Pflanzen, Blumen und deren Schatten schweben im Himmel \u00fcber ihnen. Darunter sind auch einige fliegende Fische, ein beliebtes Motiv von Ilona Reny. Schmetterlinge und V\u00f6gel &hellip;<\/p>\n<p class=\"read-more\"> <a class=\"\" href=\"https:\/\/shop.katja-verlag.de\/en\/produkt\/fototapete-09-morning-light-city\/\"> <span class=\"screen-reader-text\">Mural 09 Morning Light City<\/span> Read More &raquo;<\/a><\/p>","protected":false},"featured_media":3892,"comment_status":"open","ping_status":"closed","template":"","meta":{"site-sidebar-layout":"default","site-content-layout":"default","ast-global-header-display":"","ast-main-header-display":"","ast-hfb-above-header-display":"","ast-hfb-below-header-display":"","ast-hfb-mobile-header-display":"","site-post-title":"","ast-breadcrumbs-content":"","ast-featured-img":"","footer-sml-layout":"","theme-transparent-header-meta":"","adv-header-id-meta":"","stick-header-meta":"","header-above-stick-meta":"","header-main-stick-meta":"","header-below-stick-meta":""},"product_brand":[],"product_cat":[291],"product_tag":[],"class_list":{"0":"post-3884","1":"product","2":"type-product","3":"status-publish","4":"has-post-thumbnail","6":"product_cat-fototapeten","7":"product_shipping_class-versandkostenpauschale","8":"desktop-align-left","9":"tablet-align-left","10":"mobile-align-left","12":"first","13":"instock","14":"taxable","15":"shipping-taxable","16":"purchasable","17":"product-type-variable"},"_links":{"self":[{"href":"https:\/\/shop.katja-verlag.de\/en\/wp-json\/wp\/v2\/product\/3884","targetHints":{"allow":["GET"]}}],"collection":[{"href":"https:\/\/shop.katja-verlag.de\/en\/wp-json\/wp\/v2\/product"}],"about":[{"href":"https:\/\/shop.katja-verlag.de\/en\/wp-json\/wp\/v2\/types\/product"}],"replies":[{"embeddable":true,"href":"https:\/\/shop.katja-verlag.de\/en\/wp-json\/wp\/v2\/comments?post=3884"}],"version-history":[{"count":1,"href":"https:\/\/shop.katja-verlag.de\/en\/wp-json\/wp\/v2\/product\/3884\/revisions"}],"predecessor-version":[{"id":3894,"href":"https:\/\/shop.katja-verlag.de\/en\/wp-json\/wp\/v2\/product\/3884\/revisions\/3894"}],"wp:featuredmedia":[{"embeddable":true,"href":"https:\/\/shop.katja-verlag.de\/en\/wp-json\/wp\/v2\/media\/3892"}],"wp:attachment":[{"href":"https:\/\/shop.katja-verlag.de\/en\/wp-json\/wp\/v2\/media?parent=3884"}],"wp:term":[{"taxonomy":"product_brand","embeddable":true,"href":"https:\/\/shop.katja-verlag.de\/en\/wp-json\/wp\/v2\/product_brand?post=3884"},{"taxonomy":"product_cat","embeddable":true,"href":"https:\/\/shop.katja-verlag.de\/en\/wp-json\/wp\/v2\/product_cat?post=3884"},{"taxonomy":"product_tag","embeddable":true,"href":"https:\/\/shop.katja-verlag.de\/en\/wp-json\/wp\/v2\/product_tag?post=3884"}],"curies":[{"name":"wp","href":"https:\/\/api.w.org\/{rel}","templated":true}]}}