{"id":3870,"date":"2020-11-17T18:54:58","date_gmt":"2020-11-17T17:54:58","guid":{"rendered":"https:\/\/shop.katja-verlag.de\/?post_type=product&#038;p=3870"},"modified":"2020-11-17T19:53:02","modified_gmt":"2020-11-17T18:53:02","slug":"fototapete-08-fairytale-castle-garden","status":"publish","type":"product","link":"https:\/\/shop.katja-verlag.de\/en\/produkt\/fototapete-08-fairytale-castle-garden\/","title":{"rendered":"Mural 08 Fairytale Castle Garden"},"content":{"rendered":"<p>Fairytale Castle Garden \/ Mural 08 von Ilona Reny<\/p>\n<p>This motif is filled with all those enchanting flowery impressions that you collect when you let your gaze wander through a fairytale garden. All the butterflies, flowers, plants and more bizarre elements fill the sky and seem to float as if in tendrils above a surreal castle. All this is held together against a cool beige background. The beige creates cosiness and lets the many bright objects shine out nobly. The scene otherwise appears rather stimulating and inspires reflection with its complexity and multilayeredness. This wallpaper is matched by furniture in a surprisingly wide range of colors. Fairytale Castle Garden: this wallpaper has the ability to put furniture in the center and make it look more noble by its composition.<\/p>\n<p>This photo wallpaper is available in the following sizes:<\/p>\n<p>height x width<\/p>\n<p>150 x 208 cm<\/p>\n<p>200 x 278 cm<\/p>\n<p>250 x 347 cm<\/p>\n<p>265 x 368 cm<\/p>\n<p>280 x 389 cm<\/p>\n<p>Material properties:<\/p>\n<p>-PVC-free wallpaper fleece, free of plasticizers<br \/>\n-pulp and textile fibers, combined with polymeric binders<br \/>\nSurface: smooth and matt<br \/>\nBasis weight: 150g\/m\u00b2<br \/>\nPrinting: environmentally friendly latex printing, low-odor, UV-resistant, 100% safe for your health<br \/>\napplication: Interior<br \/>\nweb width: even webs in 50-65 cm width<br \/>\nFabrication: cut ready for gluing without overlap\nweb width: even webs in 50-65 cm width<br \/>\nFire class: hardly inflammable in combination with mineral substrates (B1)<br \/>\nOther features:<br \/>\n- tear-resistant, opaque, breathable, shock-resistant, dimensionally stable and crack-bridging (Class A)<br \/>\n- completely dry peelable using fleece adhesive<br \/>\n&#8211; made in Germany<br \/>\nOther materials\/other dimensions: available on request<\/p>\n<p>Eine Vliestapete l\u00e4sst sich kinderleicht anbringen, denn der Vliestapeten-Kleister wird direkt an die Wand aufgetragen, so dass die trockene Tapete bequem auf die Wand aufgeklebt werden kann.<\/p>\n<p>Discover <a href=\"https:\/\/shop.katja-verlag.de\/en\/fototapeten\/\">more wallpapers by Ilona Reny.<\/a><\/p>\n<p>&nbsp;<\/p>","protected":false},"excerpt":{"rendered":"<p>Fairytale Castle Garden \/ Fototapete 08 von Ilona Reny Dieses Motiv ist gef\u00fcllt mit all diesen zauberhaften blumigen Eindr\u00fccken, die man sammelt, wenn man seinen Blick durch einen m\u00e4rchenhaften Garten wandern l\u00e4sst. All die Schmetterlinge, Blumen, Pflanzen und skurrilere Elemente f\u00fcllen den Himmel und scheinen wie in Ranken \u00fcber einem surrealen Schloss zu schweben. All &hellip;<\/p>\n<p class=\"read-more\"> <a class=\"\" href=\"https:\/\/shop.katja-verlag.de\/en\/produkt\/fototapete-08-fairytale-castle-garden\/\"> <span class=\"screen-reader-text\">Mural 08 Fairytale Castle Garden<\/span> Read More &raquo;<\/a><\/p>","protected":false},"featured_media":3878,"comment_status":"open","ping_status":"closed","template":"","meta":{"site-sidebar-layout":"default","site-content-layout":"default","ast-global-header-display":"","ast-main-header-display":"","ast-hfb-above-header-display":"","ast-hfb-below-header-display":"","ast-hfb-mobile-header-display":"","site-post-title":"","ast-breadcrumbs-content":"","ast-featured-img":"","footer-sml-layout":"","theme-transparent-header-meta":"","adv-header-id-meta":"","stick-header-meta":"","header-above-stick-meta":"","header-main-stick-meta":"","header-below-stick-meta":""},"product_brand":[],"product_cat":[291],"product_tag":[],"class_list":{"0":"post-3870","1":"product","2":"type-product","3":"status-publish","4":"has-post-thumbnail","6":"product_cat-fototapeten","7":"product_shipping_class-versandkostenpauschale","8":"desktop-align-left","9":"tablet-align-left","10":"mobile-align-left","12":"first","13":"instock","14":"taxable","15":"shipping-taxable","16":"purchasable","17":"product-type-variable"},"_links":{"self":[{"href":"https:\/\/shop.katja-verlag.de\/en\/wp-json\/wp\/v2\/product\/3870","targetHints":{"allow":["GET"]}}],"collection":[{"href":"https:\/\/shop.katja-verlag.de\/en\/wp-json\/wp\/v2\/product"}],"about":[{"href":"https:\/\/shop.katja-verlag.de\/en\/wp-json\/wp\/v2\/types\/product"}],"replies":[{"embeddable":true,"href":"https:\/\/shop.katja-verlag.de\/en\/wp-json\/wp\/v2\/comments?post=3870"}],"version-history":[{"count":4,"href":"https:\/\/shop.katja-verlag.de\/en\/wp-json\/wp\/v2\/product\/3870\/revisions"}],"predecessor-version":[{"id":3883,"href":"https:\/\/shop.katja-verlag.de\/en\/wp-json\/wp\/v2\/product\/3870\/revisions\/3883"}],"wp:featuredmedia":[{"embeddable":true,"href":"https:\/\/shop.katja-verlag.de\/en\/wp-json\/wp\/v2\/media\/3878"}],"wp:attachment":[{"href":"https:\/\/shop.katja-verlag.de\/en\/wp-json\/wp\/v2\/media?parent=3870"}],"wp:term":[{"taxonomy":"product_brand","embeddable":true,"href":"https:\/\/shop.katja-verlag.de\/en\/wp-json\/wp\/v2\/product_brand?post=3870"},{"taxonomy":"product_cat","embeddable":true,"href":"https:\/\/shop.katja-verlag.de\/en\/wp-json\/wp\/v2\/product_cat?post=3870"},{"taxonomy":"product_tag","embeddable":true,"href":"https:\/\/shop.katja-verlag.de\/en\/wp-json\/wp\/v2\/product_tag?post=3870"}],"curies":[{"name":"wp","href":"https:\/\/api.w.org\/{rel}","templated":true}]}}