{"id":384,"date":"2017-12-06T19:27:30","date_gmt":"2017-12-06T18:27:30","guid":{"rendered":"http:\/\/shop.katja-verlag.de\/?post_type=product&#038;p=384"},"modified":"2024-02-24T23:41:59","modified_gmt":"2024-02-24T22:41:59","slug":"postkarte-der-elfendrache-ilona-reny-kopie","status":"publish","type":"product","link":"https:\/\/shop.katja-verlag.de\/en\/produkt\/postkarte-der-elfendrache-ilona-reny-nr-p15\/","title":{"rendered":"Postcard \"the elfin dragon\" No.:P15"},"content":{"rendered":"<p>Postkarte &#8222;der Elfendrache&#8220; von Ilona Reny: Diese blau-violette Postkarte zeigt eine m\u00e4rchenhafte Welt mit einem kleinen Elfendrachen aus dem Buch &#8222;Kleine Enzyklop\u00e4die der Drachen&#8220;. Der Drache fliegt \u00fcber einer Wiese voller Schmetterlinge. Die Insekten sind nicht viel kleiner als der Drache.<\/p>\n<p>Postcards DIN A6, simple, without envelope<\/p>","protected":false},"excerpt":{"rendered":"<p>Postkarte &#8222;der Elfendrache&#8220; von Ilona Reny: Diese blau-violette Postkarte zeigt eine m\u00e4rchenhafte Welt mit einem kleinen Elfendrachen aus dem Buch &#8222;Kleine Enzyklop\u00e4die der Drachen&#8220;.<\/p>\n<p>Postcards DIN A6, simple, without envelope<\/p>","protected":false},"featured_media":2329,"comment_status":"open","ping_status":"closed","template":"","meta":{"site-sidebar-layout":"default","site-content-layout":"default","ast-global-header-display":"","ast-main-header-display":"","ast-hfb-above-header-display":"","ast-hfb-below-header-display":"","ast-hfb-mobile-header-display":"","site-post-title":"","ast-breadcrumbs-content":"","ast-featured-img":"","footer-sml-layout":"","theme-transparent-header-meta":"","adv-header-id-meta":"","stick-header-meta":"","header-above-stick-meta":"","header-main-stick-meta":"","header-below-stick-meta":""},"product_brand":[],"product_cat":[207],"product_tag":[],"class_list":{"0":"post-384","1":"product","2":"type-product","3":"status-publish","4":"has-post-thumbnail","6":"product_cat-postkarte-quer","7":"product_shipping_class-versandkostenpauschale","8":"desktop-align-left","9":"tablet-align-left","10":"mobile-align-left","12":"first","13":"instock","14":"taxable","15":"shipping-taxable","16":"purchasable","17":"product-type-simple"},"_links":{"self":[{"href":"https:\/\/shop.katja-verlag.de\/en\/wp-json\/wp\/v2\/product\/384","targetHints":{"allow":["GET"]}}],"collection":[{"href":"https:\/\/shop.katja-verlag.de\/en\/wp-json\/wp\/v2\/product"}],"about":[{"href":"https:\/\/shop.katja-verlag.de\/en\/wp-json\/wp\/v2\/types\/product"}],"replies":[{"embeddable":true,"href":"https:\/\/shop.katja-verlag.de\/en\/wp-json\/wp\/v2\/comments?post=384"}],"version-history":[{"count":3,"href":"https:\/\/shop.katja-verlag.de\/en\/wp-json\/wp\/v2\/product\/384\/revisions"}],"predecessor-version":[{"id":3945,"href":"https:\/\/shop.katja-verlag.de\/en\/wp-json\/wp\/v2\/product\/384\/revisions\/3945"}],"wp:featuredmedia":[{"embeddable":true,"href":"https:\/\/shop.katja-verlag.de\/en\/wp-json\/wp\/v2\/media\/2329"}],"wp:attachment":[{"href":"https:\/\/shop.katja-verlag.de\/en\/wp-json\/wp\/v2\/media?parent=384"}],"wp:term":[{"taxonomy":"product_brand","embeddable":true,"href":"https:\/\/shop.katja-verlag.de\/en\/wp-json\/wp\/v2\/product_brand?post=384"},{"taxonomy":"product_cat","embeddable":true,"href":"https:\/\/shop.katja-verlag.de\/en\/wp-json\/wp\/v2\/product_cat?post=384"},{"taxonomy":"product_tag","embeddable":true,"href":"https:\/\/shop.katja-verlag.de\/en\/wp-json\/wp\/v2\/product_tag?post=384"}],"curies":[{"name":"wp","href":"https:\/\/api.w.org\/{rel}","templated":true}]}}