{"id":3828,"date":"2020-11-16T09:49:52","date_gmt":"2020-11-16T08:49:52","guid":{"rendered":"https:\/\/shop.katja-verlag.de\/?post_type=product&#038;p=3828"},"modified":"2024-03-09T14:02:40","modified_gmt":"2024-03-09T13:02:40","slug":"fototapete-06-window-to-an-imagined-world","status":"publish","type":"product","link":"https:\/\/shop.katja-verlag.de\/en\/produkt\/fototapete-06-window-to-an-imagined-world\/","title":{"rendered":"Mural 06 Window to an imagined world"},"content":{"rendered":"<p>Window to an imagined world \/ Fototapete 06 von Ilona Reny<\/p>\n<p>2 Schwimmbecken, oder sind es blau-gr\u00fcne Teppiche?, leiten unseren Blick hinaus in eine Welt voller Archen, und fliegender Fische mit Vogel-Fl\u00fcgeln. Ein wei\u00dfer Storch steht an einer der Arche, als w\u00fcrde er G\u00e4ste am Eingang seines Hauses treffen. Zahlreiche fliegende Fische und V\u00f6gel verteilen sich im Raum, gefolgt von zarten rosafarbenen Bl\u00fcten, B\u00e4umen, K\u00e4figen und verschiedenen Kugeln, von welchen manche, wie Regentropfen aussehen. Eine fantasievolle Gartenlandschaft, aus welcher V\u00f6gel regelrecht rausfallen, um auf weichen Meereswellen im unteren Bereich des Bildes zu fallen. &#8222;Window to an imagined world&#8220; l\u00e4dt das Auge zum Verweilen und Entspannen an. Es wirkt anregend und beruhigend zugleich und ist eine willkommene Ablenkung vom Bildschirm.<\/p>\n<p>This photo wallpaper is available in the following sizes:<\/p>\n<p>height x width<\/p>\n<p>150 x 105 cm<\/p>\n<p>200 x 140 cm<\/p>\n<p>250 x 175 cm<\/p>\n<p>265 x 185 cm<\/p>\n<p>280 x 196 cm<\/p>\n<p>Material properties:<\/p>\n<p>-PVC-free wallpaper fleece, free of plasticizers<br \/>\n-pulp and textile fibers, combined with polymeric binders<br \/>\nSurface: smooth and matt<br \/>\nBasis weight: 150g\/m\u00b2<br \/>\nPrinting: environmentally friendly latex printing, low-odor, UV-resistant, 100% safe for your health<br \/>\napplication: Interior<br \/>\nweb width: even webs in 50-65 cm width<br \/>\nFabrication: cut ready for gluing without overlap\nweb width: even webs in 50-65 cm width<br \/>\nFire class: hardly inflammable in combination with mineral substrates (B1)<br \/>\nOther features:<br \/>\n- tear-resistant, opaque, breathable, shock-resistant, dimensionally stable and crack-bridging (Class A)<br \/>\n- completely dry peelable using fleece adhesive<br \/>\n&#8211; made in Germany<br \/>\nOther materials\/other dimensions: available on request<\/p>\n<p>Eine Vliestapete l\u00e4sst sich kinderleicht anbringen, denn der Vliestapeten-Kleister wird direkt an die Wand aufgetragen, so dass die trockene Tapete bequem auf die Wand aufgeklebt werden kann.<\/p>\n<p>Discover <a href=\"https:\/\/shop.katja-verlag.de\/en\/fototapeten\/\">more wallpapers by Ilona Reny.<\/a><\/p>\n<p>&nbsp;<\/p>","protected":false},"excerpt":{"rendered":"<p>Window to an imagined world \/ Fototapete 06 von Ilona Reny 2 Schwimmbecken, oder sind es blau-gr\u00fcne Teppiche?, leiten unseren Blick hinaus in eine Welt voller Archen, und fliegender Fische mit Vogel-Fl\u00fcgeln. Ein wei\u00dfer Storch steht an einer der Arche, als w\u00fcrde er G\u00e4ste am Eingang seines Hauses treffen. Zahlreiche fliegende Fische und V\u00f6gel verteilen &hellip;<\/p>\n<p class=\"read-more\"> <a class=\"\" href=\"https:\/\/shop.katja-verlag.de\/en\/produkt\/fototapete-06-window-to-an-imagined-world\/\"> <span class=\"screen-reader-text\">Mural 06 Window to an imagined world<\/span> Read More &raquo;<\/a><\/p>","protected":false},"featured_media":3840,"comment_status":"open","ping_status":"closed","template":"","meta":{"site-sidebar-layout":"default","site-content-layout":"default","ast-global-header-display":"","ast-main-header-display":"","ast-hfb-above-header-display":"","ast-hfb-below-header-display":"","ast-hfb-mobile-header-display":"","site-post-title":"","ast-breadcrumbs-content":"","ast-featured-img":"","footer-sml-layout":"","theme-transparent-header-meta":"","adv-header-id-meta":"","stick-header-meta":"","header-above-stick-meta":"","header-main-stick-meta":"","header-below-stick-meta":""},"product_brand":[],"product_cat":[308],"product_tag":[],"class_list":{"0":"post-3828","1":"product","2":"type-product","3":"status-publish","4":"has-post-thumbnail","6":"product_cat-fototapeten-hochkant","7":"product_shipping_class-versandkostenpauschale","8":"desktop-align-left","9":"tablet-align-left","10":"mobile-align-left","12":"first","13":"instock","14":"taxable","15":"shipping-taxable","16":"purchasable","17":"product-type-variable"},"_links":{"self":[{"href":"https:\/\/shop.katja-verlag.de\/en\/wp-json\/wp\/v2\/product\/3828","targetHints":{"allow":["GET"]}}],"collection":[{"href":"https:\/\/shop.katja-verlag.de\/en\/wp-json\/wp\/v2\/product"}],"about":[{"href":"https:\/\/shop.katja-verlag.de\/en\/wp-json\/wp\/v2\/types\/product"}],"replies":[{"embeddable":true,"href":"https:\/\/shop.katja-verlag.de\/en\/wp-json\/wp\/v2\/comments?post=3828"}],"version-history":[{"count":5,"href":"https:\/\/shop.katja-verlag.de\/en\/wp-json\/wp\/v2\/product\/3828\/revisions"}],"predecessor-version":[{"id":3853,"href":"https:\/\/shop.katja-verlag.de\/en\/wp-json\/wp\/v2\/product\/3828\/revisions\/3853"}],"wp:featuredmedia":[{"embeddable":true,"href":"https:\/\/shop.katja-verlag.de\/en\/wp-json\/wp\/v2\/media\/3840"}],"wp:attachment":[{"href":"https:\/\/shop.katja-verlag.de\/en\/wp-json\/wp\/v2\/media?parent=3828"}],"wp:term":[{"taxonomy":"product_brand","embeddable":true,"href":"https:\/\/shop.katja-verlag.de\/en\/wp-json\/wp\/v2\/product_brand?post=3828"},{"taxonomy":"product_cat","embeddable":true,"href":"https:\/\/shop.katja-verlag.de\/en\/wp-json\/wp\/v2\/product_cat?post=3828"},{"taxonomy":"product_tag","embeddable":true,"href":"https:\/\/shop.katja-verlag.de\/en\/wp-json\/wp\/v2\/product_tag?post=3828"}],"curies":[{"name":"wp","href":"https:\/\/api.w.org\/{rel}","templated":true}]}}