{"id":342,"date":"2017-12-06T16:41:26","date_gmt":"2017-12-06T15:41:26","guid":{"rendered":"http:\/\/shop.katja-verlag.de\/?post_type=product&#038;p=342"},"modified":"2024-02-24T23:46:01","modified_gmt":"2024-02-24T22:46:01","slug":"postkarte-aus-thomas-und-das-meer","status":"publish","type":"product","link":"https:\/\/shop.katja-verlag.de\/en\/produkt\/postkarte-aus-thomas-und-das-meer\/","title":{"rendered":"Postcard from \"Thomas und das Meer\" No.:P07"},"content":{"rendered":"<p>Postkarte aus &#8222;Thomas und das Meer&#8220; diese vertr\u00e4umt blaue Postkarte zeigt einen wei\u00dfen Hamster mit einer Laterne und Kaffeetasse. Um ihn herum schwirren V\u00f6gel, Schmetterlinge, Libellen und Regentropfen. Der ganze Himmel ist mit Leben gef\u00fcllt. Der Hamster selbst steht auf einem gro\u00dfen Blatt. Das Motiv wirkt nachdenklich, vertr\u00e4umt, s\u00fc\u00df und witzig.<\/p>\n<p>Postcards DIN A6, simple, without envelope<\/p>\n<p>&nbsp;<\/p>\n<p>The book for the motif is available here: <a href=\"https:\/\/shop.katja-verlag.de\/en\/buecher-und-zubehoer\/\">Thomas und das Meer &#8211; Ilona Reny<\/a><\/p>\n<p>&nbsp;<\/p>","protected":false},"excerpt":{"rendered":"<p>Postkarte aus &#8222;Thomas und das Meer&#8220; diese vertr\u00e4umt blaue Postkarte zeigt einen wei\u00dfen Hamster mit einer Laterne und Kaffeetasse.<\/p>\n<p>Postcards DIN A6, simple, without envelope<\/p>\n<p>The book for the motif is available here: <a href=\"https:\/\/shop.katja-verlag.de\/en\/buecher-und-zubehoer\/\">Thomas und das Meer &#8211; Ilona Reny<\/a><\/p>\n<p>&nbsp;<\/p>","protected":false},"featured_media":2321,"comment_status":"open","ping_status":"closed","template":"","meta":{"site-sidebar-layout":"default","site-content-layout":"default","ast-global-header-display":"","ast-main-header-display":"","ast-hfb-above-header-display":"","ast-hfb-below-header-display":"","ast-hfb-mobile-header-display":"","site-post-title":"","ast-breadcrumbs-content":"","ast-featured-img":"","footer-sml-layout":"","theme-transparent-header-meta":"","adv-header-id-meta":"","stick-header-meta":"","header-above-stick-meta":"","header-main-stick-meta":"","header-below-stick-meta":""},"product_brand":[],"product_cat":[36],"product_tag":[],"class_list":{"0":"post-342","1":"product","2":"type-product","3":"status-publish","4":"has-post-thumbnail","6":"product_cat-postkarten","7":"product_shipping_class-versandkostenpauschale","8":"desktop-align-left","9":"tablet-align-left","10":"mobile-align-left","12":"first","13":"instock","14":"taxable","15":"shipping-taxable","16":"purchasable","17":"product-type-simple"},"_links":{"self":[{"href":"https:\/\/shop.katja-verlag.de\/en\/wp-json\/wp\/v2\/product\/342","targetHints":{"allow":["GET"]}}],"collection":[{"href":"https:\/\/shop.katja-verlag.de\/en\/wp-json\/wp\/v2\/product"}],"about":[{"href":"https:\/\/shop.katja-verlag.de\/en\/wp-json\/wp\/v2\/types\/product"}],"replies":[{"embeddable":true,"href":"https:\/\/shop.katja-verlag.de\/en\/wp-json\/wp\/v2\/comments?post=342"}],"version-history":[{"count":6,"href":"https:\/\/shop.katja-verlag.de\/en\/wp-json\/wp\/v2\/product\/342\/revisions"}],"predecessor-version":[{"id":3939,"href":"https:\/\/shop.katja-verlag.de\/en\/wp-json\/wp\/v2\/product\/342\/revisions\/3939"}],"wp:featuredmedia":[{"embeddable":true,"href":"https:\/\/shop.katja-verlag.de\/en\/wp-json\/wp\/v2\/media\/2321"}],"wp:attachment":[{"href":"https:\/\/shop.katja-verlag.de\/en\/wp-json\/wp\/v2\/media?parent=342"}],"wp:term":[{"taxonomy":"product_brand","embeddable":true,"href":"https:\/\/shop.katja-verlag.de\/en\/wp-json\/wp\/v2\/product_brand?post=342"},{"taxonomy":"product_cat","embeddable":true,"href":"https:\/\/shop.katja-verlag.de\/en\/wp-json\/wp\/v2\/product_cat?post=342"},{"taxonomy":"product_tag","embeddable":true,"href":"https:\/\/shop.katja-verlag.de\/en\/wp-json\/wp\/v2\/product_tag?post=342"}],"curies":[{"name":"wp","href":"https:\/\/api.w.org\/{rel}","templated":true}]}}