{"id":340,"date":"2017-12-06T16:17:00","date_gmt":"2017-12-06T15:17:00","guid":{"rendered":"http:\/\/shop.katja-verlag.de\/?post_type=product&#038;p=340"},"modified":"2024-03-09T14:02:17","modified_gmt":"2024-03-09T13:02:17","slug":"postkarte-naechtlicher-regen-ilona-reny-2","status":"publish","type":"product","link":"https:\/\/shop.katja-verlag.de\/en\/produkt\/postkarte-naechtlicher-regen-ilona-reny-2\/","title":{"rendered":"Postcard \"nocturnal rain II\" No.: P06"},"content":{"rendered":"<p>N\u00e4chtlicher Regen II &#8211; Postkarte von Ilona Reny<\/p>\n<p>Auf dieser dunkelblauen Postkarte herrscht Nacht und Nachdenklichkeit. \u00dcber einer schlafenden Stadt schweben Schmetterlinge, V\u00f6gel und einzelne Schauer aus Regentropfen. Alles, was nicht fliegen kann, h\u00e4ngt an langen Ketten vom Himmel herab. Dazu geh\u00f6rt auch ein \u00fcberdimensionaler umgedrehter Regenschirm und zwei alte Uhren. Eine Teekanne schwebt in einer gro\u00dfen Luftblase in der Luft. Sanfte k\u00fchlere und w\u00e4rmere Farb\u00fcberg\u00e4nge tauchen den Himmel in ein neblig schimmerndes Licht. Die Postkarte &#8222;n\u00e4chtlicher Regen II&#8220;\u00a0 ist eine sehr atmosph\u00e4rische Postkarte, die eine vertr\u00e4umte Stimmung vermittelt.<\/p>\n<p>Darf es noch etwas n\u00e4chtlicher sein? Die Postkarte <a href=\"https:\/\/shop.katja-verlag.de\/en\/product\/postkarte-naechtlicher-regen\/\">&#8222;N\u00e4chtlicher Regen I&#8220;<\/a> ist noch dunkler. Suchen Sie sich die Karte aus, die Ihnen am meisten gef\u00e4llt oder machen Sie sich daraus ein Set.<\/p>\n<p>Ma\u00dfe: DIN A6, einfache Postkarte, ohne Umschlag<\/p>","protected":false},"excerpt":{"rendered":"<p>Postcards DIN A6, simple, without envelope<\/p>","protected":false},"featured_media":2320,"comment_status":"open","ping_status":"closed","template":"","meta":{"site-sidebar-layout":"default","site-content-layout":"default","ast-global-header-display":"","ast-main-header-display":"","ast-hfb-above-header-display":"","ast-hfb-below-header-display":"","ast-hfb-mobile-header-display":"","site-post-title":"","ast-breadcrumbs-content":"","ast-featured-img":"","footer-sml-layout":"","theme-transparent-header-meta":"","adv-header-id-meta":"","stick-header-meta":"","header-above-stick-meta":"","header-main-stick-meta":"","header-below-stick-meta":""},"product_brand":[],"product_cat":[36],"product_tag":[],"class_list":{"0":"post-340","1":"product","2":"type-product","3":"status-publish","4":"has-post-thumbnail","6":"product_cat-postkarten","7":"product_shipping_class-versandkostenpauschale","8":"desktop-align-left","9":"tablet-align-left","10":"mobile-align-left","12":"first","13":"instock","14":"taxable","15":"shipping-taxable","16":"purchasable","17":"product-type-simple"},"_links":{"self":[{"href":"https:\/\/shop.katja-verlag.de\/en\/wp-json\/wp\/v2\/product\/340","targetHints":{"allow":["GET"]}}],"collection":[{"href":"https:\/\/shop.katja-verlag.de\/en\/wp-json\/wp\/v2\/product"}],"about":[{"href":"https:\/\/shop.katja-verlag.de\/en\/wp-json\/wp\/v2\/types\/product"}],"replies":[{"embeddable":true,"href":"https:\/\/shop.katja-verlag.de\/en\/wp-json\/wp\/v2\/comments?post=340"}],"version-history":[{"count":3,"href":"https:\/\/shop.katja-verlag.de\/en\/wp-json\/wp\/v2\/product\/340\/revisions"}],"predecessor-version":[{"id":3933,"href":"https:\/\/shop.katja-verlag.de\/en\/wp-json\/wp\/v2\/product\/340\/revisions\/3933"}],"wp:featuredmedia":[{"embeddable":true,"href":"https:\/\/shop.katja-verlag.de\/en\/wp-json\/wp\/v2\/media\/2320"}],"wp:attachment":[{"href":"https:\/\/shop.katja-verlag.de\/en\/wp-json\/wp\/v2\/media?parent=340"}],"wp:term":[{"taxonomy":"product_brand","embeddable":true,"href":"https:\/\/shop.katja-verlag.de\/en\/wp-json\/wp\/v2\/product_brand?post=340"},{"taxonomy":"product_cat","embeddable":true,"href":"https:\/\/shop.katja-verlag.de\/en\/wp-json\/wp\/v2\/product_cat?post=340"},{"taxonomy":"product_tag","embeddable":true,"href":"https:\/\/shop.katja-verlag.de\/en\/wp-json\/wp\/v2\/product_tag?post=340"}],"curies":[{"name":"wp","href":"https:\/\/api.w.org\/{rel}","templated":true}]}}