{"id":3390,"date":"2020-09-01T17:41:45","date_gmt":"2020-09-01T15:41:45","guid":{"rendered":"https:\/\/shop.katja-verlag.de\/?post_type=product&#038;p=3390"},"modified":"2020-09-01T17:44:14","modified_gmt":"2020-09-01T15:44:14","slug":"kalender-immerwaehrend-hochformat","status":"publish","type":"product","link":"https:\/\/shop.katja-verlag.de\/en\/produkt\/kalender-immerwaehrend-hochformat\/","title":{"rendered":"Kalender immerw\u00e4hrend Hochformat"},"content":{"rendered":"<p>Gr\u00f6\u00dfe: DIN A2 (42 cm x 59,4 cm),<\/p>\n<p>Die Kalender sind immerw\u00e4hrend, das hei\u00dft sie lassen sich auch im n\u00e4chsten Jahr weiterverkaufen.<\/p>\n<p>Zu den Kalendern gibt es einen Gimmick: 5 statische Datumsweiser (rote Kreise), mit welchen man sich die maximal 5 Sonntage im Monat markieren kann, oder den Tag heute oder andere wichtige Termine. Hier finden Sie die Bilder von den Kalendern als pdf, die jeweils 2. Seite zeigt die statischen Datumsweiser auf dem Kalender:\u00a0<a href=\"https:\/\/shop.katja-verlag.de\/wp-content\/uploads\/2020\/04\/Kalenderinfo-August-2020.pdf\" target=\"_blank\" rel=\"noopener noreferrer\">https:\/\/shop.katja-verlag.de\/wp-content\/uploads\/2020\/04\/Kalenderinfo-August-2020.pdf<\/a><\/p>\n<p>Zum Kalender gibt es keine VEs, EK ist 20,-\u20ac, UVP ist 44,-. Der Kalender ist auf hochwertigem 300g Bilderdruck-Papier gedruckt und hat 12 Seiten, 1 Seite zu jedem Monat.<\/p>\n<p>Dieser Preis gilt nur f\u00fcr Gesch\u00e4ftskunden, den regul\u00e4ren Preis finden Sie <a href=\"https:\/\/shop.katja-verlag.de\/en\/product\/poster-nr-13-aus-thomas-und-das-meer\/\">here<\/a>.<\/p>","protected":false},"excerpt":{"rendered":"<p>Gr\u00f6\u00dfe: DIN A2 (42 cm x 59,4 cm),<\/p>\n<p>Die Kalender sind immerw\u00e4hrend, das hei\u00dft sie lassen sich auch im n\u00e4chsten Jahr weiterverkaufen.<\/p>\n<p>Mit 5 statischen Datumsweisern<\/p>","protected":false},"featured_media":3391,"comment_status":"open","ping_status":"closed","template":"","meta":{"site-sidebar-layout":"default","site-content-layout":"default","ast-global-header-display":"","ast-main-header-display":"","ast-hfb-above-header-display":"","ast-hfb-below-header-display":"","ast-hfb-mobile-header-display":"","site-post-title":"","ast-breadcrumbs-content":"","ast-featured-img":"","footer-sml-layout":"","theme-transparent-header-meta":"","adv-header-id-meta":"","stick-header-meta":"","header-above-stick-meta":"","header-main-stick-meta":"","header-below-stick-meta":""},"product_brand":[],"product_cat":[391],"product_tag":[394,393],"class_list":{"0":"post-3390","1":"product","2":"type-product","3":"status-publish","4":"has-post-thumbnail","6":"product_cat-kalender-b2b","7":"product_tag-immerwaehrend","8":"product_tag-kalender","9":"product_shipping_class-versandkostenpauschale-b2b","10":"desktop-align-left","11":"tablet-align-left","12":"mobile-align-left","14":"first","15":"instock","16":"taxable","17":"shipping-taxable","18":"purchasable","19":"product-type-simple"},"_links":{"self":[{"href":"https:\/\/shop.katja-verlag.de\/en\/wp-json\/wp\/v2\/product\/3390","targetHints":{"allow":["GET"]}}],"collection":[{"href":"https:\/\/shop.katja-verlag.de\/en\/wp-json\/wp\/v2\/product"}],"about":[{"href":"https:\/\/shop.katja-verlag.de\/en\/wp-json\/wp\/v2\/types\/product"}],"replies":[{"embeddable":true,"href":"https:\/\/shop.katja-verlag.de\/en\/wp-json\/wp\/v2\/comments?post=3390"}],"version-history":[{"count":1,"href":"https:\/\/shop.katja-verlag.de\/en\/wp-json\/wp\/v2\/product\/3390\/revisions"}],"predecessor-version":[{"id":3392,"href":"https:\/\/shop.katja-verlag.de\/en\/wp-json\/wp\/v2\/product\/3390\/revisions\/3392"}],"wp:featuredmedia":[{"embeddable":true,"href":"https:\/\/shop.katja-verlag.de\/en\/wp-json\/wp\/v2\/media\/3391"}],"wp:attachment":[{"href":"https:\/\/shop.katja-verlag.de\/en\/wp-json\/wp\/v2\/media?parent=3390"}],"wp:term":[{"taxonomy":"product_brand","embeddable":true,"href":"https:\/\/shop.katja-verlag.de\/en\/wp-json\/wp\/v2\/product_brand?post=3390"},{"taxonomy":"product_cat","embeddable":true,"href":"https:\/\/shop.katja-verlag.de\/en\/wp-json\/wp\/v2\/product_cat?post=3390"},{"taxonomy":"product_tag","embeddable":true,"href":"https:\/\/shop.katja-verlag.de\/en\/wp-json\/wp\/v2\/product_tag?post=3390"}],"curies":[{"name":"wp","href":"https:\/\/api.w.org\/{rel}","templated":true}]}}