{"id":3012,"date":"2020-06-19T21:54:46","date_gmt":"2020-06-19T19:54:46","guid":{"rendered":"https:\/\/shop.katja-verlag.de\/?post_type=product&#038;p=3012"},"modified":"2020-06-19T22:00:58","modified_gmt":"2020-06-19T20:00:58","slug":"fototapete-03-time-machine-alice-theme-nur-b2b","status":"publish","type":"product","link":"https:\/\/shop.katja-verlag.de\/en\/produkt\/fototapete-03-time-machine-alice-theme-kopie\/","title":{"rendered":"Fototapete 03 Time Machine \/ Alice Theme &#8211; nur b2b"},"content":{"rendered":"<p>Dieser Preis ist nur f\u00fcr b2b-Kunden verf\u00fcgbar. Den regul\u00e4ren Preis finden Sie <a href=\"https:\/\/shop.katja-verlag.de\/en\/\">hier.<\/a><\/p>\n<p>Mural 03 Time Machine \/ Alice Theme<\/p>\n<p>Ilona Reny<\/p>\n<p>This photo wallpaper is available in the following sizes:<\/p>\n<p>254 x 182 cm (geeignet f\u00fcr moderene Wandh\u00f6hen)<\/p>\n<p>280 x 200 cm (geeignet f\u00fcr Altbau-Wandh\u00f6hen)<\/p>\n<p>200 x 143 cm und 150 x 107 cm (falls Sie nicht die komplette Wandh\u00f6he tapezieren m\u00f6chten<\/p>\n<p>Material properties:<\/p>\n<p>-PVC-free wallpaper fleece, free of plasticizers<br \/>\n-pulp and textile fibers, combined with polymeric binders<br \/>\nSurface: smooth and matt<br \/>\nBasis weight: 150g\/m\u00b2<br \/>\nPrinting: environmentally friendly latex printing, low-odor, UV-resistant, 100% safe for your health<br \/>\napplication: Interior<br \/>\nweb width: even webs in 50-65 cm width<br \/>\nFabrication: cut ready for gluing without overlap\nweb width: even webs in 50-65 cm width<br \/>\nFire class: hardly inflammable in combination with mineral substrates (B1)<br \/>\nOther features:<br \/>\n- tear-resistant, opaque, breathable, shock-resistant, dimensionally stable and crack-bridging (Class A)<br \/>\n- completely dry peelable using fleece adhesive<br \/>\n&#8211; made in Germany<br \/>\nOther materials\/other dimensions: available on request<\/p>\n<p>Eine Vliestapete l\u00e4sst sich kinderleicht anbringen, denn der Vliestapeten-Kleister wird direkt an die Wand aufgetragen, so dass die trockene Tapete bequem auf die Wand aufgeklebt werden kann.<\/p>","protected":false},"excerpt":{"rendered":"<p>Dieser Preis ist nur f\u00fcr b2b-Kunden verf\u00fcgbar. Den regul\u00e4ren Preis finden Sie hier. Fototapete 03 Time Machine \/ Alice Theme Ilona Reny Diese Fototapete ist verf\u00fcgbar in folgenden Gr\u00f6\u00dfen: 254 x 182 cm (geeignet f\u00fcr moderene Wandh\u00f6hen) 280 x 200 cm (geeignet f\u00fcr Altbau-Wandh\u00f6hen) 200 x 143 cm und 150 x 107 cm (falls Sie &hellip;<\/p>\n<p class=\"read-more\"> <a class=\"\" href=\"https:\/\/shop.katja-verlag.de\/en\/produkt\/fototapete-03-time-machine-alice-theme-kopie\/\"> <span class=\"screen-reader-text\">Fototapete 03 Time Machine \/ Alice Theme &#8211; nur b2b<\/span> Read More &raquo;<\/a><\/p>","protected":false},"featured_media":2698,"comment_status":"open","ping_status":"closed","template":"","meta":{"site-sidebar-layout":"default","site-content-layout":"default","ast-global-header-display":"","ast-main-header-display":"","ast-hfb-above-header-display":"","ast-hfb-below-header-display":"","ast-hfb-mobile-header-display":"","site-post-title":"","ast-breadcrumbs-content":"","ast-featured-img":"","footer-sml-layout":"","theme-transparent-header-meta":"","adv-header-id-meta":"","stick-header-meta":"","header-above-stick-meta":"","header-main-stick-meta":"","header-below-stick-meta":""},"product_brand":[],"product_cat":[335],"product_tag":[310,166,69,76,58,47,48,309],"class_list":{"0":"post-3012","1":"product","2":"type-product","3":"status-publish","4":"has-post-thumbnail","6":"product_cat-fototapeten-hochkant-b2b","7":"product_tag-alice-in-wonderland","8":"product_tag-dunkel","9":"product_tag-fantasy","10":"product_tag-feen","11":"product_tag-rosa","12":"product_tag-traum","13":"product_tag-voegel","14":"product_tag-zeitmaschine","15":"product_shipping_class-versandkostenpauschale","16":"desktop-align-left","17":"tablet-align-left","18":"mobile-align-left","20":"first","21":"instock","22":"taxable","23":"shipping-taxable","24":"purchasable","25":"product-type-variable"},"_links":{"self":[{"href":"https:\/\/shop.katja-verlag.de\/en\/wp-json\/wp\/v2\/product\/3012","targetHints":{"allow":["GET"]}}],"collection":[{"href":"https:\/\/shop.katja-verlag.de\/en\/wp-json\/wp\/v2\/product"}],"about":[{"href":"https:\/\/shop.katja-verlag.de\/en\/wp-json\/wp\/v2\/types\/product"}],"replies":[{"embeddable":true,"href":"https:\/\/shop.katja-verlag.de\/en\/wp-json\/wp\/v2\/comments?post=3012"}],"version-history":[{"count":1,"href":"https:\/\/shop.katja-verlag.de\/en\/wp-json\/wp\/v2\/product\/3012\/revisions"}],"predecessor-version":[{"id":3018,"href":"https:\/\/shop.katja-verlag.de\/en\/wp-json\/wp\/v2\/product\/3012\/revisions\/3018"}],"wp:featuredmedia":[{"embeddable":true,"href":"https:\/\/shop.katja-verlag.de\/en\/wp-json\/wp\/v2\/media\/2698"}],"wp:attachment":[{"href":"https:\/\/shop.katja-verlag.de\/en\/wp-json\/wp\/v2\/media?parent=3012"}],"wp:term":[{"taxonomy":"product_brand","embeddable":true,"href":"https:\/\/shop.katja-verlag.de\/en\/wp-json\/wp\/v2\/product_brand?post=3012"},{"taxonomy":"product_cat","embeddable":true,"href":"https:\/\/shop.katja-verlag.de\/en\/wp-json\/wp\/v2\/product_cat?post=3012"},{"taxonomy":"product_tag","embeddable":true,"href":"https:\/\/shop.katja-verlag.de\/en\/wp-json\/wp\/v2\/product_tag?post=3012"}],"curies":[{"name":"wp","href":"https:\/\/api.w.org\/{rel}","templated":true}]}}