{"id":2998,"date":"2020-06-19T21:41:53","date_gmt":"2020-06-19T19:41:53","guid":{"rendered":"https:\/\/shop.katja-verlag.de\/?post_type=product&#038;p=2998"},"modified":"2020-06-19T21:47:52","modified_gmt":"2020-06-19T19:47:52","slug":"fototapete-01-floating-through-the-flower-jungle-nur-b2b","status":"publish","type":"product","link":"https:\/\/shop.katja-verlag.de\/en\/produkt\/fototapete-01-floating-through-the-flower-jungle-kopie\/","title":{"rendered":"Fototapete 01 Floating through the Flower Jungle &#8211; nur b2b"},"content":{"rendered":"<p>Dieser Preis ist nur f\u00fcr b2b-Kunden verf\u00fcgbar. Den regul\u00e4ren Preis finden Sie <a href=\"https:\/\/shop.katja-verlag.de\/en\/\">hier.<\/a><\/p>\n<p>Mural 01 Floating through the Flower Jungle<\/p>\n<p>Ilona Reny<\/p>\n<p>This photo wallpaper is available in the following sizes:<\/p>\n<p>254 x 363 cm (geeignet f\u00fcr moderene Wandh\u00f6hen)<\/p>\n<p>280 x 400 cm (geeignet f\u00fcr Altbau-Wandh\u00f6hen)<\/p>\n<p>200 x 285,5 cm und 150 x 214 cm (falls Sie nicht die komplette Wandh\u00f6he tapezieren m\u00f6chten<\/p>\n<p>Material properties:<\/p>\n<p>-PVC-free wallpaper fleece, free of plasticizers<br \/>\n-pulp and textile fibers, combined with polymeric binders<br \/>\nSurface: smooth and matt<br \/>\nBasis weight: 150g\/m\u00b2<br \/>\nPrinting: environmentally friendly latex printing, low-odor, UV-resistant, 100% safe for your health<br \/>\napplication: Interior<br \/>\nweb width: even webs in 50-65 cm width<br \/>\nFabrication: cut ready for gluing without overlap\nweb width: even webs in 50-65 cm width<br \/>\nFire class: hardly inflammable in combination with mineral substrates (B1)<br \/>\nOther features:<br \/>\n- tear-resistant, opaque, breathable, shock-resistant, dimensionally stable and crack-bridging (Class A)<br \/>\n- completely dry peelable using fleece adhesive<br \/>\n&#8211; made in Germany<br \/>\nOther materials\/other dimensions: available on request<\/p>\n<p>Eine Vliestapete l\u00e4sst sich kinderleicht anbringen, denn der Vliestapeten-Kleister wird direkt an die Wand aufgetragen, so dass die trockene Tapete bequem auf die Wand aufgeklebt werden kann.<\/p>","protected":false},"excerpt":{"rendered":"<p>Dieser Preis ist nur f\u00fcr b2b-Kunden verf\u00fcgbar. Den regul\u00e4ren Preis finden Sie hier. Fototapete 01 Floating through the Flower Jungle Ilona Reny Diese Fototapete ist verf\u00fcgbar in folgenden Gr\u00f6\u00dfen: 254 x 363 cm (geeignet f\u00fcr moderene Wandh\u00f6hen) 280 x 400 cm (geeignet f\u00fcr Altbau-Wandh\u00f6hen) 200 x 285,5 cm und 150 x 214 cm (falls Sie &hellip;<\/p>\n<p class=\"read-more\"> <a class=\"\" href=\"https:\/\/shop.katja-verlag.de\/en\/produkt\/fototapete-01-floating-through-the-flower-jungle-kopie\/\"> <span class=\"screen-reader-text\">Fototapete 01 Floating through the Flower Jungle &#8211; nur b2b<\/span> Read More &raquo;<\/a><\/p>","protected":false},"featured_media":2700,"comment_status":"open","ping_status":"closed","template":"","meta":{"site-sidebar-layout":"default","site-content-layout":"default","ast-global-header-display":"","ast-main-header-display":"","ast-hfb-above-header-display":"","ast-hfb-below-header-display":"","ast-hfb-mobile-header-display":"","site-post-title":"","ast-breadcrumbs-content":"","ast-featured-img":"","footer-sml-layout":"","theme-transparent-header-meta":"","adv-header-id-meta":"","stick-header-meta":"","header-above-stick-meta":"","header-main-stick-meta":"","header-below-stick-meta":""},"product_brand":[],"product_cat":[292],"product_tag":[68,69,76,44,201,200,66,147,202,47,48],"class_list":{"0":"post-2998","1":"product","2":"type-product","3":"status-publish","4":"has-post-thumbnail","6":"product_cat-fototapeten-b2b","7":"product_tag-blumen","8":"product_tag-fantasy","9":"product_tag-feen","10":"product_tag-fische","11":"product_tag-gold","12":"product_tag-illusion","13":"product_tag-illustration","14":"product_tag-schwarz","15":"product_tag-stadt","16":"product_tag-traum","17":"product_tag-voegel","18":"product_shipping_class-versandkostenpauschale","19":"desktop-align-left","20":"tablet-align-left","21":"mobile-align-left","23":"first","24":"instock","25":"taxable","26":"shipping-taxable","27":"purchasable","28":"product-type-variable"},"_links":{"self":[{"href":"https:\/\/shop.katja-verlag.de\/en\/wp-json\/wp\/v2\/product\/2998","targetHints":{"allow":["GET"]}}],"collection":[{"href":"https:\/\/shop.katja-verlag.de\/en\/wp-json\/wp\/v2\/product"}],"about":[{"href":"https:\/\/shop.katja-verlag.de\/en\/wp-json\/wp\/v2\/types\/product"}],"replies":[{"embeddable":true,"href":"https:\/\/shop.katja-verlag.de\/en\/wp-json\/wp\/v2\/comments?post=2998"}],"version-history":[{"count":1,"href":"https:\/\/shop.katja-verlag.de\/en\/wp-json\/wp\/v2\/product\/2998\/revisions"}],"predecessor-version":[{"id":3003,"href":"https:\/\/shop.katja-verlag.de\/en\/wp-json\/wp\/v2\/product\/2998\/revisions\/3003"}],"wp:featuredmedia":[{"embeddable":true,"href":"https:\/\/shop.katja-verlag.de\/en\/wp-json\/wp\/v2\/media\/2700"}],"wp:attachment":[{"href":"https:\/\/shop.katja-verlag.de\/en\/wp-json\/wp\/v2\/media?parent=2998"}],"wp:term":[{"taxonomy":"product_brand","embeddable":true,"href":"https:\/\/shop.katja-verlag.de\/en\/wp-json\/wp\/v2\/product_brand?post=2998"},{"taxonomy":"product_cat","embeddable":true,"href":"https:\/\/shop.katja-verlag.de\/en\/wp-json\/wp\/v2\/product_cat?post=2998"},{"taxonomy":"product_tag","embeddable":true,"href":"https:\/\/shop.katja-verlag.de\/en\/wp-json\/wp\/v2\/product_tag?post=2998"}],"curies":[{"name":"wp","href":"https:\/\/api.w.org\/{rel}","templated":true}]}}