{"id":2908,"date":"2020-06-16T16:26:57","date_gmt":"2020-06-16T14:26:57","guid":{"rendered":"https:\/\/shop.katja-verlag.de\/?post_type=product&#038;p=2908"},"modified":"2020-06-19T16:21:14","modified_gmt":"2020-06-19T14:21:14","slug":"kinder-fototapete-03-talking-to-a-fish","status":"publish","type":"product","link":"https:\/\/shop.katja-verlag.de\/en\/produkt\/kinder-fototapete-03-talking-to-a-fish\/","title":{"rendered":"Mural for Kids 03 Talking to a Fish"},"content":{"rendered":"<p>Kinder-Fototapete 03 Talking to a Fish \/ Ilona Reny<\/p>\n<p>eine Illustration aus dem <a href=\"https:\/\/shop.katja-verlag.de\/en\/product\/thomas-und-das-meer-ilona-reny\/\">Bilderbuch &#8222;Thomas und das Meer&#8220;<\/a><\/p>\n<p>This photo wallpaper is available in the following sizes:<\/p>\n<p>254 x 508 cm (geeignet f\u00fcr moderne Wandh\u00f6hen)<\/p>\n<p>280 x 560 cm (geeignet f\u00fcr Altbau-Wandh\u00f6hen)<\/p>\n<p>200 x 400 cm und 150 x 300 cm (falls Sie nicht die komplette Wandh\u00f6he tapezieren m\u00f6chten<\/p>\n<p>Material properties:<\/p>\n<p>-PVC-free wallpaper fleece, free of plasticizers<br \/>\n-pulp and textile fibers, combined with polymeric binders<br \/>\nSurface: smooth and matt<br \/>\nBasis weight: 150g\/m\u00b2<br \/>\nPrinting: environmentally friendly latex printing, low-odor, UV-resistant, 100% safe for your health<br \/>\napplication: Interior<br \/>\nweb width: even webs in 50-65 cm width<br \/>\nFabrication: cut ready for gluing without overlap\nweb width: even webs in 50-65 cm width<br \/>\nFire class: hardly inflammable in combination with mineral substrates (B1)<br \/>\nOther features:<br \/>\n- tear-resistant, opaque, breathable, shock-resistant, dimensionally stable and crack-bridging (Class A)<br \/>\n- completely dry peelable using fleece adhesive<br \/>\n&#8211; made in Germany<br \/>\nOther materials\/other dimensions: available on request<\/p>\n<p>Eine Vliestapete l\u00e4sst sich kinderleicht anbringen, denn der Vliestapeten-Kleister wird direkt an die Wand aufgetragen, so dass die trockene Tapete bequem auf die Wand aufgeklebt werden kann.<\/p>","protected":false},"excerpt":{"rendered":"<p>Kinder-Fototapete 03 Talking to a Fish \/ Ilona Reny eine Illustration aus dem Bilderbuch &#8222;Thomas und das Meer&#8220; Diese Fototapete ist verf\u00fcgbar in folgenden Gr\u00f6\u00dfen: 254 x 508 cm (geeignet f\u00fcr moderne Wandh\u00f6hen) 280 x 560 cm (geeignet f\u00fcr Altbau-Wandh\u00f6hen) 200 x 400 cm und 150 x 300 cm (falls Sie nicht die komplette Wandh\u00f6he &hellip;<\/p>\n<p class=\"read-more\"> <a class=\"\" href=\"https:\/\/shop.katja-verlag.de\/en\/produkt\/kinder-fototapete-03-talking-to-a-fish\/\"> <span class=\"screen-reader-text\">Mural for Kids 03 Talking to a Fish<\/span> Read More &raquo;<\/a><\/p>","protected":false},"featured_media":2689,"comment_status":"open","ping_status":"closed","template":"","meta":{"site-sidebar-layout":"default","site-content-layout":"default","ast-global-header-display":"","ast-main-header-display":"","ast-hfb-above-header-display":"","ast-hfb-below-header-display":"","ast-hfb-mobile-header-display":"","site-post-title":"","ast-breadcrumbs-content":"","ast-featured-img":"","footer-sml-layout":"","theme-transparent-header-meta":"","adv-header-id-meta":"","stick-header-meta":"","header-above-stick-meta":"","header-main-stick-meta":"","header-below-stick-meta":""},"product_brand":[],"product_cat":[318],"product_tag":[92,45,80,66,319,321,320,81],"class_list":{"0":"post-2908","1":"product","2":"type-product","3":"status-publish","4":"has-post-thumbnail","6":"product_cat-kinder-fototapeten","7":"product_tag-bilderbuch","8":"product_tag-blau","9":"product_tag-hamster","10":"product_tag-illustration","11":"product_tag-kindermotiv","12":"product_tag-schiffchen","13":"product_tag-vertraeumt","14":"product_tag-wasser","15":"product_shipping_class-versandkostenpauschale","16":"desktop-align-left","17":"tablet-align-left","18":"mobile-align-left","20":"first","21":"instock","22":"taxable","23":"shipping-taxable","24":"purchasable","25":"product-type-variable"},"_links":{"self":[{"href":"https:\/\/shop.katja-verlag.de\/en\/wp-json\/wp\/v2\/product\/2908","targetHints":{"allow":["GET"]}}],"collection":[{"href":"https:\/\/shop.katja-verlag.de\/en\/wp-json\/wp\/v2\/product"}],"about":[{"href":"https:\/\/shop.katja-verlag.de\/en\/wp-json\/wp\/v2\/types\/product"}],"replies":[{"embeddable":true,"href":"https:\/\/shop.katja-verlag.de\/en\/wp-json\/wp\/v2\/comments?post=2908"}],"version-history":[{"count":1,"href":"https:\/\/shop.katja-verlag.de\/en\/wp-json\/wp\/v2\/product\/2908\/revisions"}],"predecessor-version":[{"id":2913,"href":"https:\/\/shop.katja-verlag.de\/en\/wp-json\/wp\/v2\/product\/2908\/revisions\/2913"}],"wp:featuredmedia":[{"embeddable":true,"href":"https:\/\/shop.katja-verlag.de\/en\/wp-json\/wp\/v2\/media\/2689"}],"wp:attachment":[{"href":"https:\/\/shop.katja-verlag.de\/en\/wp-json\/wp\/v2\/media?parent=2908"}],"wp:term":[{"taxonomy":"product_brand","embeddable":true,"href":"https:\/\/shop.katja-verlag.de\/en\/wp-json\/wp\/v2\/product_brand?post=2908"},{"taxonomy":"product_cat","embeddable":true,"href":"https:\/\/shop.katja-verlag.de\/en\/wp-json\/wp\/v2\/product_cat?post=2908"},{"taxonomy":"product_tag","embeddable":true,"href":"https:\/\/shop.katja-verlag.de\/en\/wp-json\/wp\/v2\/product_tag?post=2908"}],"curies":[{"name":"wp","href":"https:\/\/api.w.org\/{rel}","templated":true}]}}