{"id":2880,"date":"2020-06-16T15:23:48","date_gmt":"2020-06-16T13:23:48","guid":{"rendered":"https:\/\/shop.katja-verlag.de\/?post_type=product&#038;p=2880"},"modified":"2020-06-19T16:24:31","modified_gmt":"2020-06-19T14:24:31","slug":"fototapete-04-construction-of-a-magical-world","status":"publish","type":"product","link":"https:\/\/shop.katja-verlag.de\/en\/produkt\/fototapete-ilona-reny-04-construction-of-a-magical-world\/","title":{"rendered":"Mural 04 Construction of a Magical World"},"content":{"rendered":"<p>Fototapete 04 Construction of a Magical World \/ Ilona Reny<\/p>\n<p>This photo wallpaper is available in the following sizes:<\/p>\n<p>254 x 182 cm (geeignet f\u00fcr moderene Wandh\u00f6hen)<\/p>\n<p>280 x 200 cm (geeignet f\u00fcr Altbau-Wandh\u00f6hen)<\/p>\n<p>200 x 143 cm und 150 x 107 cm (falls Sie nicht die komplette Wandh\u00f6he tapezieren m\u00f6chten<\/p>\n<p>Material properties:<\/p>\n<p>-PVC-free wallpaper fleece, free of plasticizers<br \/>\n-pulp and textile fibers, combined with polymeric binders<br \/>\nSurface: smooth and matt<br \/>\nBasis weight: 150g\/m\u00b2<br \/>\nPrinting: environmentally friendly latex printing, low-odor, UV-resistant, 100% safe for your health<br \/>\napplication: Interior<br \/>\nweb width: even webs in 50-65 cm width<br \/>\nFabrication: cut ready for gluing without overlap\nweb width: even webs in 50-65 cm width<br \/>\nFire class: hardly inflammable in combination with mineral substrates (B1)<br \/>\nOther features:<br \/>\n- tear-resistant, opaque, breathable, shock-resistant, dimensionally stable and crack-bridging (Class A)<br \/>\n- completely dry peelable using fleece adhesive<br \/>\n&#8211; made in Germany<br \/>\nOther materials\/other dimensions: available on request<\/p>\n<p>Eine Vliestapete l\u00e4sst sich kinderleicht anbringen, denn der Vliestapeten-Kleister wird direkt an die Wand aufgetragen, so dass die trockene Tapete bequem auf die Wand aufgeklebt werden kann.<\/p>","protected":false},"excerpt":{"rendered":"<p>Fototapete 04 Construction of a Magical World \/ Ilona Reny Diese Fototapete ist verf\u00fcgbar in folgenden Gr\u00f6\u00dfen: 254 x 182 cm (geeignet f\u00fcr moderene Wandh\u00f6hen) 280 x 200 cm (geeignet f\u00fcr Altbau-Wandh\u00f6hen) 200 x 143 cm und 150 x 107 cm (falls Sie nicht die komplette Wandh\u00f6he tapezieren m\u00f6chten Materialeigenschaften: -PVC-freies Tapetenvlies, frei von Weichmachern &hellip;<\/p>\n<p class=\"read-more\"> <a class=\"\" href=\"https:\/\/shop.katja-verlag.de\/en\/produkt\/fototapete-ilona-reny-04-construction-of-a-magical-world\/\"> <span class=\"screen-reader-text\">Mural 04 Construction of a Magical World<\/span> Read More &raquo;<\/a><\/p>","protected":false},"featured_media":2699,"comment_status":"open","ping_status":"closed","template":"","meta":{"site-sidebar-layout":"default","site-content-layout":"default","ast-global-header-display":"","ast-main-header-display":"","ast-hfb-above-header-display":"","ast-hfb-below-header-display":"","ast-hfb-mobile-header-display":"","site-post-title":"","ast-breadcrumbs-content":"","ast-featured-img":"","footer-sml-layout":"","theme-transparent-header-meta":"","adv-header-id-meta":"","stick-header-meta":"","header-above-stick-meta":"","header-main-stick-meta":"","header-below-stick-meta":""},"product_brand":[],"product_cat":[308],"product_tag":[166,69,76,311,58,47],"class_list":{"0":"post-2880","1":"product","2":"type-product","3":"status-publish","4":"has-post-thumbnail","6":"product_cat-fototapeten-hochkant","7":"product_tag-dunkel","8":"product_tag-fantasy","9":"product_tag-feen","10":"product_tag-magie","11":"product_tag-rosa","12":"product_tag-traum","13":"product_shipping_class-versandkostenpauschale","14":"desktop-align-left","15":"tablet-align-left","16":"mobile-align-left","18":"first","19":"instock","20":"taxable","21":"shipping-taxable","22":"purchasable","23":"product-type-variable"},"_links":{"self":[{"href":"https:\/\/shop.katja-verlag.de\/en\/wp-json\/wp\/v2\/product\/2880","targetHints":{"allow":["GET"]}}],"collection":[{"href":"https:\/\/shop.katja-verlag.de\/en\/wp-json\/wp\/v2\/product"}],"about":[{"href":"https:\/\/shop.katja-verlag.de\/en\/wp-json\/wp\/v2\/types\/product"}],"replies":[{"embeddable":true,"href":"https:\/\/shop.katja-verlag.de\/en\/wp-json\/wp\/v2\/comments?post=2880"}],"version-history":[{"count":2,"href":"https:\/\/shop.katja-verlag.de\/en\/wp-json\/wp\/v2\/product\/2880\/revisions"}],"predecessor-version":[{"id":2886,"href":"https:\/\/shop.katja-verlag.de\/en\/wp-json\/wp\/v2\/product\/2880\/revisions\/2886"}],"wp:featuredmedia":[{"embeddable":true,"href":"https:\/\/shop.katja-verlag.de\/en\/wp-json\/wp\/v2\/media\/2699"}],"wp:attachment":[{"href":"https:\/\/shop.katja-verlag.de\/en\/wp-json\/wp\/v2\/media?parent=2880"}],"wp:term":[{"taxonomy":"product_brand","embeddable":true,"href":"https:\/\/shop.katja-verlag.de\/en\/wp-json\/wp\/v2\/product_brand?post=2880"},{"taxonomy":"product_cat","embeddable":true,"href":"https:\/\/shop.katja-verlag.de\/en\/wp-json\/wp\/v2\/product_cat?post=2880"},{"taxonomy":"product_tag","embeddable":true,"href":"https:\/\/shop.katja-verlag.de\/en\/wp-json\/wp\/v2\/product_tag?post=2880"}],"curies":[{"name":"wp","href":"https:\/\/api.w.org\/{rel}","templated":true}]}}