{"id":2840,"date":"2020-06-11T21:44:27","date_gmt":"2020-06-11T19:44:27","guid":{"rendered":"https:\/\/shop.katja-verlag.de\/?post_type=product&#038;p=2840"},"modified":"2020-06-12T00:37:14","modified_gmt":"2020-06-11T22:37:14","slug":"poster-nr-13-aus-thomas-und-das-meer-nur-b2b","status":"publish","type":"product","link":"https:\/\/shop.katja-verlag.de\/en\/produkt\/poster-nr-13-aus-thomas-und-das-meer-kopie\/","title":{"rendered":"Poster Nr. 13 aus Thomas und das Meer &#8211; nur b2b"},"content":{"rendered":"<p>Poster Nr. 13 aus &#8222;Thomas und das Meer&#8220;<\/p>\n<p>Dieses Poster hat ein Ma\u00df von 120 cm x 59,7 cm. Es wird auf hochgl\u00e4nzendem Fotopapier gedruckt, 260 g\/m\u00b2.<\/p>\n<p>Bestellbedingungen b2b: Sie k\u00f6nnen jedes Motiv einzeln bestellen, aber die Gesamtmenge der Kinderposter kann 5, 7, 10 oder 15 Poster betragen. Wenn Sie mehr bestellen m\u00f6chten, kontaktieren Sie uns bitte.<\/p>\n<p>Dieser Preis gilt nur f\u00fcr Gesch\u00e4ftskunden, den regul\u00e4ren Preis finden Sie <a href=\"https:\/\/shop.katja-verlag.de\/en\/product\/poster-nr-13-aus-thomas-und-das-meer\/\">here<\/a>.<\/p>","protected":false},"excerpt":{"rendered":"<p>Poster Nr. 13 aus &#8222;Thomas und das Meer&#8220;<\/p>\n<p>Unsere Poster haben ein Ma\u00df von 120 cm breit und 59,7 cm hoch. Andere Gr\u00f6\u00dfen und ein anderes Bild k\u00f6nnen Sie bei uns anfragen. Prinzipiell l\u00e4sst sich jede Illustration, die Sie in einem der B\u00fccher finden, als Poster bestellen.<br \/>\nDie Bilder eignen sich gut f\u00fcr Kinderzimmer aber auch in anderen Zimmern sehen die Poster gut aus. Die kunstvolle und verspielte Art, wie Ilona Reny ihre B\u00fccher illustriert, ist einfach nur sch\u00f6n anzusehen.<\/p>","protected":false},"featured_media":2693,"comment_status":"open","ping_status":"closed","template":"","meta":{"site-sidebar-layout":"default","site-content-layout":"default","ast-global-header-display":"","ast-main-header-display":"","ast-hfb-above-header-display":"","ast-hfb-below-header-display":"","ast-hfb-mobile-header-display":"","site-post-title":"","ast-breadcrumbs-content":"","ast-featured-img":"","footer-sml-layout":"","theme-transparent-header-meta":"","adv-header-id-meta":"","stick-header-meta":"","header-above-stick-meta":"","header-main-stick-meta":"","header-below-stick-meta":""},"product_brand":[],"product_cat":[278],"product_tag":[88,45,44,84,73,80,46,66,87,85,82,64,70,47],"class_list":{"0":"post-2840","1":"product","2":"type-product","3":"status-publish","4":"has-post-thumbnail","6":"product_cat-kinderposter-b2b","7":"product_tag-bedrohlich","8":"product_tag-blau","9":"product_tag-fische","10":"product_tag-grau","11":"product_tag-gross","12":"product_tag-hamster","13":"product_tag-himmel","14":"product_tag-illustration","15":"product_tag-insekten","16":"product_tag-maeuse","17":"product_tag-meer","18":"product_tag-poster","19":"product_tag-suess","20":"product_tag-traum","21":"product_shipping_class-versandkostenpauschale-b2b","22":"desktop-align-left","23":"tablet-align-left","24":"mobile-align-left","26":"first","27":"instock","28":"taxable","29":"shipping-taxable","30":"purchasable","31":"product-type-simple"},"_links":{"self":[{"href":"https:\/\/shop.katja-verlag.de\/en\/wp-json\/wp\/v2\/product\/2840","targetHints":{"allow":["GET"]}}],"collection":[{"href":"https:\/\/shop.katja-verlag.de\/en\/wp-json\/wp\/v2\/product"}],"about":[{"href":"https:\/\/shop.katja-verlag.de\/en\/wp-json\/wp\/v2\/types\/product"}],"replies":[{"embeddable":true,"href":"https:\/\/shop.katja-verlag.de\/en\/wp-json\/wp\/v2\/comments?post=2840"}],"version-history":[{"count":0,"href":"https:\/\/shop.katja-verlag.de\/en\/wp-json\/wp\/v2\/product\/2840\/revisions"}],"wp:featuredmedia":[{"embeddable":true,"href":"https:\/\/shop.katja-verlag.de\/en\/wp-json\/wp\/v2\/media\/2693"}],"wp:attachment":[{"href":"https:\/\/shop.katja-verlag.de\/en\/wp-json\/wp\/v2\/media?parent=2840"}],"wp:term":[{"taxonomy":"product_brand","embeddable":true,"href":"https:\/\/shop.katja-verlag.de\/en\/wp-json\/wp\/v2\/product_brand?post=2840"},{"taxonomy":"product_cat","embeddable":true,"href":"https:\/\/shop.katja-verlag.de\/en\/wp-json\/wp\/v2\/product_cat?post=2840"},{"taxonomy":"product_tag","embeddable":true,"href":"https:\/\/shop.katja-verlag.de\/en\/wp-json\/wp\/v2\/product_tag?post=2840"}],"curies":[{"name":"wp","href":"https:\/\/api.w.org\/{rel}","templated":true}]}}