{"id":2679,"date":"2020-04-15T21:31:37","date_gmt":"2020-04-15T19:31:37","guid":{"rendered":"https:\/\/shop.katja-verlag.de\/?post_type=product&#038;p=2679"},"modified":"2020-04-15T21:33:17","modified_gmt":"2020-04-15T19:33:17","slug":"poster-nr-pob05","status":"publish","type":"product","link":"https:\/\/shop.katja-verlag.de\/en\/product\/poster-nr-pob05\/","title":{"rendered":"Poster no. PoB05"},"content":{"rendered":"<p>Poster no. PoB05<\/p>\n<p>Dieses Poster ist verf\u00fcgbar in den Gr\u00f6\u00dfen B2, B1 und B0.<\/p>\n<p>Schau Dir auch <a href=\"https:\/\/shop.katja-verlag.de\/en\/product-category\/poster\/\">unsere anderen Poster<\/a> an!<\/p>","protected":false},"excerpt":{"rendered":"<p>Poster Nr. PoB05 Dieses Poster ist verf\u00fcgbar in den Gr\u00f6\u00dfen B2, B1 und B0. Schau Dir auch unsere anderen Poster an!<\/p>","protected":false},"featured_media":2683,"comment_status":"open","ping_status":"closed","template":"","meta":{"site-sidebar-layout":"default","site-content-layout":"default","ast-global-header-display":"","ast-main-header-display":"","ast-hfb-above-header-display":"","ast-hfb-below-header-display":"","ast-hfb-mobile-header-display":"","site-post-title":"","ast-breadcrumbs-content":"","ast-featured-img":"","footer-sml-layout":"","theme-transparent-header-meta":"","adv-header-id-meta":"","stick-header-meta":"","header-above-stick-meta":"","header-main-stick-meta":"","header-below-stick-meta":""},"product_brand":[],"product_cat":[63],"product_tag":[68,69,76,44,201,200,66,147,202,47,48],"class_list":{"0":"post-2679","1":"product","2":"type-product","3":"status-publish","4":"has-post-thumbnail","6":"product_cat-poster","7":"product_tag-blumen","8":"product_tag-fantasy","9":"product_tag-feen","10":"product_tag-fische","11":"product_tag-gold","12":"product_tag-illusion","13":"product_tag-illustration","14":"product_tag-schwarz","15":"product_tag-stadt","16":"product_tag-traum","17":"product_tag-voegel","18":"product_shipping_class-versandkostenpauschale","19":"desktop-align-left","20":"tablet-align-left","21":"mobile-align-left","23":"first","24":"instock","25":"taxable","26":"shipping-taxable","27":"purchasable","28":"product-type-variable"},"_links":{"self":[{"href":"https:\/\/shop.katja-verlag.de\/en\/wp-json\/wp\/v2\/product\/2679","targetHints":{"allow":["GET"]}}],"collection":[{"href":"https:\/\/shop.katja-verlag.de\/en\/wp-json\/wp\/v2\/product"}],"about":[{"href":"https:\/\/shop.katja-verlag.de\/en\/wp-json\/wp\/v2\/types\/product"}],"replies":[{"embeddable":true,"href":"https:\/\/shop.katja-verlag.de\/en\/wp-json\/wp\/v2\/comments?post=2679"}],"version-history":[{"count":0,"href":"https:\/\/shop.katja-verlag.de\/en\/wp-json\/wp\/v2\/product\/2679\/revisions"}],"wp:featuredmedia":[{"embeddable":true,"href":"https:\/\/shop.katja-verlag.de\/en\/wp-json\/wp\/v2\/media\/2683"}],"wp:attachment":[{"href":"https:\/\/shop.katja-verlag.de\/en\/wp-json\/wp\/v2\/media?parent=2679"}],"wp:term":[{"taxonomy":"product_brand","embeddable":true,"href":"https:\/\/shop.katja-verlag.de\/en\/wp-json\/wp\/v2\/product_brand?post=2679"},{"taxonomy":"product_cat","embeddable":true,"href":"https:\/\/shop.katja-verlag.de\/en\/wp-json\/wp\/v2\/product_cat?post=2679"},{"taxonomy":"product_tag","embeddable":true,"href":"https:\/\/shop.katja-verlag.de\/en\/wp-json\/wp\/v2\/product_tag?post=2679"}],"curies":[{"name":"wp","href":"https:\/\/api.w.org\/{rel}","templated":true}]}}