{"id":254,"date":"2017-10-11T09:07:25","date_gmt":"2017-10-11T07:07:25","guid":{"rendered":"http:\/\/shop.katja-verlag.de\/?post_type=product&#038;p=254"},"modified":"2024-02-24T23:32:44","modified_gmt":"2024-02-24T22:32:44","slug":"lupe-rosenholz-und-messing","status":"publish","type":"product","link":"https:\/\/shop.katja-verlag.de\/en\/produkt\/lupe-rosenholz-und-messing\/","title":{"rendered":"Magnifying glass rosewood and brass"},"content":{"rendered":"<p>Da die B\u00fccher sehr detailreich illustriert sind, macht das Betrachten der Bilder auch mit der Lupe viel Spa\u00df. So kannst Du auch die kleinsten Details in den Illustrationen entdecken und die Genauigkeit der\u00a0Bilder bestaunen. Diese Lupe passt gut zu den B\u00fcchern und eignet sich gut als kleines Zusatz-Geschenk. Man kann sie nat\u00fcrlich gut auch f\u00fcr andere Sachen gebrauchen.<\/p>\n<p>Die Lupe besteht aus Rosenholz und Messing. Das Durchmesser der Vergr\u00f6\u00dferungs-Linse ist 6,9 cm gro\u00df.<\/p>","protected":false},"excerpt":{"rendered":"<p>Magnifying glass rosewood and brass<\/p>","protected":false},"featured_media":260,"comment_status":"open","ping_status":"closed","template":"","meta":{"site-sidebar-layout":"default","site-content-layout":"default","ast-global-header-display":"","ast-main-header-display":"","ast-hfb-above-header-display":"","ast-hfb-below-header-display":"","ast-hfb-mobile-header-display":"","site-post-title":"","ast-breadcrumbs-content":"","ast-featured-img":"","footer-sml-layout":"","theme-transparent-header-meta":"","adv-header-id-meta":"","stick-header-meta":"","header-above-stick-meta":"","header-main-stick-meta":"","header-below-stick-meta":""},"product_brand":[],"product_cat":[120],"product_tag":[124,121,123,122,59],"class_list":{"0":"post-254","1":"product","2":"type-product","3":"status-publish","4":"has-post-thumbnail","6":"product_cat-lesezeichen-und-lupe","7":"product_tag-glas","8":"product_tag-lupe","9":"product_tag-messing","10":"product_tag-rosenholz","11":"product_tag-vintage","12":"product_shipping_class-versandkostenpauschale","13":"desktop-align-left","14":"tablet-align-left","15":"mobile-align-left","17":"first","18":"outofstock","19":"taxable","20":"shipping-taxable","21":"purchasable","22":"product-type-simple"},"_links":{"self":[{"href":"https:\/\/shop.katja-verlag.de\/en\/wp-json\/wp\/v2\/product\/254","targetHints":{"allow":["GET"]}}],"collection":[{"href":"https:\/\/shop.katja-verlag.de\/en\/wp-json\/wp\/v2\/product"}],"about":[{"href":"https:\/\/shop.katja-verlag.de\/en\/wp-json\/wp\/v2\/types\/product"}],"replies":[{"embeddable":true,"href":"https:\/\/shop.katja-verlag.de\/en\/wp-json\/wp\/v2\/comments?post=254"}],"version-history":[{"count":1,"href":"https:\/\/shop.katja-verlag.de\/en\/wp-json\/wp\/v2\/product\/254\/revisions"}],"predecessor-version":[{"id":3544,"href":"https:\/\/shop.katja-verlag.de\/en\/wp-json\/wp\/v2\/product\/254\/revisions\/3544"}],"wp:featuredmedia":[{"embeddable":true,"href":"https:\/\/shop.katja-verlag.de\/en\/wp-json\/wp\/v2\/media\/260"}],"wp:attachment":[{"href":"https:\/\/shop.katja-verlag.de\/en\/wp-json\/wp\/v2\/media?parent=254"}],"wp:term":[{"taxonomy":"product_brand","embeddable":true,"href":"https:\/\/shop.katja-verlag.de\/en\/wp-json\/wp\/v2\/product_brand?post=254"},{"taxonomy":"product_cat","embeddable":true,"href":"https:\/\/shop.katja-verlag.de\/en\/wp-json\/wp\/v2\/product_cat?post=254"},{"taxonomy":"product_tag","embeddable":true,"href":"https:\/\/shop.katja-verlag.de\/en\/wp-json\/wp\/v2\/product_tag?post=254"}],"curies":[{"name":"wp","href":"https:\/\/api.w.org\/{rel}","templated":true}]}}