{"id":238,"date":"2017-10-11T08:15:23","date_gmt":"2017-10-11T06:15:23","guid":{"rendered":"http:\/\/shop.katja-verlag.de\/?post_type=product&#038;p=238"},"modified":"2024-02-24T23:38:26","modified_gmt":"2024-02-24T22:38:26","slug":"postkarte-night-sky-blue-nr-din04","status":"publish","type":"product","link":"https:\/\/shop.katja-verlag.de\/en\/produkt\/postkarte-night-sky-blue-nr-din04\/","title":{"rendered":"Postcard \"Night Sky Blue\" No.: DIN04"},"content":{"rendered":"<p>Postkarte &#8222;Night Sky Blue&#8220; von Ilona Reny. Diese dunkelblaue Postkarte ist eher winterlich. Wir sehen viel Schnee, wei\u00dfe, verschneite B\u00e4ume und Schneeflocken im Himmel. Das Bild enth\u00e4lt einige Ketten, eine Vogelschaukel h\u00e4ngt an Ketten vom Himmel. Die Karte wird bewohnt von Fischen, V\u00f6geln, M\u00e4usen und Feen. Der tief h\u00e4ngende Mond und die hellen Sterne deuten auf die Nacht hin.<\/p>\n<p>Postkarten DIN-lang, einfach, ohne Umschlag<\/p>","protected":false},"excerpt":{"rendered":"<p>Postkarten DIN-lang, einfach, ohne Umschlag<\/p>","protected":false},"featured_media":2286,"comment_status":"open","ping_status":"closed","template":"","meta":{"site-sidebar-layout":"default","site-content-layout":"default","ast-global-header-display":"","ast-main-header-display":"","ast-hfb-above-header-display":"","ast-hfb-below-header-display":"","ast-hfb-mobile-header-display":"","site-post-title":"","ast-breadcrumbs-content":"","ast-featured-img":"","footer-sml-layout":"","theme-transparent-header-meta":"","adv-header-id-meta":"","stick-header-meta":"","header-above-stick-meta":"","header-main-stick-meta":"","header-below-stick-meta":""},"product_brand":[],"product_cat":[208],"product_tag":[],"class_list":{"0":"post-238","1":"product","2":"type-product","3":"status-publish","4":"has-post-thumbnail","6":"product_cat-postkarte-din-format","7":"product_shipping_class-versandkostenpauschale","8":"desktop-align-left","9":"tablet-align-left","10":"mobile-align-left","12":"first","13":"instock","14":"taxable","15":"shipping-taxable","16":"purchasable","17":"product-type-simple"},"_links":{"self":[{"href":"https:\/\/shop.katja-verlag.de\/en\/wp-json\/wp\/v2\/product\/238","targetHints":{"allow":["GET"]}}],"collection":[{"href":"https:\/\/shop.katja-verlag.de\/en\/wp-json\/wp\/v2\/product"}],"about":[{"href":"https:\/\/shop.katja-verlag.de\/en\/wp-json\/wp\/v2\/types\/product"}],"replies":[{"embeddable":true,"href":"https:\/\/shop.katja-verlag.de\/en\/wp-json\/wp\/v2\/comments?post=238"}],"version-history":[{"count":2,"href":"https:\/\/shop.katja-verlag.de\/en\/wp-json\/wp\/v2\/product\/238\/revisions"}],"predecessor-version":[{"id":3543,"href":"https:\/\/shop.katja-verlag.de\/en\/wp-json\/wp\/v2\/product\/238\/revisions\/3543"}],"wp:featuredmedia":[{"embeddable":true,"href":"https:\/\/shop.katja-verlag.de\/en\/wp-json\/wp\/v2\/media\/2286"}],"wp:attachment":[{"href":"https:\/\/shop.katja-verlag.de\/en\/wp-json\/wp\/v2\/media?parent=238"}],"wp:term":[{"taxonomy":"product_brand","embeddable":true,"href":"https:\/\/shop.katja-verlag.de\/en\/wp-json\/wp\/v2\/product_brand?post=238"},{"taxonomy":"product_cat","embeddable":true,"href":"https:\/\/shop.katja-verlag.de\/en\/wp-json\/wp\/v2\/product_cat?post=238"},{"taxonomy":"product_tag","embeddable":true,"href":"https:\/\/shop.katja-verlag.de\/en\/wp-json\/wp\/v2\/product_tag?post=238"}],"curies":[{"name":"wp","href":"https:\/\/api.w.org\/{rel}","templated":true}]}}