{"id":236,"date":"2017-10-11T08:11:37","date_gmt":"2017-10-11T06:11:37","guid":{"rendered":"http:\/\/shop.katja-verlag.de\/?post_type=product&#038;p=236"},"modified":"2024-02-24T23:38:27","modified_gmt":"2024-02-24T22:38:27","slug":"postkarte-dark-golden-night","status":"publish","type":"product","link":"https:\/\/shop.katja-verlag.de\/en\/produkt\/postkarte-dark-golden-night-nr-din03\/","title":{"rendered":"Postkarte &#8222;Dark Golden Night&#8220; Nr.: DIN03"},"content":{"rendered":"<p>Postkarte &#8222;Dark Golden Night&#8220; von Ilona Reny ist eine n\u00e4chtliche Szene. Dunkelblauer Himmel, goldene Kugeln, eine Fee im wei\u00dfen Kleid, zwei Katzen. Gro\u00dfe wei\u00dfe Federn und bunte V\u00f6gel machen das geheimnisvolle Bild komplett. Diese Postkarte l\u00e4sst sich ganz normal mit der Post verschicken.<\/p>\n<p>&nbsp;<\/p>\n<p>Postkarten DIN-lang, einfach, ohne Umschlag<\/p>","protected":false},"excerpt":{"rendered":"<p>Postkarten DIN-lang, einfach, ohne Umschlag<\/p>","protected":false},"featured_media":2285,"comment_status":"open","ping_status":"closed","template":"","meta":{"site-sidebar-layout":"default","site-content-layout":"default","ast-global-header-display":"","ast-main-header-display":"","ast-hfb-above-header-display":"","ast-hfb-below-header-display":"","ast-hfb-mobile-header-display":"","site-post-title":"","ast-breadcrumbs-content":"","ast-featured-img":"","footer-sml-layout":"","theme-transparent-header-meta":"","adv-header-id-meta":"","stick-header-meta":"","header-above-stick-meta":"","header-main-stick-meta":"","header-below-stick-meta":""},"product_brand":[],"product_cat":[208],"product_tag":[],"class_list":{"0":"post-236","1":"product","2":"type-product","3":"status-publish","4":"has-post-thumbnail","6":"product_cat-postkarte-din-format","7":"product_shipping_class-versandkostenpauschale","8":"desktop-align-left","9":"tablet-align-left","10":"mobile-align-left","12":"first","13":"instock","14":"taxable","15":"shipping-taxable","16":"purchasable","17":"product-type-simple"},"_links":{"self":[{"href":"https:\/\/shop.katja-verlag.de\/en\/wp-json\/wp\/v2\/product\/236","targetHints":{"allow":["GET"]}}],"collection":[{"href":"https:\/\/shop.katja-verlag.de\/en\/wp-json\/wp\/v2\/product"}],"about":[{"href":"https:\/\/shop.katja-verlag.de\/en\/wp-json\/wp\/v2\/types\/product"}],"replies":[{"embeddable":true,"href":"https:\/\/shop.katja-verlag.de\/en\/wp-json\/wp\/v2\/comments?post=236"}],"version-history":[{"count":4,"href":"https:\/\/shop.katja-verlag.de\/en\/wp-json\/wp\/v2\/product\/236\/revisions"}],"predecessor-version":[{"id":3536,"href":"https:\/\/shop.katja-verlag.de\/en\/wp-json\/wp\/v2\/product\/236\/revisions\/3536"}],"wp:featuredmedia":[{"embeddable":true,"href":"https:\/\/shop.katja-verlag.de\/en\/wp-json\/wp\/v2\/media\/2285"}],"wp:attachment":[{"href":"https:\/\/shop.katja-verlag.de\/en\/wp-json\/wp\/v2\/media?parent=236"}],"wp:term":[{"taxonomy":"product_brand","embeddable":true,"href":"https:\/\/shop.katja-verlag.de\/en\/wp-json\/wp\/v2\/product_brand?post=236"},{"taxonomy":"product_cat","embeddable":true,"href":"https:\/\/shop.katja-verlag.de\/en\/wp-json\/wp\/v2\/product_cat?post=236"},{"taxonomy":"product_tag","embeddable":true,"href":"https:\/\/shop.katja-verlag.de\/en\/wp-json\/wp\/v2\/product_tag?post=236"}],"curies":[{"name":"wp","href":"https:\/\/api.w.org\/{rel}","templated":true}]}}