{"id":234,"date":"2017-10-11T08:04:51","date_gmt":"2017-10-11T06:04:51","guid":{"rendered":"http:\/\/shop.katja-verlag.de\/?post_type=product&#038;p=234"},"modified":"2024-02-24T23:38:27","modified_gmt":"2024-02-24T22:38:27","slug":"postkarte-timeless-moment-nr-din02","status":"publish","type":"product","link":"https:\/\/shop.katja-verlag.de\/en\/produkt\/postkarte-timeless-moment-nr-din02\/","title":{"rendered":"Postcard \"Timeless Moment\" No.: DIN02"},"content":{"rendered":"<p>Postkarte &#8222;Timeless Moment&#8220; von Ilona Reny. Diese Postkarte ist voller bunter Fische, teilweise sind es Fische mit Fl\u00fcgeln. Auch viele V\u00f6gel sind zu sehen. Der Hintergrund der Postkarte ist blau, enth\u00e4lt B\u00e4ume, H\u00e4user und eine Wasseroberfl\u00e4che. Die Luft ist gef\u00fcllt mit Perlen, Sternen, goldenen Kugeln. Es gibt viel in diesem Wimmelbild zu entdecken. Diese Karten im Din-lang-Format k\u00f6nnen Sie ganz normal als Postkarten verschicken.<\/p>\n<p>&nbsp;<\/p>\n<p>Postkarten DIN-lang, einfach, ohne Umschlag<\/p>","protected":false},"excerpt":{"rendered":"<p>Postkarten DIN-lang, einfach, ohne Umschlag<\/p>","protected":false},"featured_media":2284,"comment_status":"open","ping_status":"closed","template":"","meta":{"site-sidebar-layout":"default","site-content-layout":"default","ast-global-header-display":"","ast-main-header-display":"","ast-hfb-above-header-display":"","ast-hfb-below-header-display":"","ast-hfb-mobile-header-display":"","site-post-title":"","ast-breadcrumbs-content":"","ast-featured-img":"","footer-sml-layout":"","theme-transparent-header-meta":"","adv-header-id-meta":"","stick-header-meta":"","header-above-stick-meta":"","header-main-stick-meta":"","header-below-stick-meta":""},"product_brand":[],"product_cat":[208],"product_tag":[],"class_list":{"0":"post-234","1":"product","2":"type-product","3":"status-publish","4":"has-post-thumbnail","6":"product_cat-postkarte-din-format","7":"product_shipping_class-versandkostenpauschale","8":"desktop-align-left","9":"tablet-align-left","10":"mobile-align-left","12":"first","13":"instock","14":"taxable","15":"shipping-taxable","16":"purchasable","17":"product-type-simple"},"_links":{"self":[{"href":"https:\/\/shop.katja-verlag.de\/en\/wp-json\/wp\/v2\/product\/234","targetHints":{"allow":["GET"]}}],"collection":[{"href":"https:\/\/shop.katja-verlag.de\/en\/wp-json\/wp\/v2\/product"}],"about":[{"href":"https:\/\/shop.katja-verlag.de\/en\/wp-json\/wp\/v2\/types\/product"}],"replies":[{"embeddable":true,"href":"https:\/\/shop.katja-verlag.de\/en\/wp-json\/wp\/v2\/comments?post=234"}],"version-history":[{"count":2,"href":"https:\/\/shop.katja-verlag.de\/en\/wp-json\/wp\/v2\/product\/234\/revisions"}],"predecessor-version":[{"id":3542,"href":"https:\/\/shop.katja-verlag.de\/en\/wp-json\/wp\/v2\/product\/234\/revisions\/3542"}],"wp:featuredmedia":[{"embeddable":true,"href":"https:\/\/shop.katja-verlag.de\/en\/wp-json\/wp\/v2\/media\/2284"}],"wp:attachment":[{"href":"https:\/\/shop.katja-verlag.de\/en\/wp-json\/wp\/v2\/media?parent=234"}],"wp:term":[{"taxonomy":"product_brand","embeddable":true,"href":"https:\/\/shop.katja-verlag.de\/en\/wp-json\/wp\/v2\/product_brand?post=234"},{"taxonomy":"product_cat","embeddable":true,"href":"https:\/\/shop.katja-verlag.de\/en\/wp-json\/wp\/v2\/product_cat?post=234"},{"taxonomy":"product_tag","embeddable":true,"href":"https:\/\/shop.katja-verlag.de\/en\/wp-json\/wp\/v2\/product_tag?post=234"}],"curies":[{"name":"wp","href":"https:\/\/api.w.org\/{rel}","templated":true}]}}