{"id":1628,"date":"2020-01-25T00:38:07","date_gmt":"2020-01-24T23:38:07","guid":{"rendered":"https:\/\/shop.katja-verlag.de\/?post_type=product&#038;p=1628"},"modified":"2024-03-09T14:08:16","modified_gmt":"2024-03-09T13:08:16","slug":"poster-enchanted-blue-nr-pob04","status":"publish","type":"product","link":"https:\/\/shop.katja-verlag.de\/en\/produkt\/poster-enchanted-blue-nr-pob04\/","title":{"rendered":"Poster &#8222;Enchanted Blue&#8220; Nr. PoB04"},"content":{"rendered":"<p>Poster &#8222;Enchanted Blue&#8220;\u00a0Nr. PoB04<\/p>\n<p>Dieses magische Bild zeigt eine vertr\u00e4umte Welt, die in bl\u00e4uliches Morgengrau getaucht ist.\u00a0 Gleichzeitig enth\u00e4lt dieses Bild auch viele warme T\u00f6ne, so dass es frisch morgendlich und harmonisch wirkt. Es zeigt eine sch\u00f6ne historische Stadt. Wir sehen auch eine Meeresbucht mit einem gro\u00dfen Segelschiff und mehrere Feen in rosa Kleidern, die gesch\u00e4ftig in eine Richtung fliegen. Fische, V\u00f6gel, Schmetterlinge und Regentropfen f\u00fcllen die Luft der Stadt und lassen das Bild mit Leben vibrieren.<\/p>\n<p><span style=\"display: inline !important; float: none; background-color: transparent; color: #333333; cursor: text; font-family: 'Raleway',Sans-serif; font-size: 16px; font-style: normal; font-variant: normal; font-weight: 400; letter-spacing: normal; orphans: 2; text-align: left; text-decoration: none; text-indent: 0px; text-transform: none; -webkit-text-stroke-width: 0px; white-space: normal; word-spacing: 0px;\">This magical p<\/span><span style=\"display: inline !important; float: none; background-color: transparent; color: #333333; cursor: text; font-family: 'Raleway',Sans-serif; font-size: 16px; font-style: normal; font-variant: normal; font-weight: 400; letter-spacing: normal; orphans: 2; text-align: left; text-decoration: none; text-indent: 0px; text-transform: none; -webkit-text-stroke-width: 0px; white-space: normal; word-spacing: 0px;\">oster &#8222;Enchanted Blue&#8220;<\/span> shows a dreamy world bathed in cool morning bluish light and also contains many warm tones, giving it a fresh morning and harmonious appearance. It shows a beautiful historical city, a sea with a big sailing ship and several fairies in pink dresses flying busily in one direction. Fish, birds, butterflies and raindrops fill the air of the city and make the picture vibrate with life.<\/p>\n<p>Dieses Poster ist verf\u00fcgbar in den Gr\u00f6\u00dfen B2, B1 und B0.<\/p>\n<p>Schau Dir auch <a href=\"https:\/\/shop.katja-verlag.de\/en\/product-category\/poster\/\">unsere anderen Poster<\/a> an!<\/p>","protected":false},"excerpt":{"rendered":"<p><span style=\"display: inline !important; float: none; background-color: transparent; color: #333333; cursor: text; font-family: 'Raleway',Sans-serif; font-size: 16px; font-style: normal; font-variant: normal; font-weight: 400; letter-spacing: normal; orphans: 2; text-align: left; text-decoration: none; text-indent: 0px; text-transform: none; -webkit-text-stroke-width: 0px; white-space: normal; word-spacing: 0px;\">Poster &#8222;Enchanted Blue&#8220;\u00a0Nr. PoB04<\/span><\/p>","protected":false},"featured_media":2697,"comment_status":"open","ping_status":"closed","template":"","meta":{"site-sidebar-layout":"default","site-content-layout":"default","ast-global-header-display":"","ast-main-header-display":"","ast-hfb-above-header-display":"","ast-hfb-below-header-display":"","ast-hfb-mobile-header-display":"","site-post-title":"","ast-breadcrumbs-content":"","ast-featured-img":"","footer-sml-layout":"","theme-transparent-header-meta":"","adv-header-id-meta":"","stick-header-meta":"","header-above-stick-meta":"","header-main-stick-meta":"","header-below-stick-meta":""},"product_brand":[],"product_cat":[215],"product_tag":[],"class_list":{"0":"post-1628","1":"product","2":"type-product","3":"status-publish","4":"has-post-thumbnail","6":"product_cat-poster-hochkant","7":"product_shipping_class-versandkostenpauschale","8":"desktop-align-left","9":"tablet-align-left","10":"mobile-align-left","12":"first","13":"instock","14":"taxable","15":"shipping-taxable","16":"purchasable","17":"product-type-variable"},"_links":{"self":[{"href":"https:\/\/shop.katja-verlag.de\/en\/wp-json\/wp\/v2\/product\/1628","targetHints":{"allow":["GET"]}}],"collection":[{"href":"https:\/\/shop.katja-verlag.de\/en\/wp-json\/wp\/v2\/product"}],"about":[{"href":"https:\/\/shop.katja-verlag.de\/en\/wp-json\/wp\/v2\/types\/product"}],"replies":[{"embeddable":true,"href":"https:\/\/shop.katja-verlag.de\/en\/wp-json\/wp\/v2\/comments?post=1628"}],"version-history":[{"count":3,"href":"https:\/\/shop.katja-verlag.de\/en\/wp-json\/wp\/v2\/product\/1628\/revisions"}],"predecessor-version":[{"id":2707,"href":"https:\/\/shop.katja-verlag.de\/en\/wp-json\/wp\/v2\/product\/1628\/revisions\/2707"}],"wp:featuredmedia":[{"embeddable":true,"href":"https:\/\/shop.katja-verlag.de\/en\/wp-json\/wp\/v2\/media\/2697"}],"wp:attachment":[{"href":"https:\/\/shop.katja-verlag.de\/en\/wp-json\/wp\/v2\/media?parent=1628"}],"wp:term":[{"taxonomy":"product_brand","embeddable":true,"href":"https:\/\/shop.katja-verlag.de\/en\/wp-json\/wp\/v2\/product_brand?post=1628"},{"taxonomy":"product_cat","embeddable":true,"href":"https:\/\/shop.katja-verlag.de\/en\/wp-json\/wp\/v2\/product_cat?post=1628"},{"taxonomy":"product_tag","embeddable":true,"href":"https:\/\/shop.katja-verlag.de\/en\/wp-json\/wp\/v2\/product_tag?post=1628"}],"curies":[{"name":"wp","href":"https:\/\/api.w.org\/{rel}","templated":true}]}}