{"id":1604,"date":"2020-01-21T09:01:07","date_gmt":"2020-01-21T08:01:07","guid":{"rendered":"https:\/\/shop.katja-verlag.de\/?post_type=product&#038;p=1604"},"modified":"2020-04-17T01:00:39","modified_gmt":"2020-04-16T23:00:39","slug":"poster-nr-pob01","status":"publish","type":"product","link":"https:\/\/shop.katja-verlag.de\/en\/product\/poster-nr-pob01\/","title":{"rendered":"Poster no. PoB01"},"content":{"rendered":"<p>Poster no. PoB01<\/p>\n<p>Dieses Poster ist verf\u00fcgbar in den Gr\u00f6\u00dfen B2, B1 und B0.<\/p>\n<p>Schau Dir auch <a href=\"https:\/\/shop.katja-verlag.de\/en\/product-category\/poster\/\">unsere anderen Poster<\/a> an!<\/p>","protected":false},"excerpt":{"rendered":"<p>Poster Nr. PoB01 Dieses Poster ist verf\u00fcgbar in den Gr\u00f6\u00dfen B2, B1 und B0. Schau Dir auch unsere anderen Poster an!<\/p>","protected":false},"featured_media":2696,"comment_status":"open","ping_status":"closed","template":"","meta":{"site-sidebar-layout":"default","site-content-layout":"default","ast-global-header-display":"","ast-main-header-display":"","ast-hfb-above-header-display":"","ast-hfb-below-header-display":"","ast-hfb-mobile-header-display":"","site-post-title":"","ast-breadcrumbs-content":"","ast-featured-img":"","footer-sml-layout":"","theme-transparent-header-meta":"","adv-header-id-meta":"","stick-header-meta":"","header-above-stick-meta":"","header-main-stick-meta":"","header-below-stick-meta":""},"product_brand":[],"product_cat":[63],"product_tag":[45,69,76,44,84,46,200,66,47],"class_list":{"0":"post-1604","1":"product","2":"type-product","3":"status-publish","4":"has-post-thumbnail","6":"product_cat-poster","7":"product_tag-blau","8":"product_tag-fantasy","9":"product_tag-feen","10":"product_tag-fische","11":"product_tag-grau","12":"product_tag-himmel","13":"product_tag-illusion","14":"product_tag-illustration","15":"product_tag-traum","16":"product_shipping_class-versandkostenpauschale","17":"desktop-align-left","18":"tablet-align-left","19":"mobile-align-left","21":"first","22":"instock","23":"taxable","24":"shipping-taxable","25":"purchasable","26":"product-type-variable"},"_links":{"self":[{"href":"https:\/\/shop.katja-verlag.de\/en\/wp-json\/wp\/v2\/product\/1604","targetHints":{"allow":["GET"]}}],"collection":[{"href":"https:\/\/shop.katja-verlag.de\/en\/wp-json\/wp\/v2\/product"}],"about":[{"href":"https:\/\/shop.katja-verlag.de\/en\/wp-json\/wp\/v2\/types\/product"}],"replies":[{"embeddable":true,"href":"https:\/\/shop.katja-verlag.de\/en\/wp-json\/wp\/v2\/comments?post=1604"}],"version-history":[{"count":0,"href":"https:\/\/shop.katja-verlag.de\/en\/wp-json\/wp\/v2\/product\/1604\/revisions"}],"wp:featuredmedia":[{"embeddable":true,"href":"https:\/\/shop.katja-verlag.de\/en\/wp-json\/wp\/v2\/media\/2696"}],"wp:attachment":[{"href":"https:\/\/shop.katja-verlag.de\/en\/wp-json\/wp\/v2\/media?parent=1604"}],"wp:term":[{"taxonomy":"product_brand","embeddable":true,"href":"https:\/\/shop.katja-verlag.de\/en\/wp-json\/wp\/v2\/product_brand?post=1604"},{"taxonomy":"product_cat","embeddable":true,"href":"https:\/\/shop.katja-verlag.de\/en\/wp-json\/wp\/v2\/product_cat?post=1604"},{"taxonomy":"product_tag","embeddable":true,"href":"https:\/\/shop.katja-verlag.de\/en\/wp-json\/wp\/v2\/product_tag?post=1604"}],"curies":[{"name":"wp","href":"https:\/\/api.w.org\/{rel}","templated":true}]}}