{"id":1545,"date":"2019-12-30T14:42:26","date_gmt":"2019-12-30T13:42:26","guid":{"rendered":"https:\/\/shop.katja-verlag.de\/?post_type=product&#038;p=1545"},"modified":"2024-02-24T23:47:57","modified_gmt":"2024-02-24T22:47:57","slug":"postkarte-geburtstag-art-nr-pb03","status":"publish","type":"product","link":"https:\/\/shop.katja-verlag.de\/en\/produkt\/postkarte-geburtstag-art-nr-pb03\/","title":{"rendered":"Postcard birthday no.: PB03"},"content":{"rendered":"<blockquote><p>Postkarte &#8222;Happy Birthday&#8220; No.3 von Ilona Reny: Drei M\u00e4dchen bringen sch\u00f6ne Geschenke, dazu viele bunte V\u00f6gel, Geschenkschachteln, H\u00e4user. Diese Wimmel-Geburtstagskarte bringt Freude und ist eine gute Beigabe zu einem Geburtstagsgeschenk.<\/p>\n<p>&nbsp;<\/p>\n<p>Postkarte DIN A6, einfach, ohne Umschlag<\/p><\/blockquote>","protected":false},"excerpt":{"rendered":"<p>Postkarte DIN A6, einfach, ohne Umschlag<\/p>","protected":false},"featured_media":2357,"comment_status":"open","ping_status":"closed","template":"","meta":{"site-sidebar-layout":"default","site-content-layout":"default","ast-global-header-display":"","ast-main-header-display":"","ast-hfb-above-header-display":"","ast-hfb-below-header-display":"","ast-hfb-mobile-header-display":"","site-post-title":"","ast-breadcrumbs-content":"","ast-featured-img":"","footer-sml-layout":"","theme-transparent-header-meta":"","adv-header-id-meta":"","stick-header-meta":"","header-above-stick-meta":"","header-main-stick-meta":"","header-below-stick-meta":""},"product_brand":[],"product_cat":[194],"product_tag":[],"class_list":{"0":"post-1545","1":"product","2":"type-product","3":"status-publish","4":"has-post-thumbnail","6":"product_cat-postkarten-geburtstag","7":"product_shipping_class-versandkostenpauschale","8":"desktop-align-left","9":"tablet-align-left","10":"mobile-align-left","12":"first","13":"instock","14":"taxable","15":"shipping-taxable","16":"purchasable","17":"product-type-simple"},"_links":{"self":[{"href":"https:\/\/shop.katja-verlag.de\/en\/wp-json\/wp\/v2\/product\/1545","targetHints":{"allow":["GET"]}}],"collection":[{"href":"https:\/\/shop.katja-verlag.de\/en\/wp-json\/wp\/v2\/product"}],"about":[{"href":"https:\/\/shop.katja-verlag.de\/en\/wp-json\/wp\/v2\/types\/product"}],"replies":[{"embeddable":true,"href":"https:\/\/shop.katja-verlag.de\/en\/wp-json\/wp\/v2\/comments?post=1545"}],"version-history":[{"count":2,"href":"https:\/\/shop.katja-verlag.de\/en\/wp-json\/wp\/v2\/product\/1545\/revisions"}],"predecessor-version":[{"id":3549,"href":"https:\/\/shop.katja-verlag.de\/en\/wp-json\/wp\/v2\/product\/1545\/revisions\/3549"}],"wp:featuredmedia":[{"embeddable":true,"href":"https:\/\/shop.katja-verlag.de\/en\/wp-json\/wp\/v2\/media\/2357"}],"wp:attachment":[{"href":"https:\/\/shop.katja-verlag.de\/en\/wp-json\/wp\/v2\/media?parent=1545"}],"wp:term":[{"taxonomy":"product_brand","embeddable":true,"href":"https:\/\/shop.katja-verlag.de\/en\/wp-json\/wp\/v2\/product_brand?post=1545"},{"taxonomy":"product_cat","embeddable":true,"href":"https:\/\/shop.katja-verlag.de\/en\/wp-json\/wp\/v2\/product_cat?post=1545"},{"taxonomy":"product_tag","embeddable":true,"href":"https:\/\/shop.katja-verlag.de\/en\/wp-json\/wp\/v2\/product_tag?post=1545"}],"curies":[{"name":"wp","href":"https:\/\/api.w.org\/{rel}","templated":true}]}}