{"id":1539,"date":"2019-12-30T14:36:22","date_gmt":"2019-12-30T13:36:22","guid":{"rendered":"https:\/\/shop.katja-verlag.de\/?post_type=product&#038;p=1539"},"modified":"2024-02-24T23:39:48","modified_gmt":"2024-02-24T22:39:48","slug":"postkarte-happy-birthday-pb01","status":"publish","type":"product","link":"https:\/\/shop.katja-verlag.de\/en\/produkt\/postkarte-happy-birthday-pb01\/","title":{"rendered":"Postkarte &#8222;Happy Birthday&#8220; No.1 Nr.: PB01"},"content":{"rendered":"<p>Postkarte &#8222;Happy Birthday&#8220; No.1 von Ilona Reny: Eine geheimnisvolle Frau f\u00e4hrt in einem Wagen, welcher von zwei V\u00f6geln gezogen wird. Die V\u00f6gel tragen goldene Kopfbedeckungen, wie festlich geschm\u00fcckte Pferde. Die Frau schaut ganz ruhig und konzentriert und ist auch in goldenem Gewand. Unter dem Bild die goldene Inschrift &#8222;Happy Birthday&#8220;.<\/p>\n<p>Diese Wimmel-Geburtstagskarte ist sehr festlich und erzeugt eine feierliche Stimmung. Diese Postkarte ist eine gute Beigabe zu einem Geburtstagsgeschenk.<\/p>\n<p>&nbsp;<\/p>\n<p>Postkarte DIN A6, einfach, ohne Umschlag<\/p>","protected":false},"excerpt":{"rendered":"<p>Postkarte DIN A6, einfach, ohne Umschlag<\/p>","protected":false},"featured_media":3569,"comment_status":"open","ping_status":"closed","template":"","meta":{"site-sidebar-layout":"default","site-content-layout":"default","ast-global-header-display":"","ast-main-header-display":"","ast-hfb-above-header-display":"","ast-hfb-below-header-display":"","ast-hfb-mobile-header-display":"","site-post-title":"","ast-breadcrumbs-content":"","ast-featured-img":"","footer-sml-layout":"","theme-transparent-header-meta":"","adv-header-id-meta":"","stick-header-meta":"","header-above-stick-meta":"","header-main-stick-meta":"","header-below-stick-meta":""},"product_brand":[],"product_cat":[206],"product_tag":[],"class_list":{"0":"post-1539","1":"product","2":"type-product","3":"status-publish","4":"has-post-thumbnail","6":"product_cat-postkarte-geburtstag-quer","7":"product_shipping_class-versandkostenpauschale","8":"desktop-align-left","9":"tablet-align-left","10":"mobile-align-left","12":"first","13":"instock","14":"taxable","15":"shipping-taxable","16":"purchasable","17":"product-type-simple"},"_links":{"self":[{"href":"https:\/\/shop.katja-verlag.de\/en\/wp-json\/wp\/v2\/product\/1539","targetHints":{"allow":["GET"]}}],"collection":[{"href":"https:\/\/shop.katja-verlag.de\/en\/wp-json\/wp\/v2\/product"}],"about":[{"href":"https:\/\/shop.katja-verlag.de\/en\/wp-json\/wp\/v2\/types\/product"}],"replies":[{"embeddable":true,"href":"https:\/\/shop.katja-verlag.de\/en\/wp-json\/wp\/v2\/comments?post=1539"}],"version-history":[{"count":3,"href":"https:\/\/shop.katja-verlag.de\/en\/wp-json\/wp\/v2\/product\/1539\/revisions"}],"predecessor-version":[{"id":3568,"href":"https:\/\/shop.katja-verlag.de\/en\/wp-json\/wp\/v2\/product\/1539\/revisions\/3568"}],"wp:featuredmedia":[{"embeddable":true,"href":"https:\/\/shop.katja-verlag.de\/en\/wp-json\/wp\/v2\/media\/3569"}],"wp:attachment":[{"href":"https:\/\/shop.katja-verlag.de\/en\/wp-json\/wp\/v2\/media?parent=1539"}],"wp:term":[{"taxonomy":"product_brand","embeddable":true,"href":"https:\/\/shop.katja-verlag.de\/en\/wp-json\/wp\/v2\/product_brand?post=1539"},{"taxonomy":"product_cat","embeddable":true,"href":"https:\/\/shop.katja-verlag.de\/en\/wp-json\/wp\/v2\/product_cat?post=1539"},{"taxonomy":"product_tag","embeddable":true,"href":"https:\/\/shop.katja-verlag.de\/en\/wp-json\/wp\/v2\/product_tag?post=1539"}],"curies":[{"name":"wp","href":"https:\/\/api.w.org\/{rel}","templated":true}]}}