{"id":1535,"date":"2019-12-28T15:55:24","date_gmt":"2019-12-28T14:55:24","guid":{"rendered":"https:\/\/shop.katja-verlag.de\/?post_type=product&#038;p=1535"},"modified":"2022-08-18T10:30:38","modified_gmt":"2022-08-18T08:30:38","slug":"poster-nr-a1-01-aus-kristina-und-bianca","status":"publish","type":"product","link":"https:\/\/shop.katja-verlag.de\/en\/produkt\/poster-nr-a1-01-aus-kristina-und-bianca\/","title":{"rendered":"Poster Nr. 1 aus &#8222;Kristina und Bianca&#8220;"},"content":{"rendered":"<p>Poster Nr. 14 aus &#8222;Thomas und das Meer&#8220;<\/p>\n<p>Dieses Poster hat ein Ma\u00df von 120 cm breit und 59,7 cm hoch. Andere Gr\u00f6\u00dfen und ein anderes Bild k\u00f6nnen Sie bei uns anfragen. Prinzipiell l\u00e4sst sich jede Illustration, die Sie in einem der B\u00fccher finden, als Poster bestellen.<br \/>\nDie Bilder eignen sich gut f\u00fcr Kinderzimmer aber auch in anderen Zimmern sehen die Poster gut aus. Die kunstvolle und verspielte Art, wie Ilona Reny ihre B\u00fccher illustriert, ist einfach nur sch\u00f6n anzusehen.<\/p>\n<p>Schau Dir auch <a href=\"https:\/\/shop.katja-verlag.de\/en\/product-category\/poster\/\">unsere anderen Poster<\/a> an!<\/p>","protected":false},"excerpt":{"rendered":"<p>Poster Nr. Din A1 01 aus &#8222;Kristina und Bianca&#8220;<\/p>\n<p>Dieses Poster hat in der Gr\u00f6\u00dfe DIN A1. Andere Gr\u00f6\u00dfen und ein anderes Bild k\u00f6nnen Sie bei uns anfragen. Prinzipiell l\u00e4sst sich jede Illustration, die Sie in einem der B\u00fccher finden, als Poster bestellen.<br \/>\nDie Bilder eignen sich gut f\u00fcr Kinderzimmer aber auch in anderen Zimmern sehen die Poster gut aus. Die kunstvolle und verspielte Art, wie Ilona Reny ihre B\u00fccher illustriert, ist einfach nur sch\u00f6n anzusehen.<\/p>","protected":false},"featured_media":2695,"comment_status":"open","ping_status":"closed","template":"","meta":{"site-sidebar-layout":"default","site-content-layout":"default","ast-global-header-display":"","ast-main-header-display":"","ast-hfb-above-header-display":"","ast-hfb-below-header-display":"","ast-hfb-mobile-header-display":"","site-post-title":"","ast-breadcrumbs-content":"","ast-featured-img":"","footer-sml-layout":"","theme-transparent-header-meta":"","adv-header-id-meta":"","stick-header-meta":"","header-above-stick-meta":"","header-main-stick-meta":"","header-below-stick-meta":""},"product_brand":[],"product_cat":[63],"product_tag":[45,69,44,84,80,46,66,85,82,64,70,47],"class_list":{"0":"post-1535","1":"product","2":"type-product","3":"status-publish","4":"has-post-thumbnail","6":"product_cat-poster","7":"product_tag-blau","8":"product_tag-fantasy","9":"product_tag-fische","10":"product_tag-grau","11":"product_tag-hamster","12":"product_tag-himmel","13":"product_tag-illustration","14":"product_tag-maeuse","15":"product_tag-meer","16":"product_tag-poster","17":"product_tag-suess","18":"product_tag-traum","19":"product_shipping_class-versandkostenpauschale","20":"desktop-align-left","21":"tablet-align-left","22":"mobile-align-left","24":"first","25":"instock","26":"taxable","27":"shipping-taxable","28":"purchasable","29":"product-type-simple"},"_links":{"self":[{"href":"https:\/\/shop.katja-verlag.de\/en\/wp-json\/wp\/v2\/product\/1535","targetHints":{"allow":["GET"]}}],"collection":[{"href":"https:\/\/shop.katja-verlag.de\/en\/wp-json\/wp\/v2\/product"}],"about":[{"href":"https:\/\/shop.katja-verlag.de\/en\/wp-json\/wp\/v2\/types\/product"}],"replies":[{"embeddable":true,"href":"https:\/\/shop.katja-verlag.de\/en\/wp-json\/wp\/v2\/comments?post=1535"}],"version-history":[{"count":2,"href":"https:\/\/shop.katja-verlag.de\/en\/wp-json\/wp\/v2\/product\/1535\/revisions"}],"predecessor-version":[{"id":4631,"href":"https:\/\/shop.katja-verlag.de\/en\/wp-json\/wp\/v2\/product\/1535\/revisions\/4631"}],"wp:featuredmedia":[{"embeddable":true,"href":"https:\/\/shop.katja-verlag.de\/en\/wp-json\/wp\/v2\/media\/2695"}],"wp:attachment":[{"href":"https:\/\/shop.katja-verlag.de\/en\/wp-json\/wp\/v2\/media?parent=1535"}],"wp:term":[{"taxonomy":"product_brand","embeddable":true,"href":"https:\/\/shop.katja-verlag.de\/en\/wp-json\/wp\/v2\/product_brand?post=1535"},{"taxonomy":"product_cat","embeddable":true,"href":"https:\/\/shop.katja-verlag.de\/en\/wp-json\/wp\/v2\/product_cat?post=1535"},{"taxonomy":"product_tag","embeddable":true,"href":"https:\/\/shop.katja-verlag.de\/en\/wp-json\/wp\/v2\/product_tag?post=1535"}],"curies":[{"name":"wp","href":"https:\/\/api.w.org\/{rel}","templated":true}]}}