{"id":1496,"date":"2019-12-27T11:03:06","date_gmt":"2019-12-27T10:03:06","guid":{"rendered":"https:\/\/shop.katja-verlag.de\/?post_type=product&#038;p=1496"},"modified":"2024-02-24T23:26:51","modified_gmt":"2024-02-24T22:26:51","slug":"doppelkarte-happy-birthday-little-fairy-art-nr-db03","status":"publish","type":"product","link":"https:\/\/shop.katja-verlag.de\/en\/produkt\/doppelkarte-happy-birthday-little-fairy-art-nr-db03\/","title":{"rendered":"Doppelkarte &#8222;Happy Birthday Little Fairy&#8220; Nr.: DB02"},"content":{"rendered":"<p>&#8222;Happy Birthday Little Fairy&#8220; Doppelkarte von Ilona Reny<\/p>\n<p>Ein M\u00e4dchen im Hut und einem pr\u00e4chtigen Vintage Kleid schaukelt auf einer Kettenschaukel im Stehen und riecht an einer Lilie. Um sie herum offene K\u00e4fige, ganz viele Geschenke, Schmetterlinge und bunte V\u00f6gel. Dazu die Inschrift &#8222;Happy Birthday&#8220;.<\/p>\n<p>Greeting cards\/double cards B6 format with envelope, individually cellophaned<\/p>","protected":false},"excerpt":{"rendered":"<p>Greeting cards\/double cards B6 format with envelope, individually cellophaned<\/p>","protected":false},"featured_media":2277,"comment_status":"open","ping_status":"closed","template":"","meta":{"site-sidebar-layout":"default","site-content-layout":"default","ast-global-header-display":"","ast-main-header-display":"","ast-hfb-above-header-display":"","ast-hfb-below-header-display":"","ast-hfb-mobile-header-display":"","site-post-title":"","ast-breadcrumbs-content":"","ast-featured-img":"","footer-sml-layout":"","theme-transparent-header-meta":"","adv-header-id-meta":"","stick-header-meta":"","header-above-stick-meta":"","header-main-stick-meta":"","header-below-stick-meta":""},"product_brand":[],"product_cat":[192],"product_tag":[],"class_list":{"0":"post-1496","1":"product","2":"type-product","3":"status-publish","4":"has-post-thumbnail","6":"product_cat-grusskarten-geburtstag","7":"product_shipping_class-versandkostenpauschale","8":"desktop-align-left","9":"tablet-align-left","10":"mobile-align-left","12":"first","13":"instock","14":"featured","15":"taxable","16":"shipping-taxable","17":"purchasable","18":"product-type-simple"},"_links":{"self":[{"href":"https:\/\/shop.katja-verlag.de\/en\/wp-json\/wp\/v2\/product\/1496","targetHints":{"allow":["GET"]}}],"collection":[{"href":"https:\/\/shop.katja-verlag.de\/en\/wp-json\/wp\/v2\/product"}],"about":[{"href":"https:\/\/shop.katja-verlag.de\/en\/wp-json\/wp\/v2\/types\/product"}],"replies":[{"embeddable":true,"href":"https:\/\/shop.katja-verlag.de\/en\/wp-json\/wp\/v2\/comments?post=1496"}],"version-history":[{"count":3,"href":"https:\/\/shop.katja-verlag.de\/en\/wp-json\/wp\/v2\/product\/1496\/revisions"}],"predecessor-version":[{"id":3615,"href":"https:\/\/shop.katja-verlag.de\/en\/wp-json\/wp\/v2\/product\/1496\/revisions\/3615"}],"wp:featuredmedia":[{"embeddable":true,"href":"https:\/\/shop.katja-verlag.de\/en\/wp-json\/wp\/v2\/media\/2277"}],"wp:attachment":[{"href":"https:\/\/shop.katja-verlag.de\/en\/wp-json\/wp\/v2\/media?parent=1496"}],"wp:term":[{"taxonomy":"product_brand","embeddable":true,"href":"https:\/\/shop.katja-verlag.de\/en\/wp-json\/wp\/v2\/product_brand?post=1496"},{"taxonomy":"product_cat","embeddable":true,"href":"https:\/\/shop.katja-verlag.de\/en\/wp-json\/wp\/v2\/product_cat?post=1496"},{"taxonomy":"product_tag","embeddable":true,"href":"https:\/\/shop.katja-verlag.de\/en\/wp-json\/wp\/v2\/product_tag?post=1496"}],"curies":[{"name":"wp","href":"https:\/\/api.w.org\/{rel}","templated":true}]}}