{"id":1494,"date":"2019-12-27T11:00:37","date_gmt":"2019-12-27T10:00:37","guid":{"rendered":"https:\/\/shop.katja-verlag.de\/?post_type=product&#038;p=1494"},"modified":"2024-02-24T23:26:51","modified_gmt":"2024-02-24T22:26:51","slug":"doppelkarte-happy-birthday-princess-nr-db04","status":"publish","type":"product","link":"https:\/\/shop.katja-verlag.de\/en\/produkt\/doppelkarte-happy-birthday-princess-nr-db04\/","title":{"rendered":"Doppelkarte &#8222;Happy Birthday Princess&#8220; Nr.: DB04"},"content":{"rendered":"<p>Doppelkarte &#8222;Happy Birthday Princess&#8220;\u00a0von Ilona Reny<\/p>\n<p>Ein M\u00e4dchen mit &#8222;Big Hair&#8220;, pink-roten Str\u00fcmpfen und braunem Kleid balanciert auf einer gro\u00dfen Holz-Schaukel. Sie tr\u00e4gt ein Geschenk in der Hand. Ein gro\u00dfer Schmetterling bringt ihr einen gro\u00dfen roten Apfel. Unter ihnen eine wundersch\u00f6ne alte Stadt mit historischen Geb\u00e4uden.\u00a0 Das besondere an dieser Stadt: hier wachsen B\u00e4ume auf D\u00e4chern. \u00dcber dem Bild die Inschrift &#8222;Happy Birthday&#8220; und dazu viele Schmetterlinge, V\u00f6gel und Fische.<\/p>\n<p>&nbsp;<\/p>\n<p>Greeting cards\/double cards B6 format with envelope, individually cellophaned<\/p>","protected":false},"excerpt":{"rendered":"<p>Greeting cards\/double cards B6 format with envelope, individually cellophaned<\/p>","protected":false},"featured_media":2279,"comment_status":"open","ping_status":"closed","template":"","meta":{"site-sidebar-layout":"default","site-content-layout":"default","ast-global-header-display":"","ast-main-header-display":"","ast-hfb-above-header-display":"","ast-hfb-below-header-display":"","ast-hfb-mobile-header-display":"","site-post-title":"","ast-breadcrumbs-content":"","ast-featured-img":"","footer-sml-layout":"","theme-transparent-header-meta":"","adv-header-id-meta":"","stick-header-meta":"","header-above-stick-meta":"","header-main-stick-meta":"","header-below-stick-meta":""},"product_brand":[],"product_cat":[192],"product_tag":[],"class_list":{"0":"post-1494","1":"product","2":"type-product","3":"status-publish","4":"has-post-thumbnail","6":"product_cat-grusskarten-geburtstag","7":"product_shipping_class-versandkostenpauschale","8":"desktop-align-left","9":"tablet-align-left","10":"mobile-align-left","12":"first","13":"instock","14":"featured","15":"taxable","16":"shipping-taxable","17":"purchasable","18":"product-type-simple"},"_links":{"self":[{"href":"https:\/\/shop.katja-verlag.de\/en\/wp-json\/wp\/v2\/product\/1494","targetHints":{"allow":["GET"]}}],"collection":[{"href":"https:\/\/shop.katja-verlag.de\/en\/wp-json\/wp\/v2\/product"}],"about":[{"href":"https:\/\/shop.katja-verlag.de\/en\/wp-json\/wp\/v2\/types\/product"}],"replies":[{"embeddable":true,"href":"https:\/\/shop.katja-verlag.de\/en\/wp-json\/wp\/v2\/comments?post=1494"}],"version-history":[{"count":2,"href":"https:\/\/shop.katja-verlag.de\/en\/wp-json\/wp\/v2\/product\/1494\/revisions"}],"predecessor-version":[{"id":3616,"href":"https:\/\/shop.katja-verlag.de\/en\/wp-json\/wp\/v2\/product\/1494\/revisions\/3616"}],"wp:featuredmedia":[{"embeddable":true,"href":"https:\/\/shop.katja-verlag.de\/en\/wp-json\/wp\/v2\/media\/2279"}],"wp:attachment":[{"href":"https:\/\/shop.katja-verlag.de\/en\/wp-json\/wp\/v2\/media?parent=1494"}],"wp:term":[{"taxonomy":"product_brand","embeddable":true,"href":"https:\/\/shop.katja-verlag.de\/en\/wp-json\/wp\/v2\/product_brand?post=1494"},{"taxonomy":"product_cat","embeddable":true,"href":"https:\/\/shop.katja-verlag.de\/en\/wp-json\/wp\/v2\/product_cat?post=1494"},{"taxonomy":"product_tag","embeddable":true,"href":"https:\/\/shop.katja-verlag.de\/en\/wp-json\/wp\/v2\/product_tag?post=1494"}],"curies":[{"name":"wp","href":"https:\/\/api.w.org\/{rel}","templated":true}]}}