{"id":1493,"date":"2019-12-27T10:59:39","date_gmt":"2019-12-27T09:59:39","guid":{"rendered":"https:\/\/shop.katja-verlag.de\/?post_type=product&#038;p=1493"},"modified":"2024-02-24T23:29:44","modified_gmt":"2024-02-24T22:29:44","slug":"doppelkarte-pink-beauty-nr-d30","status":"publish","type":"product","link":"https:\/\/shop.katja-verlag.de\/en\/produkt\/doppelkarte-pink-beauty-nr-d30\/","title":{"rendered":"Doppelkarte &#8222;Pink Beauty&#8220; Nr.: D30"},"content":{"rendered":"<p>&#8222;Pink Beauty&#8220; von Ilona Reny<\/p>\n<p>Greeting cards\/double cards B6 format with envelope, individually cellophaned<\/p>\n<p>Diese Gru\u00dfkarte ist voller V\u00f6gel und leerer Vogelk\u00e4fige. Jeder dieser V\u00f6gel ist einzigartig und frei und lebt jenseits seines K\u00e4figs. Diese Karte ist ein Symbol f\u00fcr die innere Freiheit des Denkens und F\u00fchlens und gleichzeitig ist es eine sehr dekorative, sch\u00f6ne Karte in rosa, die zu vielen Anl\u00e4ssen passt.<\/p>","protected":false},"excerpt":{"rendered":"<p>Greeting cards\/double cards B6 format with envelope, individually cellophaned<\/p>","protected":false},"featured_media":2275,"comment_status":"open","ping_status":"closed","template":"","meta":{"site-sidebar-layout":"default","site-content-layout":"default","ast-global-header-display":"","ast-main-header-display":"","ast-hfb-above-header-display":"","ast-hfb-below-header-display":"","ast-hfb-mobile-header-display":"","site-post-title":"","ast-breadcrumbs-content":"","ast-featured-img":"","footer-sml-layout":"","theme-transparent-header-meta":"","adv-header-id-meta":"","stick-header-meta":"","header-above-stick-meta":"","header-main-stick-meta":"","header-below-stick-meta":""},"product_brand":[],"product_cat":[205],"product_tag":[],"class_list":{"0":"post-1493","1":"product","2":"type-product","3":"status-publish","4":"has-post-thumbnail","6":"product_cat-grusskarten-quer","7":"product_shipping_class-versandkostenpauschale","8":"desktop-align-left","9":"tablet-align-left","10":"mobile-align-left","12":"first","13":"instock","14":"featured","15":"taxable","16":"shipping-taxable","17":"purchasable","18":"product-type-simple"},"_links":{"self":[{"href":"https:\/\/shop.katja-verlag.de\/en\/wp-json\/wp\/v2\/product\/1493","targetHints":{"allow":["GET"]}}],"collection":[{"href":"https:\/\/shop.katja-verlag.de\/en\/wp-json\/wp\/v2\/product"}],"about":[{"href":"https:\/\/shop.katja-verlag.de\/en\/wp-json\/wp\/v2\/types\/product"}],"replies":[{"embeddable":true,"href":"https:\/\/shop.katja-verlag.de\/en\/wp-json\/wp\/v2\/comments?post=1493"}],"version-history":[{"count":2,"href":"https:\/\/shop.katja-verlag.de\/en\/wp-json\/wp\/v2\/product\/1493\/revisions"}],"predecessor-version":[{"id":3510,"href":"https:\/\/shop.katja-verlag.de\/en\/wp-json\/wp\/v2\/product\/1493\/revisions\/3510"}],"wp:featuredmedia":[{"embeddable":true,"href":"https:\/\/shop.katja-verlag.de\/en\/wp-json\/wp\/v2\/media\/2275"}],"wp:attachment":[{"href":"https:\/\/shop.katja-verlag.de\/en\/wp-json\/wp\/v2\/media?parent=1493"}],"wp:term":[{"taxonomy":"product_brand","embeddable":true,"href":"https:\/\/shop.katja-verlag.de\/en\/wp-json\/wp\/v2\/product_brand?post=1493"},{"taxonomy":"product_cat","embeddable":true,"href":"https:\/\/shop.katja-verlag.de\/en\/wp-json\/wp\/v2\/product_cat?post=1493"},{"taxonomy":"product_tag","embeddable":true,"href":"https:\/\/shop.katja-verlag.de\/en\/wp-json\/wp\/v2\/product_tag?post=1493"}],"curies":[{"name":"wp","href":"https:\/\/api.w.org\/{rel}","templated":true}]}}