{"id":136,"date":"2017-10-07T22:40:25","date_gmt":"2017-10-07T20:40:25","guid":{"rendered":"http:\/\/shop.katja-verlag.de\/?post_type=product&#038;p=136"},"modified":"2024-03-09T14:02:41","modified_gmt":"2024-03-09T13:02:41","slug":"poster-nr-08-aus-thomas-und-das-meer","status":"publish","type":"product","link":"https:\/\/shop.katja-verlag.de\/en\/produkt\/poster-nr-08-aus-thomas-und-das-meer\/","title":{"rendered":"Poster no. 08 from \"Thomas und das Meer\""},"content":{"rendered":"<p>Poster Nr. 08 aus &#8222;Thomas und das Meer&#8220;<\/p>\n<p>Dieses Poster hat ein Ma\u00df von 120 cm x 59,7 cm. Andere Gr\u00f6\u00dfen und ein anderes Bild k\u00f6nnen Sie bei uns anfragen. Prinzipiell l\u00e4sst sich jede Illustration, die Sie in einem der B\u00fccher finden, als Poster bestellen.<\/p>\n<p>Die Bilder eignen sich gut f\u00fcr Kinderzimmer aber auch in anderen Zimmern sehen die Poster gut aus. Die kunstvolle und verspielte Art, wie Ilona Reny ihre B\u00fccher illustriert, ist einfach nur sch\u00f6n anzusehen.<\/p>\n<p>Schau Dir auch <a href=\"https:\/\/shop.katja-verlag.de\/en\/product-category\/poster\/\">unsere anderen Poster<\/a> an!<\/p>","protected":false},"excerpt":{"rendered":"<p>Poster Nr. 08 aus &#8222;Thomas und das Meer&#8220;<\/p>\n<p>Unsere Poster haben ein Ma\u00df von 120 cm breit und 59,7 cm hoch. Andere Gr\u00f6\u00dfen und ein anderes Bild k\u00f6nnen Sie bei uns anfragen. Prinzipiell l\u00e4sst sich jede Illustration, die Sie in einem der B\u00fccher finden, als Poster bestellen.<br \/>\nDie Bilder eignen sich gut f\u00fcr Kinderzimmer aber auch in anderen Zimmern sehen die Poster gut aus. Die kunstvolle und verspielte Art, wie Ilona Reny ihre B\u00fccher illustriert, ist einfach nur sch\u00f6n anzusehen.<\/p>","protected":false},"featured_media":2688,"comment_status":"open","ping_status":"closed","template":"","meta":{"site-sidebar-layout":"default","site-content-layout":"default","ast-global-header-display":"","ast-main-header-display":"","ast-hfb-above-header-display":"","ast-hfb-below-header-display":"","ast-hfb-mobile-header-display":"","site-post-title":"","ast-breadcrumbs-content":"","ast-featured-img":"","footer-sml-layout":"","theme-transparent-header-meta":"","adv-header-id-meta":"","stick-header-meta":"","header-above-stick-meta":"","header-main-stick-meta":"","header-below-stick-meta":""},"product_brand":[],"product_cat":[63],"product_tag":[45,83,69,80,46,66,82,64,58,70,47],"class_list":{"0":"post-136","1":"product","2":"type-product","3":"status-publish","4":"has-post-thumbnail","6":"product_cat-poster","7":"product_tag-blau","8":"product_tag-buecher","9":"product_tag-fantasy","10":"product_tag-hamster","11":"product_tag-himmel","12":"product_tag-illustration","13":"product_tag-meer","14":"product_tag-poster","15":"product_tag-rosa","16":"product_tag-suess","17":"product_tag-traum","18":"product_shipping_class-versandkostenpauschale","19":"desktop-align-left","20":"tablet-align-left","21":"mobile-align-left","23":"first","24":"instock","25":"taxable","26":"shipping-taxable","27":"purchasable","28":"product-type-simple"},"_links":{"self":[{"href":"https:\/\/shop.katja-verlag.de\/en\/wp-json\/wp\/v2\/product\/136","targetHints":{"allow":["GET"]}}],"collection":[{"href":"https:\/\/shop.katja-verlag.de\/en\/wp-json\/wp\/v2\/product"}],"about":[{"href":"https:\/\/shop.katja-verlag.de\/en\/wp-json\/wp\/v2\/types\/product"}],"replies":[{"embeddable":true,"href":"https:\/\/shop.katja-verlag.de\/en\/wp-json\/wp\/v2\/comments?post=136"}],"version-history":[{"count":1,"href":"https:\/\/shop.katja-verlag.de\/en\/wp-json\/wp\/v2\/product\/136\/revisions"}],"predecessor-version":[{"id":4638,"href":"https:\/\/shop.katja-verlag.de\/en\/wp-json\/wp\/v2\/product\/136\/revisions\/4638"}],"wp:featuredmedia":[{"embeddable":true,"href":"https:\/\/shop.katja-verlag.de\/en\/wp-json\/wp\/v2\/media\/2688"}],"wp:attachment":[{"href":"https:\/\/shop.katja-verlag.de\/en\/wp-json\/wp\/v2\/media?parent=136"}],"wp:term":[{"taxonomy":"product_brand","embeddable":true,"href":"https:\/\/shop.katja-verlag.de\/en\/wp-json\/wp\/v2\/product_brand?post=136"},{"taxonomy":"product_cat","embeddable":true,"href":"https:\/\/shop.katja-verlag.de\/en\/wp-json\/wp\/v2\/product_cat?post=136"},{"taxonomy":"product_tag","embeddable":true,"href":"https:\/\/shop.katja-verlag.de\/en\/wp-json\/wp\/v2\/product_tag?post=136"}],"curies":[{"name":"wp","href":"https:\/\/api.w.org\/{rel}","templated":true}]}}