{"id":134,"date":"2017-10-07T22:39:49","date_gmt":"2017-10-07T20:39:49","guid":{"rendered":"http:\/\/shop.katja-verlag.de\/?post_type=product&#038;p=134"},"modified":"2022-08-18T10:30:39","modified_gmt":"2022-08-18T08:30:39","slug":"poster-dreaming-of-the-sea-nr-06","status":"publish","type":"product","link":"https:\/\/shop.katja-verlag.de\/en\/produkt\/poster-dreaming-of-the-sea-nr-06\/","title":{"rendered":"Poster &#8222;Dreaming of the Sea&#8220; Nr. 06 aus Thomas und das Meer"},"content":{"rendered":"<p>Poster Poster &#8222;Dreaming of the Sea&#8220; Nr. 06 aus &#8222;Thomas und das Meer&#8220;<\/p>\n<p>Dieses Poster ist Teil des Buches &#8222;Thomas und das Meer&#8220;. Es handelt von einem kleinen wei\u00dfen Hamster &#8222;Thomas&#8220;, dem es gelingt, ans Meer zu gehen, an den Ort, den er sein ganzes Leben lang besuchen wollte. Trotz seiner Gr\u00f6\u00dfe reist er um die Welt, lernt neue Freunde kennen und macht all die aufregenden Dinge, die ihn gl\u00fccklich machen.<\/p>\n<p>Dieses Poster hat ein Ma\u00df von 120 cm x 59,7 cm. Andere Gr\u00f6\u00dfen und ein anderes Bild k\u00f6nnen Sie bei uns anfragen. Prinzipiell l\u00e4sst sich jede Illustration, die Sie in einem der B\u00fccher finden, als Poster bestellen.<\/p>\n<p>Die Bilder eignen sich gut f\u00fcr Kinderzimmer aber auch in anderen Zimmern sehen die Poster gut aus. Die kunstvolle und verspielte Art, wie Ilona Reny ihre B\u00fccher illustriert, ist einfach nur sch\u00f6n anzusehen.<\/p>\n<p>Schau Dir auch <a href=\"https:\/\/shop.katja-verlag.de\/en\/product-category\/poster\/\">unsere anderen Poster<\/a> an!<\/p>","protected":false},"excerpt":{"rendered":"<p>Poster Nr. 06 aus &#8222;Thomas und das Meer&#8220;<\/p>\n<p>Unsere Poster haben ein Ma\u00df von 120 cm breit und 59,7 cm hoch. Andere Gr\u00f6\u00dfen und ein anderes Bild k\u00f6nnen Sie bei uns anfragen. Prinzipiell l\u00e4sst sich jede Illustration, die Sie in einem der B\u00fccher finden, als Poster bestellen.<br \/>\nDie Bilder eignen sich gut f\u00fcr Kinderzimmer aber auch in anderen Zimmern sehen die Poster gut aus. Die kunstvolle und verspielte Art, wie Ilona Reny ihre B\u00fccher illustriert, ist einfach nur sch\u00f6n anzusehen.<\/p>","protected":false},"featured_media":2685,"comment_status":"open","ping_status":"closed","template":"","meta":{"site-sidebar-layout":"default","site-content-layout":"default","ast-global-header-display":"","ast-main-header-display":"","ast-hfb-above-header-display":"","ast-hfb-below-header-display":"","ast-hfb-mobile-header-display":"","site-post-title":"","ast-breadcrumbs-content":"","ast-featured-img":"","footer-sml-layout":"","theme-transparent-header-meta":"","adv-header-id-meta":"","stick-header-meta":"","header-above-stick-meta":"","header-main-stick-meta":"","header-below-stick-meta":""},"product_brand":[],"product_cat":[63],"product_tag":[],"class_list":{"0":"post-134","1":"product","2":"type-product","3":"status-publish","4":"has-post-thumbnail","6":"product_cat-poster","7":"product_shipping_class-versandkostenpauschale","8":"desktop-align-left","9":"tablet-align-left","10":"mobile-align-left","12":"first","13":"instock","14":"taxable","15":"shipping-taxable","16":"purchasable","17":"product-type-simple"},"_links":{"self":[{"href":"https:\/\/shop.katja-verlag.de\/en\/wp-json\/wp\/v2\/product\/134","targetHints":{"allow":["GET"]}}],"collection":[{"href":"https:\/\/shop.katja-verlag.de\/en\/wp-json\/wp\/v2\/product"}],"about":[{"href":"https:\/\/shop.katja-verlag.de\/en\/wp-json\/wp\/v2\/types\/product"}],"replies":[{"embeddable":true,"href":"https:\/\/shop.katja-verlag.de\/en\/wp-json\/wp\/v2\/comments?post=134"}],"version-history":[{"count":2,"href":"https:\/\/shop.katja-verlag.de\/en\/wp-json\/wp\/v2\/product\/134\/revisions"}],"predecessor-version":[{"id":3558,"href":"https:\/\/shop.katja-verlag.de\/en\/wp-json\/wp\/v2\/product\/134\/revisions\/3558"}],"wp:featuredmedia":[{"embeddable":true,"href":"https:\/\/shop.katja-verlag.de\/en\/wp-json\/wp\/v2\/media\/2685"}],"wp:attachment":[{"href":"https:\/\/shop.katja-verlag.de\/en\/wp-json\/wp\/v2\/media?parent=134"}],"wp:term":[{"taxonomy":"product_brand","embeddable":true,"href":"https:\/\/shop.katja-verlag.de\/en\/wp-json\/wp\/v2\/product_brand?post=134"},{"taxonomy":"product_cat","embeddable":true,"href":"https:\/\/shop.katja-verlag.de\/en\/wp-json\/wp\/v2\/product_cat?post=134"},{"taxonomy":"product_tag","embeddable":true,"href":"https:\/\/shop.katja-verlag.de\/en\/wp-json\/wp\/v2\/product_tag?post=134"}],"curies":[{"name":"wp","href":"https:\/\/api.w.org\/{rel}","templated":true}]}}